{"id":10482,"date":"2025-10-09T00:00:00","date_gmt":"2025-10-08T22:00:00","guid":{"rendered":"https:\/\/yotavis.ch\/product\/it-m3804-300-40\/"},"modified":"2026-04-24T13:42:51","modified_gmt":"2026-04-24T11:42:51","slug":"it-m3804-300-40","status":"publish","type":"product","link":"https:\/\/yotavis.ch\/de\/produkt\/it-m3804-300-40\/","title":{"rendered":"IT-M3804-300-40"},"content":{"rendered":"<p>Die ITECH IT-M3804-300-40 ist eine regenerative elektronische Gleichstromlast, die f\u00fcr eine maximale Spannung von 300 V und einen Strom von bis zu 40 A ausgelegt ist. Sie liefert eine Leistung von 4000W und ist damit f\u00fcr verschiedene Testanwendungen geeignet, die eine hohe Verlustleistung erfordern. Das Ger\u00e4t verf\u00fcgt \u00fcber einen einzigen Ausgangskanal und unterst\u00fctzt die Fernsteuerungsfunktionalit\u00e4t, was einen bequemen Betrieb und die Integration in automatisierte Testsysteme erm\u00f6glicht. Das Ger\u00e4t ist kompakt mit einer Gr\u00f6\u00dfe von 1U, was eine einfache Installation in Standard-Racks erm\u00f6glicht. Seine Regenerationsf\u00e4higkeit erm\u00f6glicht die Energier\u00fcckgewinnung w\u00e4hrend der Pr\u00fcfung, wodurch die Effizienz verbessert und die W\u00e4rmeentwicklung reduziert wird. Das Design konzentriert sich auf die Bereitstellung pr\u00e4ziser und zuverl\u00e4ssiger Lastbedingungen f\u00fcr DC-Stromquellen. Dieses Modell ist Teil der Marke ITECH, die f\u00fcr die Herstellung von elektronischen Testger\u00e4ten bekannt ist.<\/p>","protected":false},"excerpt":{"rendered":"<p>300V, 40A, 4kW R\u00fcckspeisef\u00e4hige elektronische DC-Last, 1U Gr\u00f6\u00dfe<\/p>","protected":false},"featured_media":11160,"comment_status":"closed","ping_status":"closed","template":"","meta":{"_acf_changed":false,"slim_seo":{"title":"IT-M3804-300-40 - YOTAVIS AG","description":"300V, 40A, 4kW R\u00fcckspeisef\u00e4hige elektronische DC-Last, 1U Gr\u00f6\u00dfe"}},"product_brand":[822],"product_cat":[517,515],"product_tag":[],"class_list":{"0":"post-10482","1":"product","2":"type-product","3":"status-publish","4":"has-post-thumbnail","6":"product_brand-itech","7":"product_cat-dc-load-en","8":"product_cat-power-en","9":"pa_current-a-550","10":"pa_output-number-146","11":"pa_power-w-611","12":"pa_remote-control-yes","13":"pa_voltage-v-624","15":"first","16":"instock","17":"taxable","18":"shipping-taxable","19":"product-type-simple"},"acf":[],"_links":{"self":[{"href":"https:\/\/yotavis.ch\/de\/wp-json\/wp\/v2\/product\/10482","targetHints":{"allow":["GET"]}}],"collection":[{"href":"https:\/\/yotavis.ch\/de\/wp-json\/wp\/v2\/product"}],"about":[{"href":"https:\/\/yotavis.ch\/de\/wp-json\/wp\/v2\/types\/product"}],"replies":[{"embeddable":true,"href":"https:\/\/yotavis.ch\/de\/wp-json\/wp\/v2\/comments?post=10482"}],"wp:featuredmedia":[{"embeddable":true,"href":"https:\/\/yotavis.ch\/de\/wp-json\/wp\/v2\/media\/11160"}],"wp:attachment":[{"href":"https:\/\/yotavis.ch\/de\/wp-json\/wp\/v2\/media?parent=10482"}],"wp:term":[{"taxonomy":"product_brand","embeddable":true,"href":"https:\/\/yotavis.ch\/de\/wp-json\/wp\/v2\/product_brand?post=10482"},{"taxonomy":"product_cat","embeddable":true,"href":"https:\/\/yotavis.ch\/de\/wp-json\/wp\/v2\/product_cat?post=10482"},{"taxonomy":"product_tag","embeddable":true,"href":"https:\/\/yotavis.ch\/de\/wp-json\/wp\/v2\/product_tag?post=10482"}],"curies":[{"name":"wp","href":"https:\/\/api.w.org\/{rel}","templated":true}]}}