{"id":10483,"date":"2025-10-09T00:00:00","date_gmt":"2025-10-08T22:00:00","guid":{"rendered":"https:\/\/yotavis.ch\/product\/it-m3806-300-60\/"},"modified":"2026-04-24T13:42:51","modified_gmt":"2026-04-24T11:42:51","slug":"it-m3806-300-60","status":"publish","type":"product","link":"https:\/\/yotavis.ch\/de\/produkt\/it-m3806-300-60\/","title":{"rendered":"IT-M3806-300-60"},"content":{"rendered":"<p>Die ITECH IT-M3806-300-60 ist eine regenerative elektronische Gleichstromlast, die f\u00fcr eine maximale Spannung von 300 V und einen Strom von bis zu 60 A ausgelegt ist. Sie liefert eine Leistung von 6 kW und ist damit f\u00fcr verschiedene Test- und Messanwendungen geeignet. Dieses Ger\u00e4t hat eine kompakte Gr\u00f6\u00dfe von 1U, was eine effiziente Nutzung des Platzes in den Racks erm\u00f6glicht. Es verf\u00fcgt \u00fcber einen einzigen Ausgangskanal, der eine gezielte und pr\u00e4zise Laststeuerung erm\u00f6glicht. Es wird eine Fernsteuerungsfunktion unterst\u00fctzt, die es dem Benutzer erm\u00f6glicht, das Ger\u00e4t aus der Ferne zu bedienen, um es bequem und sicher zu machen. Die Kombination aus hohen Leistungs-, Spannungs- und Stromwerten macht diese elektronische Last vielseitig f\u00fcr anspruchsvolle elektrische Testszenarien einsetzbar. Das Design betont sowohl die Leistung als auch die Zweckm\u00e4\u00dfigkeit in einem schlanken Formfaktor.<\/p>","protected":false},"excerpt":{"rendered":"<p>300V, 60A, 6kW R\u00fcckspeisef\u00e4hige elektronische DC-Last, 1U Gr\u00f6\u00dfe<\/p>","protected":false},"featured_media":11160,"comment_status":"closed","ping_status":"closed","template":"","meta":{"_acf_changed":false,"slim_seo":{"title":"IT-M3806-300-60 - YOTAVIS AG","description":"300V, 60A, 6kW R\u00fcckspeisef\u00e4hige elektronische DC-Last, 1U Gr\u00f6\u00dfe"}},"product_brand":[822],"product_cat":[517,515],"product_tag":[],"class_list":{"0":"post-10483","1":"product","2":"type-product","3":"status-publish","4":"has-post-thumbnail","6":"product_brand-itech","7":"product_cat-dc-load-en","8":"product_cat-power-en","9":"pa_current-a-406","10":"pa_output-number-146","11":"pa_power-w-626","12":"pa_remote-control-yes","13":"pa_voltage-v-624","15":"first","16":"instock","17":"taxable","18":"shipping-taxable","19":"product-type-simple"},"acf":[],"_links":{"self":[{"href":"https:\/\/yotavis.ch\/de\/wp-json\/wp\/v2\/product\/10483","targetHints":{"allow":["GET"]}}],"collection":[{"href":"https:\/\/yotavis.ch\/de\/wp-json\/wp\/v2\/product"}],"about":[{"href":"https:\/\/yotavis.ch\/de\/wp-json\/wp\/v2\/types\/product"}],"replies":[{"embeddable":true,"href":"https:\/\/yotavis.ch\/de\/wp-json\/wp\/v2\/comments?post=10483"}],"wp:featuredmedia":[{"embeddable":true,"href":"https:\/\/yotavis.ch\/de\/wp-json\/wp\/v2\/media\/11160"}],"wp:attachment":[{"href":"https:\/\/yotavis.ch\/de\/wp-json\/wp\/v2\/media?parent=10483"}],"wp:term":[{"taxonomy":"product_brand","embeddable":true,"href":"https:\/\/yotavis.ch\/de\/wp-json\/wp\/v2\/product_brand?post=10483"},{"taxonomy":"product_cat","embeddable":true,"href":"https:\/\/yotavis.ch\/de\/wp-json\/wp\/v2\/product_cat?post=10483"},{"taxonomy":"product_tag","embeddable":true,"href":"https:\/\/yotavis.ch\/de\/wp-json\/wp\/v2\/product_tag?post=10483"}],"curies":[{"name":"wp","href":"https:\/\/api.w.org\/{rel}","templated":true}]}}