{"id":10484,"date":"2025-10-09T00:00:00","date_gmt":"2025-10-08T22:00:00","guid":{"rendered":"https:\/\/yotavis.ch\/product\/it-m3812-300-120\/"},"modified":"2026-04-24T13:42:52","modified_gmt":"2026-04-24T11:42:52","slug":"it-m3812-300-120","status":"publish","type":"product","link":"https:\/\/yotavis.ch\/de\/produkt\/it-m3812-300-120\/","title":{"rendered":"IT-M3812-300-120"},"content":{"rendered":"<p>Die ITECH IT-M3812-300-120 ist eine regenerative elektronische DC-Last, die f\u00fcr eine maximale Spannung von 300 V und einen Strom von 120 A ausgelegt ist und eine Leistung von 12 kW liefert. Sie hat ein 2U-Geh\u00e4use und verf\u00fcgt \u00fcber einen Ausgangskanal. Dieses Ger\u00e4t unterst\u00fctzt die Fernsteuerungsfunktionalit\u00e4t und erm\u00f6glicht so eine bequeme Bedienung aus der Ferne. Die elektronische Last wurde entwickelt, um die Verlustleistung durch ihre R\u00fcckspeisef\u00e4higkeit effizient zu verwalten. Dank ihrer robusten Spezifikationen eignet sie sich f\u00fcr Anwendungen, die pr\u00e4zise und zuverl\u00e4ssige DC-Lasttests erfordern. Die Kombination aus hohen Spannungs-, Strom- und Leistungswerten gew\u00e4hrleistet die Kompatibilit\u00e4t mit einer breiten Palette von Pr\u00fcfszenarien. Das Design des Ger\u00e4ts betont sowohl die Leistung als auch die betriebliche Flexibilit\u00e4t.<\/p>","protected":false},"excerpt":{"rendered":"<p>300V, 120A, 12kW Elektronische DC-Last mit R\u00fcckspeisung, Gr\u00f6\u00dfe 2U<\/p>","protected":false},"featured_media":12257,"comment_status":"closed","ping_status":"closed","template":"","meta":{"_acf_changed":false,"slim_seo":{"title":"IT-M3812-300-120 - YOTAVIS AG","description":"300V, 120A, 12kW Elektronische DC-Last mit R\u00fcckspeisung, Gr\u00f6\u00dfe 2U"}},"product_brand":[822],"product_cat":[517,515],"product_tag":[],"class_list":{"0":"post-10484","1":"product","2":"type-product","3":"status-publish","4":"has-post-thumbnail","6":"product_brand-itech","7":"product_cat-dc-load-en","8":"product_cat-power-en","9":"pa_current-a-559","10":"pa_output-number-146","11":"pa_power-w-628","12":"pa_remote-control-yes","13":"pa_voltage-v-624","15":"first","16":"instock","17":"taxable","18":"shipping-taxable","19":"product-type-simple"},"acf":[],"_links":{"self":[{"href":"https:\/\/yotavis.ch\/de\/wp-json\/wp\/v2\/product\/10484","targetHints":{"allow":["GET"]}}],"collection":[{"href":"https:\/\/yotavis.ch\/de\/wp-json\/wp\/v2\/product"}],"about":[{"href":"https:\/\/yotavis.ch\/de\/wp-json\/wp\/v2\/types\/product"}],"replies":[{"embeddable":true,"href":"https:\/\/yotavis.ch\/de\/wp-json\/wp\/v2\/comments?post=10484"}],"wp:featuredmedia":[{"embeddable":true,"href":"https:\/\/yotavis.ch\/de\/wp-json\/wp\/v2\/media\/12257"}],"wp:attachment":[{"href":"https:\/\/yotavis.ch\/de\/wp-json\/wp\/v2\/media?parent=10484"}],"wp:term":[{"taxonomy":"product_brand","embeddable":true,"href":"https:\/\/yotavis.ch\/de\/wp-json\/wp\/v2\/product_brand?post=10484"},{"taxonomy":"product_cat","embeddable":true,"href":"https:\/\/yotavis.ch\/de\/wp-json\/wp\/v2\/product_cat?post=10484"},{"taxonomy":"product_tag","embeddable":true,"href":"https:\/\/yotavis.ch\/de\/wp-json\/wp\/v2\/product_tag?post=10484"}],"curies":[{"name":"wp","href":"https:\/\/api.w.org\/{rel}","templated":true}]}}