{"id":10488,"date":"2025-10-09T00:00:00","date_gmt":"2025-10-08T22:00:00","guid":{"rendered":"https:\/\/yotavis.ch\/product\/it-m3812-500-72\/"},"modified":"2026-04-24T13:42:55","modified_gmt":"2026-04-24T11:42:55","slug":"it-m3812-500-72","status":"publish","type":"product","link":"https:\/\/yotavis.ch\/de\/produkt\/it-m3812-500-72\/","title":{"rendered":"IT-M3812-500-72"},"content":{"rendered":"<p>Die ITECH IT-M3812-500-72 ist eine regenerative elektronische Gleichstromlast, die f\u00fcr eine maximale Spannung von 500 Volt und einen Strom von 72 Ampere ausgelegt ist. Sie liefert eine Leistungskapazit\u00e4t von 12.000 Watt und eignet sich damit f\u00fcr Anwendungen mit hoher Leistung. Das Ger\u00e4t verf\u00fcgt \u00fcber einen Formfaktor von 2U, der eine effiziente Rack-Montage in verschiedenen Aufbauten erm\u00f6glicht. Es verf\u00fcgt \u00fcber einen einzigen Ausgangskanal, der gezielte und kontrollierte Lasttests erm\u00f6glicht. Die integrierte Fernsteuerungsfunktion erm\u00f6glicht es dem Benutzer, das Ger\u00e4t aus der Ferne zu bedienen, um es bequem und sicher zu machen. Diese elektronische Last ist so konstruiert, dass sie einen regenerativen Betrieb unterst\u00fctzt, bei dem Energie in die Stromquelle zur\u00fcckgespeist werden kann, was die Energieeffizienz w\u00e4hrend der Pr\u00fcfung verbessert. Die Kombination seiner Spannungs-, Strom- und Leistungsspezifikationen macht ihn zu einem vielseitigen Werkzeug f\u00fcr die Pr\u00fcfung und Bewertung von Netzteilen, Batterien und anderen Gleichstromquellen.<\/p>","protected":false},"excerpt":{"rendered":"<p>500V, 72A, 12kW Elektronische DC-Last mit R\u00fcckspeisung, Gr\u00f6\u00dfe 2U<\/p>","protected":false},"featured_media":12257,"comment_status":"closed","ping_status":"closed","template":"","meta":{"_acf_changed":false,"slim_seo":{"title":"IT-M3812-500-72 - YOTAVIS AG","description":"500V, 72A, 12kW Elektronische DC-Last mit R\u00fcckspeisung, Gr\u00f6\u00dfe 2U"}},"product_brand":[822],"product_cat":[517,515],"product_tag":[],"class_list":{"0":"post-10488","1":"product","2":"type-product","3":"status-publish","4":"has-post-thumbnail","6":"product_brand-itech","7":"product_cat-dc-load-en","8":"product_cat-power-en","9":"pa_current-a-491","10":"pa_output-number-146","11":"pa_power-w-628","12":"pa_remote-control-yes","13":"pa_voltage-v-604","15":"first","16":"instock","17":"taxable","18":"shipping-taxable","19":"product-type-simple"},"acf":[],"_links":{"self":[{"href":"https:\/\/yotavis.ch\/de\/wp-json\/wp\/v2\/product\/10488","targetHints":{"allow":["GET"]}}],"collection":[{"href":"https:\/\/yotavis.ch\/de\/wp-json\/wp\/v2\/product"}],"about":[{"href":"https:\/\/yotavis.ch\/de\/wp-json\/wp\/v2\/types\/product"}],"replies":[{"embeddable":true,"href":"https:\/\/yotavis.ch\/de\/wp-json\/wp\/v2\/comments?post=10488"}],"wp:featuredmedia":[{"embeddable":true,"href":"https:\/\/yotavis.ch\/de\/wp-json\/wp\/v2\/media\/12257"}],"wp:attachment":[{"href":"https:\/\/yotavis.ch\/de\/wp-json\/wp\/v2\/media?parent=10488"}],"wp:term":[{"taxonomy":"product_brand","embeddable":true,"href":"https:\/\/yotavis.ch\/de\/wp-json\/wp\/v2\/product_brand?post=10488"},{"taxonomy":"product_cat","embeddable":true,"href":"https:\/\/yotavis.ch\/de\/wp-json\/wp\/v2\/product_cat?post=10488"},{"taxonomy":"product_tag","embeddable":true,"href":"https:\/\/yotavis.ch\/de\/wp-json\/wp\/v2\/product_tag?post=10488"}],"curies":[{"name":"wp","href":"https:\/\/api.w.org\/{rel}","templated":true}]}}