{"id":10489,"date":"2025-10-09T00:00:00","date_gmt":"2025-10-08T22:00:00","guid":{"rendered":"https:\/\/yotavis.ch\/product\/it-m3802-800-8\/"},"modified":"2026-04-24T13:42:56","modified_gmt":"2026-04-24T11:42:56","slug":"it-m3802-800-8","status":"publish","type":"product","link":"https:\/\/yotavis.ch\/de\/produkt\/it-m3802-800-8\/","title":{"rendered":"IT-M3802-800-8"},"content":{"rendered":"<p>Die ITECH IT-M3802-800-8 ist eine regenerative elektronische DC-Last, die f\u00fcr eine maximale Spannung von 800 V und einen Strom von 8 A ausgelegt ist und eine Leistung von 2000 W liefert. Sie zeichnet sich durch eine kompakte 1U-Gr\u00f6\u00dfe aus, wodurch sie sich f\u00fcr die Integration in verschiedene Testumgebungen eignet, in denen Raumeffizienz wichtig ist. Dieses Modell verf\u00fcgt \u00fcber einen einzigen Ausgangskanal, der gezielte und pr\u00e4zise Lasttests erm\u00f6glicht. Das Ger\u00e4t ist fernsteuerbar, so dass der Benutzer es bequem aus der Ferne bedienen kann. Die Regenerationsfunktion erm\u00f6glicht es dem Ger\u00e4t, Energie in die Stromquelle zur\u00fcckzuspeisen und so die Energieeffizienz w\u00e4hrend des Pr\u00fcfvorgangs zu verbessern. Sein Design unterst\u00fctzt einen stabilen und zuverl\u00e4ssigen Betrieb unter den vorgegebenen elektrischen Parametern. Die Kombination dieser Merkmale macht das IT-M3802-800-8 zu einem vielseitigen Werkzeug f\u00fcr Anwendungen, die eine kontrollierte DC-Lastpr\u00fcfung mit Energier\u00fcckspeisung erfordern.<\/p>","protected":false},"excerpt":{"rendered":"<p>800V, 8A, 2kW Elektronische DC-Last mit R\u00fcckspeisung, 1U Gr\u00f6\u00dfe<\/p>","protected":false},"featured_media":11160,"comment_status":"closed","ping_status":"closed","template":"","meta":{"_acf_changed":false,"slim_seo":{"title":"IT-M3802-800-8 - YOTAVIS AG","description":"800V, 8A, 2kW Elektronische DC-Last mit R\u00fcckspeisung, 1U Gr\u00f6\u00dfe"}},"product_brand":[822],"product_cat":[517,515],"product_tag":[],"class_list":{"0":"post-10489","1":"product","2":"type-product","3":"status-publish","4":"has-post-thumbnail","6":"product_brand-itech","7":"product_cat-dc-load-en","8":"product_cat-power-en","9":"pa_current-a-394","10":"pa_output-number-146","11":"pa_power-w-561","12":"pa_remote-control-yes","13":"pa_voltage-v-319","15":"first","16":"instock","17":"taxable","18":"shipping-taxable","19":"product-type-simple"},"acf":[],"_links":{"self":[{"href":"https:\/\/yotavis.ch\/de\/wp-json\/wp\/v2\/product\/10489","targetHints":{"allow":["GET"]}}],"collection":[{"href":"https:\/\/yotavis.ch\/de\/wp-json\/wp\/v2\/product"}],"about":[{"href":"https:\/\/yotavis.ch\/de\/wp-json\/wp\/v2\/types\/product"}],"replies":[{"embeddable":true,"href":"https:\/\/yotavis.ch\/de\/wp-json\/wp\/v2\/comments?post=10489"}],"wp:featuredmedia":[{"embeddable":true,"href":"https:\/\/yotavis.ch\/de\/wp-json\/wp\/v2\/media\/11160"}],"wp:attachment":[{"href":"https:\/\/yotavis.ch\/de\/wp-json\/wp\/v2\/media?parent=10489"}],"wp:term":[{"taxonomy":"product_brand","embeddable":true,"href":"https:\/\/yotavis.ch\/de\/wp-json\/wp\/v2\/product_brand?post=10489"},{"taxonomy":"product_cat","embeddable":true,"href":"https:\/\/yotavis.ch\/de\/wp-json\/wp\/v2\/product_cat?post=10489"},{"taxonomy":"product_tag","embeddable":true,"href":"https:\/\/yotavis.ch\/de\/wp-json\/wp\/v2\/product_tag?post=10489"}],"curies":[{"name":"wp","href":"https:\/\/api.w.org\/{rel}","templated":true}]}}