{"id":10490,"date":"2025-10-09T00:00:00","date_gmt":"2025-10-08T22:00:00","guid":{"rendered":"https:\/\/yotavis.ch\/product\/it-m3804-800-16\/"},"modified":"2026-04-24T13:42:56","modified_gmt":"2026-04-24T11:42:56","slug":"it-m3804-800-16","status":"publish","type":"product","link":"https:\/\/yotavis.ch\/de\/produkt\/it-m3804-800-16\/","title":{"rendered":"IT-M3804-800-16"},"content":{"rendered":"<p>Die ITECH IT-M3804-800-16 ist eine regenerative elektronische Gleichstromlast, die mit einer maximalen Spannung von 800 V und einem Strom von 16 A arbeitet und eine Leistung von 4 kW liefert. Dieses Ger\u00e4t hat eine kompakte 1U-Gr\u00f6\u00dfe und eignet sich daher f\u00fcr die Integration in verschiedene Testumgebungen, in denen Platzersparnis wichtig ist. Es verf\u00fcgt \u00fcber einen einzigen Ausgangskanal, der eine gezielte und pr\u00e4zise Lastpr\u00fcfung erm\u00f6glicht. Die elektronische Last unterst\u00fctzt die Fernsteuerungsfunktionalit\u00e4t, die es dem Benutzer erm\u00f6glicht, das Ger\u00e4t aus der Ferne zu bedienen und zu \u00fcberwachen, was den Komfort und die Sicherheit w\u00e4hrend der Pr\u00fcfverfahren erh\u00f6hen kann. Durch die Kombination von hohen Spannungs- und Stromwerten ist dieses Modell f\u00fcr Anwendungen geeignet, die eine hohe Belastbarkeit erfordern. Seine R\u00fcckspeisef\u00e4higkeit erm\u00f6glicht die Energier\u00fcckgewinnung w\u00e4hrend des Betriebs und tr\u00e4gt so zu einem effizienten Energiemanagement bei. Das Design und die Spezifikationen des IT-M3804-800-16 spiegeln seine Rolle bei der Bereitstellung zuverl\u00e4ssiger und kontrollierter DC-Lasttests innerhalb seiner Nennparameter wider.<\/p>","protected":false},"excerpt":{"rendered":"<p>800V, 16A, 4kW R\u00fcckspeisef\u00e4hige elektronische DC-Last, 1U Gr\u00f6\u00dfe<\/p>","protected":false},"featured_media":11160,"comment_status":"closed","ping_status":"closed","template":"","meta":{"_acf_changed":false,"slim_seo":{"title":"IT-M3804-800-16 - YOTAVIS AG","description":"800V, 16A, 4kW R\u00fcckspeisef\u00e4hige elektronische DC-Last, 1U Gr\u00f6\u00dfe"}},"product_brand":[822],"product_cat":[517,515],"product_tag":[],"class_list":{"0":"post-10490","1":"product","2":"type-product","3":"status-publish","4":"has-post-thumbnail","6":"product_brand-itech","7":"product_cat-dc-load-en","8":"product_cat-power-en","9":"pa_current-a-926","10":"pa_output-number-146","11":"pa_power-w-611","12":"pa_remote-control-yes","13":"pa_voltage-v-319","15":"first","16":"instock","17":"taxable","18":"shipping-taxable","19":"product-type-simple"},"acf":[],"_links":{"self":[{"href":"https:\/\/yotavis.ch\/de\/wp-json\/wp\/v2\/product\/10490","targetHints":{"allow":["GET"]}}],"collection":[{"href":"https:\/\/yotavis.ch\/de\/wp-json\/wp\/v2\/product"}],"about":[{"href":"https:\/\/yotavis.ch\/de\/wp-json\/wp\/v2\/types\/product"}],"replies":[{"embeddable":true,"href":"https:\/\/yotavis.ch\/de\/wp-json\/wp\/v2\/comments?post=10490"}],"wp:featuredmedia":[{"embeddable":true,"href":"https:\/\/yotavis.ch\/de\/wp-json\/wp\/v2\/media\/11160"}],"wp:attachment":[{"href":"https:\/\/yotavis.ch\/de\/wp-json\/wp\/v2\/media?parent=10490"}],"wp:term":[{"taxonomy":"product_brand","embeddable":true,"href":"https:\/\/yotavis.ch\/de\/wp-json\/wp\/v2\/product_brand?post=10490"},{"taxonomy":"product_cat","embeddable":true,"href":"https:\/\/yotavis.ch\/de\/wp-json\/wp\/v2\/product_cat?post=10490"},{"taxonomy":"product_tag","embeddable":true,"href":"https:\/\/yotavis.ch\/de\/wp-json\/wp\/v2\/product_tag?post=10490"}],"curies":[{"name":"wp","href":"https:\/\/api.w.org\/{rel}","templated":true}]}}