{"id":10494,"date":"2025-10-09T00:00:00","date_gmt":"2025-10-08T22:00:00","guid":{"rendered":"https:\/\/yotavis.ch\/product\/it-m3901d-10-170\/"},"modified":"2026-04-24T13:42:57","modified_gmt":"2026-04-24T11:42:57","slug":"it-m3901d-10-170","status":"publish","type":"product","link":"https:\/\/yotavis.ch\/de\/produkt\/it-m3901d-10-170\/","title":{"rendered":"IT-M3901D-10-170"},"content":{"rendered":"<p>Das ITECH IT-M3901D-10-170 ist ein Gleichstrom-Netzteil mit einer Ausgangsleistung von 1700 Watt. Es arbeitet mit einer Spannung von 10 Volt und kann einen Strom von bis zu 170 Ampere liefern. Dieses Modell verf\u00fcgt \u00fcber einen einzigen Ausgangskanal und eignet sich daher f\u00fcr Anwendungen, die eine stabile und pr\u00e4zise Stromquelle erfordern. Das Ger\u00e4t hat eine kompakte 1U-Gr\u00f6\u00dfe, die eine effiziente Nutzung des Platzes in Rack-Aufbauten erm\u00f6glicht. Dar\u00fcber hinaus verf\u00fcgt es \u00fcber eine Fernbedienungsfunktion, die es dem Benutzer erm\u00f6glicht, das Netzteil aus der Ferne zu bedienen, um es bequem und sicher zu machen. Die Kombination seiner Spannungs-, Strom- und Leistungsspezifikationen macht es zu einer robusten Wahl f\u00fcr verschiedene Industrie- und Laborumgebungen, in denen eine zuverl\u00e4ssige Gleichstromversorgung unerl\u00e4sslich ist.<\/p>","protected":false},"excerpt":{"rendered":"<p>10V, 170A, 1700W DC PSU, 1U Gr\u00f6\u00dfe<\/p>","protected":false},"featured_media":11166,"comment_status":"closed","ping_status":"closed","template":"","meta":{"_acf_changed":false,"slim_seo":{"title":"IT-M3901D-10-170 - YOTAVIS AG","description":"10V, 170A, 1700W DC PSU, 1U Gr\u00f6\u00dfe"}},"product_brand":[822],"product_cat":[516,515],"product_tag":[],"class_list":{"0":"post-10494","1":"product","2":"type-product","3":"status-publish","4":"has-post-thumbnail","6":"product_brand-itech","7":"product_cat-dc-source-en","8":"product_cat-power-en","9":"pa_current-a-930","10":"pa_output-number-146","11":"pa_power-w-929","12":"pa_remote-control-yes","13":"pa_voltage-v-572","15":"first","16":"instock","17":"taxable","18":"shipping-taxable","19":"product-type-simple"},"acf":[],"_links":{"self":[{"href":"https:\/\/yotavis.ch\/de\/wp-json\/wp\/v2\/product\/10494","targetHints":{"allow":["GET"]}}],"collection":[{"href":"https:\/\/yotavis.ch\/de\/wp-json\/wp\/v2\/product"}],"about":[{"href":"https:\/\/yotavis.ch\/de\/wp-json\/wp\/v2\/types\/product"}],"replies":[{"embeddable":true,"href":"https:\/\/yotavis.ch\/de\/wp-json\/wp\/v2\/comments?post=10494"}],"wp:featuredmedia":[{"embeddable":true,"href":"https:\/\/yotavis.ch\/de\/wp-json\/wp\/v2\/media\/11166"}],"wp:attachment":[{"href":"https:\/\/yotavis.ch\/de\/wp-json\/wp\/v2\/media?parent=10494"}],"wp:term":[{"taxonomy":"product_brand","embeddable":true,"href":"https:\/\/yotavis.ch\/de\/wp-json\/wp\/v2\/product_brand?post=10494"},{"taxonomy":"product_cat","embeddable":true,"href":"https:\/\/yotavis.ch\/de\/wp-json\/wp\/v2\/product_cat?post=10494"},{"taxonomy":"product_tag","embeddable":true,"href":"https:\/\/yotavis.ch\/de\/wp-json\/wp\/v2\/product_tag?post=10494"}],"curies":[{"name":"wp","href":"https:\/\/api.w.org\/{rel}","templated":true}]}}