{"id":10496,"date":"2025-10-09T00:00:00","date_gmt":"2025-10-08T22:00:00","guid":{"rendered":"https:\/\/yotavis.ch\/product\/it-m3905d-10-510\/"},"modified":"2026-04-24T13:42:58","modified_gmt":"2026-04-24T11:42:58","slug":"it-m3905d-10-510","status":"publish","type":"product","link":"https:\/\/yotavis.ch\/de\/produkt\/it-m3905d-10-510\/","title":{"rendered":"IT-M3905D-10-510"},"content":{"rendered":"<p>Das ITECH IT-M3905D-10-510 ist ein Gleichstromnetzteil, das eine maximale Ausgangsleistung von 5100 Watt liefert. Es arbeitet mit einer Spannung von 10 Volt und kann einen Strom von bis zu 510 Ampere liefern. Dieses Modell verf\u00fcgt \u00fcber einen einzigen Ausgangskanal, der eine gezielte Leistungsabgabe erm\u00f6glicht. Das Ger\u00e4t ist kompakt, mit einem Formfaktor von 1U, so dass es sich f\u00fcr die Integration in Standardger\u00e4te-Racks eignet. Es verf\u00fcgt \u00fcber eine Fernsteuerungsfunktion, die es dem Benutzer erm\u00f6glicht, das Netzteil bequem und flexibel aus der Ferne zu bedienen. Durch die Kombination aus hoher Strom- und Ausgangsleistung eignet sich dieses Ger\u00e4t f\u00fcr Anwendungen, die eine hohe Gleichstromleistung erfordern. Sein Design und seine Spezifikationen spiegeln den Fokus auf die Bereitstellung zuverl\u00e4ssiger und pr\u00e4ziser Leistung in einem kompakten Paket wider.<\/p>","protected":false},"excerpt":{"rendered":"<p>10V, 510A, 5100W DC PSU, 1U Gr\u00f6\u00dfe<\/p>","protected":false},"featured_media":11166,"comment_status":"closed","ping_status":"closed","template":"","meta":{"_acf_changed":false,"slim_seo":{"title":"IT-M3905D-10-510 - YOTAVIS AG","description":"10V, 510A, 5100W DC PSU, 1U Gr\u00f6\u00dfe"}},"product_brand":[822],"product_cat":[516,515],"product_tag":[],"class_list":{"0":"post-10496","1":"product","2":"type-product","3":"status-publish","4":"has-post-thumbnail","6":"product_brand-itech","7":"product_cat-dc-source-en","8":"product_cat-power-en","9":"pa_current-a-934","10":"pa_output-number-146","11":"pa_power-w-933","12":"pa_remote-control-yes","13":"pa_voltage-v-572","15":"first","16":"instock","17":"taxable","18":"shipping-taxable","19":"product-type-simple"},"acf":[],"_links":{"self":[{"href":"https:\/\/yotavis.ch\/de\/wp-json\/wp\/v2\/product\/10496","targetHints":{"allow":["GET"]}}],"collection":[{"href":"https:\/\/yotavis.ch\/de\/wp-json\/wp\/v2\/product"}],"about":[{"href":"https:\/\/yotavis.ch\/de\/wp-json\/wp\/v2\/types\/product"}],"replies":[{"embeddable":true,"href":"https:\/\/yotavis.ch\/de\/wp-json\/wp\/v2\/comments?post=10496"}],"wp:featuredmedia":[{"embeddable":true,"href":"https:\/\/yotavis.ch\/de\/wp-json\/wp\/v2\/media\/11166"}],"wp:attachment":[{"href":"https:\/\/yotavis.ch\/de\/wp-json\/wp\/v2\/media?parent=10496"}],"wp:term":[{"taxonomy":"product_brand","embeddable":true,"href":"https:\/\/yotavis.ch\/de\/wp-json\/wp\/v2\/product_brand?post=10496"},{"taxonomy":"product_cat","embeddable":true,"href":"https:\/\/yotavis.ch\/de\/wp-json\/wp\/v2\/product_cat?post=10496"},{"taxonomy":"product_tag","embeddable":true,"href":"https:\/\/yotavis.ch\/de\/wp-json\/wp\/v2\/product_tag?post=10496"}],"curies":[{"name":"wp","href":"https:\/\/api.w.org\/{rel}","templated":true}]}}