{"id":10497,"date":"2025-10-09T00:00:00","date_gmt":"2025-10-08T22:00:00","guid":{"rendered":"https:\/\/yotavis.ch\/product\/it-m3910d-10-1020\/"},"modified":"2026-04-24T13:42:58","modified_gmt":"2026-04-24T11:42:58","slug":"it-m3910d-10-1020","status":"publish","type":"product","link":"https:\/\/yotavis.ch\/de\/produkt\/it-m3910d-10-1020\/","title":{"rendered":"IT-M3910D-10-1020"},"content":{"rendered":"<p>Das ITECH IT-M3910D-10-1020 ist ein Gleichstrom-Netzteil mit einer Ausgangsleistung von 10.200 Watt. Es arbeitet mit einer Spannung von 32 Volt und kann einen Strom von bis zu 1.020 Ampere liefern. Dieses Modell verf\u00fcgt \u00fcber einen einzigen Ausgangskanal und ist in einem 2U-Formfaktor ausgef\u00fchrt. Das Ger\u00e4t unterst\u00fctzt Fernbedienungsfunktionen, die eine bequeme Bedienung aus der Ferne erm\u00f6glichen. Es ist f\u00fcr hohe Leistungsanforderungen ausgelegt und eignet sich daher f\u00fcr Anwendungen, die eine hohe Gleichstromleistung erfordern. Die Kombination seiner Spannungs-, Strom- und Leistungsdaten unterstreicht seine F\u00e4higkeit, eine stabile und zuverl\u00e4ssige Leistung zu liefern. Dieses Netzger\u00e4t ist Teil der ITECH-Markenreihe, die f\u00fcr ihre technischen Ger\u00e4te bekannt ist.<\/p>","protected":false},"excerpt":{"rendered":"<p>10V, 1020A, 10200W DC-Netzteil, 2U-Gr\u00f6\u00dfe<\/p>","protected":false},"featured_media":12278,"comment_status":"closed","ping_status":"closed","template":"","meta":{"_acf_changed":false,"slim_seo":{"title":"IT-M3910D-10-1020 - YOTAVIS AG","description":"10V, 1020A, 10200W DC-Netzteil, 2U-Gr\u00f6\u00dfe"}},"product_brand":[822],"product_cat":[516,515],"product_tag":[],"class_list":{"0":"post-10497","1":"product","2":"type-product","3":"status-publish","4":"has-post-thumbnail","6":"product_brand-itech","7":"product_cat-dc-source-en","8":"product_cat-power-en","9":"pa_current-a-936","10":"pa_output-number-146","11":"pa_power-w-935","12":"pa_remote-control-yes","13":"pa_voltage-v-140","15":"first","16":"instock","17":"taxable","18":"shipping-taxable","19":"product-type-simple"},"acf":[],"_links":{"self":[{"href":"https:\/\/yotavis.ch\/de\/wp-json\/wp\/v2\/product\/10497","targetHints":{"allow":["GET"]}}],"collection":[{"href":"https:\/\/yotavis.ch\/de\/wp-json\/wp\/v2\/product"}],"about":[{"href":"https:\/\/yotavis.ch\/de\/wp-json\/wp\/v2\/types\/product"}],"replies":[{"embeddable":true,"href":"https:\/\/yotavis.ch\/de\/wp-json\/wp\/v2\/comments?post=10497"}],"wp:featuredmedia":[{"embeddable":true,"href":"https:\/\/yotavis.ch\/de\/wp-json\/wp\/v2\/media\/12278"}],"wp:attachment":[{"href":"https:\/\/yotavis.ch\/de\/wp-json\/wp\/v2\/media?parent=10497"}],"wp:term":[{"taxonomy":"product_brand","embeddable":true,"href":"https:\/\/yotavis.ch\/de\/wp-json\/wp\/v2\/product_brand?post=10497"},{"taxonomy":"product_cat","embeddable":true,"href":"https:\/\/yotavis.ch\/de\/wp-json\/wp\/v2\/product_cat?post=10497"},{"taxonomy":"product_tag","embeddable":true,"href":"https:\/\/yotavis.ch\/de\/wp-json\/wp\/v2\/product_tag?post=10497"}],"curies":[{"name":"wp","href":"https:\/\/api.w.org\/{rel}","templated":true}]}}