{"id":10498,"date":"2025-10-09T00:00:00","date_gmt":"2025-10-08T22:00:00","guid":{"rendered":"https:\/\/yotavis.ch\/product\/it-m3902d-32-80\/"},"modified":"2026-04-24T13:42:58","modified_gmt":"2026-04-24T11:42:58","slug":"it-m3902d-32-80","status":"publish","type":"product","link":"https:\/\/yotavis.ch\/de\/produkt\/it-m3902d-32-80\/","title":{"rendered":"IT-M3902D-32-80"},"content":{"rendered":"<p>Das ITECH IT-M3902D-32-80 ist ein Gleichstromnetzteil, das eine maximale Ausgangsleistung von 2000 Watt liefert. Es arbeitet mit einer Spannung von 32 Volt und kann einen Strom von bis zu 80 Ampere liefern. Dieses Modell verf\u00fcgt \u00fcber einen einzigen Ausgangskanal, der eine gezielte Leistungsabgabe erm\u00f6glicht. Das Ger\u00e4t ist kompakt, mit einem Formfaktor von 1U, so dass es sich f\u00fcr die Integration in Standardger\u00e4te-Racks eignet. Au\u00dferdem verf\u00fcgt es \u00fcber eine Fernsteuerungsfunktion, die es dem Benutzer erm\u00f6glicht, das Netzteil aus der Ferne zu bedienen. Die Kombination aus Spannungs-, Strom- und Leistungsspezifikationen macht es f\u00fcr Anwendungen geeignet, die eine stabile und zuverl\u00e4ssige Gleichstromversorgung erfordern. Das Design und die Funktionen dieses Netzteils unterst\u00fctzen ein effizientes und kontrolliertes Energiemanagement in verschiedenen Umgebungen.<\/p>","protected":false},"excerpt":{"rendered":"<p>32V, 80A, 2000W DC PSU, 1U Gr\u00f6\u00dfe<\/p>","protected":false},"featured_media":11166,"comment_status":"closed","ping_status":"closed","template":"","meta":{"_acf_changed":false,"slim_seo":{"title":"IT-M3902D-32-80 - YOTAVIS AG","description":"32V, 80A, 2000W DC PSU, 1U Gr\u00f6\u00dfe"}},"product_brand":[822],"product_cat":[516,515],"product_tag":[],"class_list":{"0":"post-10498","1":"product","2":"type-product","3":"status-publish","4":"has-post-thumbnail","6":"product_brand-itech","7":"product_cat-dc-source-en","8":"product_cat-power-en","9":"pa_current-a-557","10":"pa_output-number-146","11":"pa_power-w-561","12":"pa_remote-control-yes","13":"pa_voltage-v-140","15":"first","16":"instock","17":"taxable","18":"shipping-taxable","19":"product-type-simple"},"acf":[],"_links":{"self":[{"href":"https:\/\/yotavis.ch\/de\/wp-json\/wp\/v2\/product\/10498","targetHints":{"allow":["GET"]}}],"collection":[{"href":"https:\/\/yotavis.ch\/de\/wp-json\/wp\/v2\/product"}],"about":[{"href":"https:\/\/yotavis.ch\/de\/wp-json\/wp\/v2\/types\/product"}],"replies":[{"embeddable":true,"href":"https:\/\/yotavis.ch\/de\/wp-json\/wp\/v2\/comments?post=10498"}],"wp:featuredmedia":[{"embeddable":true,"href":"https:\/\/yotavis.ch\/de\/wp-json\/wp\/v2\/media\/11166"}],"wp:attachment":[{"href":"https:\/\/yotavis.ch\/de\/wp-json\/wp\/v2\/media?parent=10498"}],"wp:term":[{"taxonomy":"product_brand","embeddable":true,"href":"https:\/\/yotavis.ch\/de\/wp-json\/wp\/v2\/product_brand?post=10498"},{"taxonomy":"product_cat","embeddable":true,"href":"https:\/\/yotavis.ch\/de\/wp-json\/wp\/v2\/product_cat?post=10498"},{"taxonomy":"product_tag","embeddable":true,"href":"https:\/\/yotavis.ch\/de\/wp-json\/wp\/v2\/product_tag?post=10498"}],"curies":[{"name":"wp","href":"https:\/\/api.w.org\/{rel}","templated":true}]}}