{"id":10501,"date":"2025-10-09T00:00:00","date_gmt":"2025-10-08T22:00:00","guid":{"rendered":"https:\/\/yotavis.ch\/product\/it-m3912d-32-480\/"},"modified":"2026-04-24T13:43:00","modified_gmt":"2026-04-24T11:43:00","slug":"it-m3912d-32-480","status":"publish","type":"product","link":"https:\/\/yotavis.ch\/de\/produkt\/it-m3912d-32-480\/","title":{"rendered":"IT-M3912D-32-480"},"content":{"rendered":"<p>Das ITECH IT-M3912D-32-480 ist ein DC-Netzteil mit einer Ausgangsleistung von 12000 Watt. Es arbeitet mit einer Spannung von 32 Volt und kann einen Strom von bis zu 480 Ampere liefern. Dieses Modell verf\u00fcgt \u00fcber einen einzigen Ausgangskanal und ist in einem 2U-Formfaktor ausgef\u00fchrt. Das Ger\u00e4t unterst\u00fctzt Fernsteuerungsfunktionen, die eine komfortable Bedienung und Integration in automatisierte Systeme erm\u00f6glichen. Aufgrund seiner Spezifikationen eignet es sich f\u00fcr Anwendungen, die eine hohe Leistung und eine pr\u00e4zise Spannungs- und Stromregelung erfordern. Die kompakte 2U-Gr\u00f6\u00dfe gew\u00e4hrleistet, dass es in Standardger\u00e4te-Racks passt und so den Platz in verschiedenen Aufbauten optimiert. Dieses Netzteil wurde entwickelt, um eine zuverl\u00e4ssige und konstante Gleichstromversorgung f\u00fcr anspruchsvolle Umgebungen zu gew\u00e4hrleisten.<\/p>","protected":false},"excerpt":{"rendered":"<p>32V, 480A, 12000W DC PSU, 2U Gr\u00f6\u00dfe<\/p>","protected":false},"featured_media":12278,"comment_status":"closed","ping_status":"closed","template":"","meta":{"_acf_changed":false,"slim_seo":{"title":"IT-M3912D-32-480 - YOTAVIS AG","description":"32V, 480A, 12000W DC PSU, 2U Gr\u00f6\u00dfe"}},"product_brand":[822],"product_cat":[516,515],"product_tag":[],"class_list":{"0":"post-10501","1":"product","2":"type-product","3":"status-publish","4":"has-post-thumbnail","6":"product_brand-itech","7":"product_cat-dc-source-en","8":"product_cat-power-en","9":"pa_current-a-480","10":"pa_output-number-146","11":"pa_power-w-628","12":"pa_remote-control-yes","13":"pa_voltage-v-140","15":"first","16":"instock","17":"taxable","18":"shipping-taxable","19":"product-type-simple"},"acf":[],"_links":{"self":[{"href":"https:\/\/yotavis.ch\/de\/wp-json\/wp\/v2\/product\/10501","targetHints":{"allow":["GET"]}}],"collection":[{"href":"https:\/\/yotavis.ch\/de\/wp-json\/wp\/v2\/product"}],"about":[{"href":"https:\/\/yotavis.ch\/de\/wp-json\/wp\/v2\/types\/product"}],"replies":[{"embeddable":true,"href":"https:\/\/yotavis.ch\/de\/wp-json\/wp\/v2\/comments?post=10501"}],"wp:featuredmedia":[{"embeddable":true,"href":"https:\/\/yotavis.ch\/de\/wp-json\/wp\/v2\/media\/12278"}],"wp:attachment":[{"href":"https:\/\/yotavis.ch\/de\/wp-json\/wp\/v2\/media?parent=10501"}],"wp:term":[{"taxonomy":"product_brand","embeddable":true,"href":"https:\/\/yotavis.ch\/de\/wp-json\/wp\/v2\/product_brand?post=10501"},{"taxonomy":"product_cat","embeddable":true,"href":"https:\/\/yotavis.ch\/de\/wp-json\/wp\/v2\/product_cat?post=10501"},{"taxonomy":"product_tag","embeddable":true,"href":"https:\/\/yotavis.ch\/de\/wp-json\/wp\/v2\/product_tag?post=10501"}],"curies":[{"name":"wp","href":"https:\/\/api.w.org\/{rel}","templated":true}]}}