{"id":10503,"date":"2025-10-09T00:00:00","date_gmt":"2025-10-08T22:00:00","guid":{"rendered":"https:\/\/yotavis.ch\/product\/it-m3904d-80-80\/"},"modified":"2026-04-24T13:43:01","modified_gmt":"2026-04-24T11:43:01","slug":"it-m3904d-80-80","status":"publish","type":"product","link":"https:\/\/yotavis.ch\/de\/produkt\/it-m3904d-80-80\/","title":{"rendered":"IT-M3904D-80-80"},"content":{"rendered":"<p>Das ITECH IT-M3904D-80-80 ist ein Gleichstrom-Netzteil, das eine maximale Ausgangsleistung von 4000 Watt liefert. Es arbeitet mit einer Spannung von 80 Volt und kann einen Strom von bis zu 80 Ampere liefern. Dieses Modell verf\u00fcgt \u00fcber einen einzigen Ausgangskanal, der eine gezielte Leistungsabgabe erm\u00f6glicht. Das Ger\u00e4t ist kompakt mit einer Gr\u00f6\u00dfe von 1U, wodurch es sich f\u00fcr die Rack-Montage in verschiedenen Aufbauten eignet. Es verf\u00fcgt au\u00dferdem \u00fcber eine Fernbedienungsfunktion, die es dem Benutzer erm\u00f6glicht, das Netzteil bequem und flexibel aus der Ferne zu bedienen. Dank der Kombination aus Spannungs-, Strom- und Leistungsspezifikationen eignet sich das Ger\u00e4t f\u00fcr Anwendungen, die eine stabile und leistungsstarke Gleichstromversorgung erfordern. Das Design und die Funktionen dieses Netzteils spiegeln die beabsichtigte Verwendung in professionellen und industriellen Umgebungen wider, in denen eine pr\u00e4zise Energieverwaltung unerl\u00e4sslich ist.<\/p>","protected":false},"excerpt":{"rendered":"<p>80V, 80A, 4000W DC-Netzteil, 1U-Gr\u00f6\u00dfe<\/p>","protected":false},"featured_media":11166,"comment_status":"closed","ping_status":"closed","template":"","meta":{"_acf_changed":false,"slim_seo":{"title":"IT-M3904D-80-80 - YOTAVIS AG","description":"80V, 80A, 4000W DC-Netzteil, 1U-Gr\u00f6\u00dfe"}},"product_brand":[822],"product_cat":[516,515],"product_tag":[],"class_list":{"0":"post-10503","1":"product","2":"type-product","3":"status-publish","4":"has-post-thumbnail","6":"product_brand-itech","7":"product_cat-dc-source-en","8":"product_cat-power-en","9":"pa_current-a-557","10":"pa_output-number-146","11":"pa_power-w-611","12":"pa_remote-control-yes","13":"pa_voltage-v-155","15":"first","16":"instock","17":"taxable","18":"shipping-taxable","19":"product-type-simple"},"acf":[],"_links":{"self":[{"href":"https:\/\/yotavis.ch\/de\/wp-json\/wp\/v2\/product\/10503","targetHints":{"allow":["GET"]}}],"collection":[{"href":"https:\/\/yotavis.ch\/de\/wp-json\/wp\/v2\/product"}],"about":[{"href":"https:\/\/yotavis.ch\/de\/wp-json\/wp\/v2\/types\/product"}],"replies":[{"embeddable":true,"href":"https:\/\/yotavis.ch\/de\/wp-json\/wp\/v2\/comments?post=10503"}],"wp:featuredmedia":[{"embeddable":true,"href":"https:\/\/yotavis.ch\/de\/wp-json\/wp\/v2\/media\/11166"}],"wp:attachment":[{"href":"https:\/\/yotavis.ch\/de\/wp-json\/wp\/v2\/media?parent=10503"}],"wp:term":[{"taxonomy":"product_brand","embeddable":true,"href":"https:\/\/yotavis.ch\/de\/wp-json\/wp\/v2\/product_brand?post=10503"},{"taxonomy":"product_cat","embeddable":true,"href":"https:\/\/yotavis.ch\/de\/wp-json\/wp\/v2\/product_cat?post=10503"},{"taxonomy":"product_tag","embeddable":true,"href":"https:\/\/yotavis.ch\/de\/wp-json\/wp\/v2\/product_tag?post=10503"}],"curies":[{"name":"wp","href":"https:\/\/api.w.org\/{rel}","templated":true}]}}