{"id":10506,"date":"2025-10-09T00:00:00","date_gmt":"2025-10-08T22:00:00","guid":{"rendered":"https:\/\/yotavis.ch\/product\/it-m3902d-300-20\/"},"modified":"2026-04-24T13:43:02","modified_gmt":"2026-04-24T11:43:02","slug":"it-m3902d-300-20","status":"publish","type":"product","link":"https:\/\/yotavis.ch\/de\/produkt\/it-m3902d-300-20\/","title":{"rendered":"IT-M3902D-300-20"},"content":{"rendered":"<p>Das ITECH IT-M3902D-300-20 ist ein Gleichstromnetzteil, das eine maximale Leistung von 2000 Watt liefert. Es arbeitet mit einer Spannung von 300 Volt und kann einen Strom von bis zu 20 Ampere liefern. Dieses Modell verf\u00fcgt \u00fcber einen einzigen Ausgangskanal und eignet sich daher f\u00fcr Anwendungen, die eine stabile und kontrollierte Stromquelle erfordern. Das Ger\u00e4t ist kompakt mit einer Gr\u00f6\u00dfe von 1U, was eine effiziente Nutzung des Platzes in einem Rack-Setup erm\u00f6glicht. Dar\u00fcber hinaus unterst\u00fctzt es eine Fernsteuerungsfunktion, die es dem Benutzer erm\u00f6glicht, das Netzger\u00e4t aus der Ferne zu bedienen, um es bequem und sicher zu machen. Die Kombination aus Spannungs-, Strom- und Leistungswerten macht es zu einer vielseitigen Wahl f\u00fcr verschiedene Test- und Entwicklungsumgebungen, in denen eine pr\u00e4zise Gleichstromversorgung erforderlich ist.<\/p>","protected":false},"excerpt":{"rendered":"<p>300V, 20A, 2000W DC-Netzteil, 1U Gr\u00f6\u00dfe<\/p>","protected":false},"featured_media":11166,"comment_status":"closed","ping_status":"closed","template":"","meta":{"_acf_changed":false,"slim_seo":{"title":"IT-M3902D-300-20 - YOTAVIS AG","description":"300V, 20A, 2000W DC-Netzteil, 1U Gr\u00f6\u00dfe"}},"product_brand":[822],"product_cat":[516,515],"product_tag":[],"class_list":{"0":"post-10506","1":"product","2":"type-product","3":"status-publish","4":"has-post-thumbnail","6":"product_brand-itech","7":"product_cat-dc-source-en","8":"product_cat-power-en","9":"pa_current-a-552","10":"pa_output-number-146","11":"pa_power-w-561","12":"pa_remote-control-yes","13":"pa_voltage-v-624","15":"first","16":"instock","17":"taxable","18":"shipping-taxable","19":"product-type-simple"},"acf":[],"_links":{"self":[{"href":"https:\/\/yotavis.ch\/de\/wp-json\/wp\/v2\/product\/10506","targetHints":{"allow":["GET"]}}],"collection":[{"href":"https:\/\/yotavis.ch\/de\/wp-json\/wp\/v2\/product"}],"about":[{"href":"https:\/\/yotavis.ch\/de\/wp-json\/wp\/v2\/types\/product"}],"replies":[{"embeddable":true,"href":"https:\/\/yotavis.ch\/de\/wp-json\/wp\/v2\/comments?post=10506"}],"wp:featuredmedia":[{"embeddable":true,"href":"https:\/\/yotavis.ch\/de\/wp-json\/wp\/v2\/media\/11166"}],"wp:attachment":[{"href":"https:\/\/yotavis.ch\/de\/wp-json\/wp\/v2\/media?parent=10506"}],"wp:term":[{"taxonomy":"product_brand","embeddable":true,"href":"https:\/\/yotavis.ch\/de\/wp-json\/wp\/v2\/product_brand?post=10506"},{"taxonomy":"product_cat","embeddable":true,"href":"https:\/\/yotavis.ch\/de\/wp-json\/wp\/v2\/product_cat?post=10506"},{"taxonomy":"product_tag","embeddable":true,"href":"https:\/\/yotavis.ch\/de\/wp-json\/wp\/v2\/product_tag?post=10506"}],"curies":[{"name":"wp","href":"https:\/\/api.w.org\/{rel}","templated":true}]}}