{"id":10508,"date":"2025-10-09T00:00:00","date_gmt":"2025-10-08T22:00:00","guid":{"rendered":"https:\/\/yotavis.ch\/product\/it-m3906d-300-60\/"},"modified":"2026-04-24T13:43:05","modified_gmt":"2026-04-24T11:43:05","slug":"it-m3906d-300-60","status":"publish","type":"product","link":"https:\/\/yotavis.ch\/de\/produkt\/it-m3906d-300-60\/","title":{"rendered":"IT-M3906D-300-60"},"content":{"rendered":"<p>Das ITECH IT-M3906D-300-60 ist ein Gleichstromnetzteil, das eine maximale Ausgangsleistung von 6000 Watt liefert. Es arbeitet mit einer Spannung von 300 Volt und kann einen Strom von bis zu 60 Ampere liefern. Dieses Modell verf\u00fcgt \u00fcber einen einzigen Ausgangskanal, der eine gezielte Leistungsabgabe erm\u00f6glicht. Das Ger\u00e4t ist kompakt mit einer Gr\u00f6\u00dfe von 1U, wodurch es sich f\u00fcr die Rack-Montage in verschiedenen Aufbauten eignet. Es verf\u00fcgt au\u00dferdem \u00fcber eine Fernbedienungsfunktion, mit der der Benutzer das Netzteil bequem und flexibel aus der Ferne bedienen kann. Dank der Kombination aus hohen Spannungs-, Strom- und Leistungswerten eignet sich dieses Netzteil f\u00fcr anspruchsvolle Anwendungen, die eine stabile und zuverl\u00e4ssige Gleichstromversorgung erfordern. Das Design und die Spezifikationen spiegeln ein Gleichgewicht zwischen Leistung und Platzersparnis wider.<\/p>","protected":false},"excerpt":{"rendered":"<p>300V, 60A, 6000W DC-Netzteil, 1U-Gr\u00f6\u00dfe<\/p>","protected":false},"featured_media":11166,"comment_status":"closed","ping_status":"closed","template":"","meta":{"_acf_changed":false,"slim_seo":{"title":"IT-M3906D-300-60 - YOTAVIS AG","description":"300V, 60A, 6000W DC-Netzteil, 1U-Gr\u00f6\u00dfe"}},"product_brand":[822],"product_cat":[516,515],"product_tag":[],"class_list":{"0":"post-10508","1":"product","2":"type-product","3":"status-publish","4":"has-post-thumbnail","6":"product_brand-itech","7":"product_cat-dc-source-en","8":"product_cat-power-en","9":"pa_current-a-406","10":"pa_output-number-146","11":"pa_power-w-626","12":"pa_remote-control-yes","13":"pa_voltage-v-624","15":"first","16":"instock","17":"taxable","18":"shipping-taxable","19":"product-type-simple"},"acf":[],"_links":{"self":[{"href":"https:\/\/yotavis.ch\/de\/wp-json\/wp\/v2\/product\/10508","targetHints":{"allow":["GET"]}}],"collection":[{"href":"https:\/\/yotavis.ch\/de\/wp-json\/wp\/v2\/product"}],"about":[{"href":"https:\/\/yotavis.ch\/de\/wp-json\/wp\/v2\/types\/product"}],"replies":[{"embeddable":true,"href":"https:\/\/yotavis.ch\/de\/wp-json\/wp\/v2\/comments?post=10508"}],"wp:featuredmedia":[{"embeddable":true,"href":"https:\/\/yotavis.ch\/de\/wp-json\/wp\/v2\/media\/11166"}],"wp:attachment":[{"href":"https:\/\/yotavis.ch\/de\/wp-json\/wp\/v2\/media?parent=10508"}],"wp:term":[{"taxonomy":"product_brand","embeddable":true,"href":"https:\/\/yotavis.ch\/de\/wp-json\/wp\/v2\/product_brand?post=10508"},{"taxonomy":"product_cat","embeddable":true,"href":"https:\/\/yotavis.ch\/de\/wp-json\/wp\/v2\/product_cat?post=10508"},{"taxonomy":"product_tag","embeddable":true,"href":"https:\/\/yotavis.ch\/de\/wp-json\/wp\/v2\/product_tag?post=10508"}],"curies":[{"name":"wp","href":"https:\/\/api.w.org\/{rel}","templated":true}]}}