{"id":10511,"date":"2025-10-09T00:00:00","date_gmt":"2025-10-08T22:00:00","guid":{"rendered":"https:\/\/yotavis.ch\/product\/it-m3904d-500-24\/"},"modified":"2026-04-24T13:43:06","modified_gmt":"2026-04-24T11:43:06","slug":"it-m3904d-500-24","status":"publish","type":"product","link":"https:\/\/yotavis.ch\/de\/produkt\/it-m3904d-500-24\/","title":{"rendered":"IT-M3904D-500-24"},"content":{"rendered":"<p>Das ITECH IT-M3904D-500-24 ist ein Gleichstrom-Netzteil, das eine maximale Ausgangsleistung von 4000 Watt liefert. Es arbeitet mit einer Spannung von 500 Volt und liefert einen Strom von bis zu 24 Ampere. Dieses Modell verf\u00fcgt \u00fcber einen einzigen Ausgangskanal, der eine gezielte Leistungsabgabe erm\u00f6glicht. Das Ger\u00e4t ist kompakt mit einer Gr\u00f6\u00dfe von 1U, wodurch es sich f\u00fcr die Rack-Montage in verschiedenen Aufbauten eignet. Es verf\u00fcgt au\u00dferdem \u00fcber eine Fernbedienungsfunktion, die es dem Benutzer erm\u00f6glicht, das Netzger\u00e4t aus der Ferne zu bedienen. Durch die Kombination aus hoher Spannung, Stromst\u00e4rke und Leistung eignet sich dieses Ger\u00e4t f\u00fcr anspruchsvolle Anwendungen, die eine stabile Gleichstromversorgung erfordern. Sein Design legt Wert auf Funktionalit\u00e4t und Integration in bestehende Systeme ohne zus\u00e4tzliche Komplexit\u00e4t.<\/p>","protected":false},"excerpt":{"rendered":"<p>500V, 24A, 4000W DC PSU, 1U Gr\u00f6\u00dfe<\/p>","protected":false},"featured_media":11166,"comment_status":"closed","ping_status":"closed","template":"","meta":{"_acf_changed":false,"slim_seo":{"title":"IT-M3904D-500-24 - YOTAVIS AG","description":"500V, 24A, 4000W DC PSU, 1U Gr\u00f6\u00dfe"}},"product_brand":[822],"product_cat":[516,515],"product_tag":[],"class_list":{"0":"post-10511","1":"product","2":"type-product","3":"status-publish","4":"has-post-thumbnail","6":"product_brand-itech","7":"product_cat-dc-source-en","8":"product_cat-power-en","9":"pa_current-a-584","10":"pa_output-number-146","11":"pa_power-w-611","12":"pa_remote-control-yes","13":"pa_voltage-v-604","15":"first","16":"instock","17":"taxable","18":"shipping-taxable","19":"product-type-simple"},"acf":[],"_links":{"self":[{"href":"https:\/\/yotavis.ch\/de\/wp-json\/wp\/v2\/product\/10511","targetHints":{"allow":["GET"]}}],"collection":[{"href":"https:\/\/yotavis.ch\/de\/wp-json\/wp\/v2\/product"}],"about":[{"href":"https:\/\/yotavis.ch\/de\/wp-json\/wp\/v2\/types\/product"}],"replies":[{"embeddable":true,"href":"https:\/\/yotavis.ch\/de\/wp-json\/wp\/v2\/comments?post=10511"}],"wp:featuredmedia":[{"embeddable":true,"href":"https:\/\/yotavis.ch\/de\/wp-json\/wp\/v2\/media\/11166"}],"wp:attachment":[{"href":"https:\/\/yotavis.ch\/de\/wp-json\/wp\/v2\/media?parent=10511"}],"wp:term":[{"taxonomy":"product_brand","embeddable":true,"href":"https:\/\/yotavis.ch\/de\/wp-json\/wp\/v2\/product_brand?post=10511"},{"taxonomy":"product_cat","embeddable":true,"href":"https:\/\/yotavis.ch\/de\/wp-json\/wp\/v2\/product_cat?post=10511"},{"taxonomy":"product_tag","embeddable":true,"href":"https:\/\/yotavis.ch\/de\/wp-json\/wp\/v2\/product_tag?post=10511"}],"curies":[{"name":"wp","href":"https:\/\/api.w.org\/{rel}","templated":true}]}}