{"id":10512,"date":"2025-10-09T00:00:00","date_gmt":"2025-10-08T22:00:00","guid":{"rendered":"https:\/\/yotavis.ch\/product\/it-m3906d-500-36\/"},"modified":"2026-04-24T13:43:06","modified_gmt":"2026-04-24T11:43:06","slug":"it-m3906d-500-36","status":"publish","type":"product","link":"https:\/\/yotavis.ch\/de\/produkt\/it-m3906d-500-36\/","title":{"rendered":"IT-M3906D-500-36"},"content":{"rendered":"<p>Das ITECH IT-M3906D-500-36 ist ein Gleichstromnetzteil, das eine maximale Ausgangsleistung von 6000 Watt liefert. Es arbeitet mit einer Spannung von 500 Volt und kann einen Strom von bis zu 36 Ampere liefern. Dieses Modell verf\u00fcgt \u00fcber einen einzigen Ausgangskanal, der eine gezielte Leistungsabgabe erm\u00f6glicht. Das Ger\u00e4t ist kompakt mit einer Gr\u00f6\u00dfe von 1U, wodurch es sich f\u00fcr Installationen mit begrenztem Platzangebot eignet. Au\u00dferdem verf\u00fcgt es \u00fcber eine Fernbedienungsfunktion, die es dem Benutzer erm\u00f6glicht, das Netzger\u00e4t aus der Ferne zu bedienen, um es bequem und sicher zu machen. Die Kombination aus hoher Spannung, Stromst\u00e4rke und Leistungskapazit\u00e4t macht dieses Netzteil geeignet f\u00fcr anspruchsvolle Anwendungen, die eine stabile und zuverl\u00e4ssige Gleichstromversorgung erfordern. Das von ITECH hergestellte IT-M3906D-500-36 wurde entwickelt, um die spezifischen Leistungsanforderungen in verschiedenen technischen Umgebungen zu erf\u00fcllen.<\/p>","protected":false},"excerpt":{"rendered":"<p>500V, 36A, 6000W DC-Netzteil, 1U Gr\u00f6\u00dfe<\/p>","protected":false},"featured_media":11166,"comment_status":"closed","ping_status":"closed","template":"","meta":{"_acf_changed":false,"slim_seo":{"title":"IT-M3906D-500-36 - YOTAVIS AG","description":"500V, 36A, 6000W DC-Netzteil, 1U Gr\u00f6\u00dfe"}},"product_brand":[822],"product_cat":[516,515],"product_tag":[],"class_list":{"0":"post-10512","1":"product","2":"type-product","3":"status-publish","4":"has-post-thumbnail","6":"product_brand-itech","7":"product_cat-dc-source-en","8":"product_cat-power-en","9":"pa_current-a-925","10":"pa_output-number-146","11":"pa_power-w-626","12":"pa_remote-control-yes","13":"pa_voltage-v-604","15":"first","16":"instock","17":"taxable","18":"shipping-taxable","19":"product-type-simple"},"acf":[],"_links":{"self":[{"href":"https:\/\/yotavis.ch\/de\/wp-json\/wp\/v2\/product\/10512","targetHints":{"allow":["GET"]}}],"collection":[{"href":"https:\/\/yotavis.ch\/de\/wp-json\/wp\/v2\/product"}],"about":[{"href":"https:\/\/yotavis.ch\/de\/wp-json\/wp\/v2\/types\/product"}],"replies":[{"embeddable":true,"href":"https:\/\/yotavis.ch\/de\/wp-json\/wp\/v2\/comments?post=10512"}],"wp:featuredmedia":[{"embeddable":true,"href":"https:\/\/yotavis.ch\/de\/wp-json\/wp\/v2\/media\/11166"}],"wp:attachment":[{"href":"https:\/\/yotavis.ch\/de\/wp-json\/wp\/v2\/media?parent=10512"}],"wp:term":[{"taxonomy":"product_brand","embeddable":true,"href":"https:\/\/yotavis.ch\/de\/wp-json\/wp\/v2\/product_brand?post=10512"},{"taxonomy":"product_cat","embeddable":true,"href":"https:\/\/yotavis.ch\/de\/wp-json\/wp\/v2\/product_cat?post=10512"},{"taxonomy":"product_tag","embeddable":true,"href":"https:\/\/yotavis.ch\/de\/wp-json\/wp\/v2\/product_tag?post=10512"}],"curies":[{"name":"wp","href":"https:\/\/api.w.org\/{rel}","templated":true}]}}