{"id":10514,"date":"2025-10-09T00:00:00","date_gmt":"2025-10-08T22:00:00","guid":{"rendered":"https:\/\/yotavis.ch\/product\/it-m3902d-800-8\/"},"modified":"2026-04-24T13:43:07","modified_gmt":"2026-04-24T11:43:07","slug":"it-m3902d-800-8","status":"publish","type":"product","link":"https:\/\/yotavis.ch\/de\/produkt\/it-m3902d-800-8\/","title":{"rendered":"IT-M3902D-800-8"},"content":{"rendered":"<p>Das ITECH IT-M3902D-800-8 ist ein Gleichstromnetzteil, das eine maximale Ausgangsleistung von 2000 Watt liefert. Es arbeitet mit einer Spannung von 800 Volt und einer Stromst\u00e4rke von 8 Ampere und eignet sich damit f\u00fcr Anwendungen, die eine hohe Spannung und Stromst\u00e4rke erfordern. Dieses Modell verf\u00fcgt \u00fcber einen einzigen Ausgangskanal, der eine gezielte Leistungsabgabe erm\u00f6glicht. Das Ger\u00e4t ist kompakt mit einer Gr\u00f6\u00dfe von 1U, was eine einfache Integration in Standardger\u00e4te-Racks erm\u00f6glicht. Es verf\u00fcgt \u00fcber eine Fernsteuerungsfunktion, die es dem Benutzer erm\u00f6glicht, das Netzger\u00e4t aus der Ferne zu bedienen, um es bequem und sicher zu machen. Das Design legt den Schwerpunkt auf Effizienz und Pr\u00e4zision bei der Stromversorgung und unterst\u00fctzt verschiedene Industrie- und Laboranwendungen. Seine Spezifikationen gew\u00e4hrleisten eine zuverl\u00e4ssige Leistung in anspruchsvollen Umgebungen.<\/p>","protected":false},"excerpt":{"rendered":"<p>800V, 8A, 2000W DC PSU, 1U Gr\u00f6\u00dfe<\/p>","protected":false},"featured_media":11166,"comment_status":"closed","ping_status":"closed","template":"","meta":{"_acf_changed":false,"slim_seo":{"title":"IT-M3902D-800-8 - YOTAVIS AG","description":"800V, 8A, 2000W DC PSU, 1U Gr\u00f6\u00dfe"}},"product_brand":[822],"product_cat":[516,515],"product_tag":[],"class_list":{"0":"post-10514","1":"product","2":"type-product","3":"status-publish","4":"has-post-thumbnail","6":"product_brand-itech","7":"product_cat-dc-source-en","8":"product_cat-power-en","9":"pa_current-a-394","10":"pa_output-number-146","11":"pa_power-w-561","12":"pa_remote-control-yes","13":"pa_voltage-v-319","15":"first","16":"instock","17":"taxable","18":"shipping-taxable","19":"product-type-simple"},"acf":[],"_links":{"self":[{"href":"https:\/\/yotavis.ch\/de\/wp-json\/wp\/v2\/product\/10514","targetHints":{"allow":["GET"]}}],"collection":[{"href":"https:\/\/yotavis.ch\/de\/wp-json\/wp\/v2\/product"}],"about":[{"href":"https:\/\/yotavis.ch\/de\/wp-json\/wp\/v2\/types\/product"}],"replies":[{"embeddable":true,"href":"https:\/\/yotavis.ch\/de\/wp-json\/wp\/v2\/comments?post=10514"}],"wp:featuredmedia":[{"embeddable":true,"href":"https:\/\/yotavis.ch\/de\/wp-json\/wp\/v2\/media\/11166"}],"wp:attachment":[{"href":"https:\/\/yotavis.ch\/de\/wp-json\/wp\/v2\/media?parent=10514"}],"wp:term":[{"taxonomy":"product_brand","embeddable":true,"href":"https:\/\/yotavis.ch\/de\/wp-json\/wp\/v2\/product_brand?post=10514"},{"taxonomy":"product_cat","embeddable":true,"href":"https:\/\/yotavis.ch\/de\/wp-json\/wp\/v2\/product_cat?post=10514"},{"taxonomy":"product_tag","embeddable":true,"href":"https:\/\/yotavis.ch\/de\/wp-json\/wp\/v2\/product_tag?post=10514"}],"curies":[{"name":"wp","href":"https:\/\/api.w.org\/{rel}","templated":true}]}}