{"id":10519,"date":"2025-10-09T00:00:00","date_gmt":"2025-10-08T22:00:00","guid":{"rendered":"https:\/\/yotavis.ch\/product\/it-m3901c-10-170\/"},"modified":"2026-04-24T13:43:08","modified_gmt":"2026-04-24T11:43:08","slug":"it-m3901c-10-170","status":"publish","type":"product","link":"https:\/\/yotavis.ch\/de\/produkt\/it-m3901c-10-170\/","title":{"rendered":"IT-M3901C-10-170"},"content":{"rendered":"<p>Das IT-M3901C-10-170 von ITECH ist ein bidirektionales DC-Netzteil mit einer Ausgangsleistung von 1700 Watt. Es arbeitet mit einer Spannung von 10 Volt und kann einen Strom von bis zu 170 Ampere liefern. Dieses Modell unterst\u00fctzt einen Strombereich von -120 bis 170 Ampere und einen Leistungsbereich von -1,2 kW bis 1,7 kW, so dass es sich f\u00fcr Anwendungen eignet, die sowohl Sourcing- als auch Sinking-Funktionen erfordern. Das Ger\u00e4t ist in einer kompakten 1U-Gr\u00f6\u00dfe konzipiert, was eine effiziente Nutzung des Rack-Platzes erm\u00f6glicht. Es verf\u00fcgt \u00fcber einen einzigen Ausgangskanal und bietet eine Fernsteuerungsfunktion, die den Betrieb aus der Ferne erm\u00f6glicht. Dieses Netzteil wurde entwickelt, um pr\u00e4zise und zuverl\u00e4ssige Gleichstromversorgung f\u00fcr verschiedene Test- und Entwicklungsumgebungen zu liefern.<\/p>","protected":false},"excerpt":{"rendered":"<p>10V, -120~170A, -1.2kW~1.7kW Bidirektionales DC-Netzteil, 1U Gr\u00f6\u00dfe<\/p>","protected":false},"featured_media":11166,"comment_status":"closed","ping_status":"closed","template":"","meta":{"_acf_changed":false,"slim_seo":{"title":"IT-M3901C-10-170 - YOTAVIS AG","description":"10V, -120~170A, -1.2kW~1.7kW Bidirektionales DC-Netzteil, 1U Gr\u00f6\u00dfe"}},"product_brand":[822],"product_cat":[546,515],"product_tag":[],"class_list":{"0":"post-10519","1":"product","2":"type-product","3":"status-publish","4":"has-post-thumbnail","6":"product_brand-itech","7":"product_cat-dc-2-quadrants-en","8":"product_cat-power-en","9":"pa_current-a-930","10":"pa_output-number-146","11":"pa_power-w-929","12":"pa_remote-control-yes","13":"pa_voltage-v-572","15":"first","16":"instock","17":"taxable","18":"shipping-taxable","19":"product-type-simple"},"acf":[],"_links":{"self":[{"href":"https:\/\/yotavis.ch\/de\/wp-json\/wp\/v2\/product\/10519","targetHints":{"allow":["GET"]}}],"collection":[{"href":"https:\/\/yotavis.ch\/de\/wp-json\/wp\/v2\/product"}],"about":[{"href":"https:\/\/yotavis.ch\/de\/wp-json\/wp\/v2\/types\/product"}],"replies":[{"embeddable":true,"href":"https:\/\/yotavis.ch\/de\/wp-json\/wp\/v2\/comments?post=10519"}],"wp:featuredmedia":[{"embeddable":true,"href":"https:\/\/yotavis.ch\/de\/wp-json\/wp\/v2\/media\/11166"}],"wp:attachment":[{"href":"https:\/\/yotavis.ch\/de\/wp-json\/wp\/v2\/media?parent=10519"}],"wp:term":[{"taxonomy":"product_brand","embeddable":true,"href":"https:\/\/yotavis.ch\/de\/wp-json\/wp\/v2\/product_brand?post=10519"},{"taxonomy":"product_cat","embeddable":true,"href":"https:\/\/yotavis.ch\/de\/wp-json\/wp\/v2\/product_cat?post=10519"},{"taxonomy":"product_tag","embeddable":true,"href":"https:\/\/yotavis.ch\/de\/wp-json\/wp\/v2\/product_tag?post=10519"}],"curies":[{"name":"wp","href":"https:\/\/api.w.org\/{rel}","templated":true}]}}