{"id":10520,"date":"2025-10-09T00:00:00","date_gmt":"2025-10-08T22:00:00","guid":{"rendered":"https:\/\/yotavis.ch\/product\/it-m3903c-10-340\/"},"modified":"2026-04-24T13:43:09","modified_gmt":"2026-04-24T11:43:09","slug":"it-m3903c-10-340","status":"publish","type":"product","link":"https:\/\/yotavis.ch\/de\/produkt\/it-m3903c-10-340\/","title":{"rendered":"IT-M3903C-10-340"},"content":{"rendered":"<p>Das ITECH IT-M3903C-10-340 ist ein bidirektionales DC-Netzteil mit einer Nennspannung von 10V und einem Strombereich von -240A bis 340A. Es liefert eine Ausgangsleistung von -2,4kW bis 3,4kW und ist damit f\u00fcr Anwendungen geeignet, die eine pr\u00e4zise Leistungssteuerung erfordern. Dieses Modell zeichnet sich durch ein kompaktes 1U-Design aus, das eine effiziente Nutzung des Platzes in verschiedenen Aufbauten erm\u00f6glicht. Es verf\u00fcgt \u00fcber einen einzigen Ausgangskanal und unterst\u00fctzt die Fernsteuerungsfunktion, so dass der Benutzer das Ger\u00e4t aus der Ferne bedienen kann. Die maximale Ausgangsleistung liegt bei 3400 Watt und gew\u00e4hrleistet eine robuste Performance. Das Ger\u00e4t ist so konzipiert, dass es sowohl positive als auch negative Strom- und Leistungswerte verarbeiten kann, was seine bidirektionale F\u00e4higkeit widerspiegelt. Dieses Netzger\u00e4t wird von ITECH hergestellt, einer Marke, die f\u00fcr die Herstellung zuverl\u00e4ssiger elektronischer Testger\u00e4te bekannt ist.<\/p>","protected":false},"excerpt":{"rendered":"<p>10V, -240~340A, -2.4kW~3.4kW Bidirektionales DC-Netzteil, 1U Gr\u00f6\u00dfe<\/p>","protected":false},"featured_media":11166,"comment_status":"closed","ping_status":"closed","template":"","meta":{"_acf_changed":false,"slim_seo":{"title":"IT-M3903C-10-340 - YOTAVIS AG","description":"10V, -240~340A, -2.4kW~3.4kW Bidirektionales DC-Netzteil, 1U Gr\u00f6\u00dfe"}},"product_brand":[822],"product_cat":[546,515],"product_tag":[],"class_list":{"0":"post-10520","1":"product","2":"type-product","3":"status-publish","4":"has-post-thumbnail","6":"product_brand-itech","7":"product_cat-dc-2-quadrants-en","8":"product_cat-power-en","9":"pa_current-a-932","10":"pa_output-number-146","11":"pa_power-w-931","12":"pa_remote-control-yes","13":"pa_voltage-v-572","15":"first","16":"instock","17":"taxable","18":"shipping-taxable","19":"product-type-simple"},"acf":[],"_links":{"self":[{"href":"https:\/\/yotavis.ch\/de\/wp-json\/wp\/v2\/product\/10520","targetHints":{"allow":["GET"]}}],"collection":[{"href":"https:\/\/yotavis.ch\/de\/wp-json\/wp\/v2\/product"}],"about":[{"href":"https:\/\/yotavis.ch\/de\/wp-json\/wp\/v2\/types\/product"}],"replies":[{"embeddable":true,"href":"https:\/\/yotavis.ch\/de\/wp-json\/wp\/v2\/comments?post=10520"}],"wp:featuredmedia":[{"embeddable":true,"href":"https:\/\/yotavis.ch\/de\/wp-json\/wp\/v2\/media\/11166"}],"wp:attachment":[{"href":"https:\/\/yotavis.ch\/de\/wp-json\/wp\/v2\/media?parent=10520"}],"wp:term":[{"taxonomy":"product_brand","embeddable":true,"href":"https:\/\/yotavis.ch\/de\/wp-json\/wp\/v2\/product_brand?post=10520"},{"taxonomy":"product_cat","embeddable":true,"href":"https:\/\/yotavis.ch\/de\/wp-json\/wp\/v2\/product_cat?post=10520"},{"taxonomy":"product_tag","embeddable":true,"href":"https:\/\/yotavis.ch\/de\/wp-json\/wp\/v2\/product_tag?post=10520"}],"curies":[{"name":"wp","href":"https:\/\/api.w.org\/{rel}","templated":true}]}}