{"id":10521,"date":"2025-10-09T00:00:00","date_gmt":"2025-10-08T22:00:00","guid":{"rendered":"https:\/\/yotavis.ch\/product\/it-m3905c-10-510\/"},"modified":"2026-04-24T13:43:09","modified_gmt":"2026-04-24T11:43:09","slug":"it-m3905c-10-510","status":"publish","type":"product","link":"https:\/\/yotavis.ch\/de\/produkt\/it-m3905c-10-510\/","title":{"rendered":"IT-M3905C-10-510"},"content":{"rendered":"<p>Das ITECH IT-M3905C-10-510 ist ein bidirektionales DC-Netzteil mit einer Nennspannung von 10V und einer Stromkapazit\u00e4t von bis zu 510A. Es bietet einen Leistungsbereich von -3,6kW bis 5,1kW und ist damit f\u00fcr Anwendungen geeignet, die sowohl Sourcing- als auch Sinking-F\u00e4higkeiten erfordern. Dieses Modell ist in einer kompakten 1U-Gr\u00f6\u00dfe konzipiert, was eine effiziente Nutzung des Rack-Platzes erm\u00f6glicht. Es verf\u00fcgt \u00fcber einen einzigen Ausgangskanal und unterst\u00fctzt Fernsteuerungsfunktionen, die den Betrieb aus der Ferne erm\u00f6glichen. Das Netzteil liefert eine kontinuierliche Ausgangsleistung von 3600 W und gew\u00e4hrleistet eine stabile Leistung unter verschiedenen Lastbedingungen. Dank seiner bidirektionalen Eigenschaft kann es den Stromfluss in beide Richtungen bew\u00e4ltigen, was f\u00fcr Test- und Simulationsaufgaben unerl\u00e4sslich ist. Die Kombination aus hohen Strom-, Spannungs- und Leistungswerten in einem kompakten Formfaktor macht dieses Ger\u00e4t vielseitig f\u00fcr verschiedene Industrie- und Laborumgebungen einsetzbar.<\/p>","protected":false},"excerpt":{"rendered":"<p>10V, -360~510A, -3.6kW~5.1kW Bidirektionales DC-Netzteil, 1U Gr\u00f6\u00dfe<\/p>","protected":false},"featured_media":11166,"comment_status":"closed","ping_status":"closed","template":"","meta":{"_acf_changed":false,"slim_seo":{"title":"IT-M3905C-10-510 - YOTAVIS AG","description":"10V, -360~510A, -3.6kW~5.1kW Bidirektionales DC-Netzteil, 1U Gr\u00f6\u00dfe"}},"product_brand":[822],"product_cat":[546,515],"product_tag":[],"class_list":{"0":"post-10521","1":"product","2":"type-product","3":"status-publish","4":"has-post-thumbnail","6":"product_brand-itech","7":"product_cat-dc-2-quadrants-en","8":"product_cat-power-en","9":"pa_current-a-934","10":"pa_output-number-146","11":"pa_power-w-621","12":"pa_remote-control-yes","13":"pa_voltage-v-572","15":"first","16":"instock","17":"taxable","18":"shipping-taxable","19":"product-type-simple"},"acf":[],"_links":{"self":[{"href":"https:\/\/yotavis.ch\/de\/wp-json\/wp\/v2\/product\/10521","targetHints":{"allow":["GET"]}}],"collection":[{"href":"https:\/\/yotavis.ch\/de\/wp-json\/wp\/v2\/product"}],"about":[{"href":"https:\/\/yotavis.ch\/de\/wp-json\/wp\/v2\/types\/product"}],"replies":[{"embeddable":true,"href":"https:\/\/yotavis.ch\/de\/wp-json\/wp\/v2\/comments?post=10521"}],"wp:featuredmedia":[{"embeddable":true,"href":"https:\/\/yotavis.ch\/de\/wp-json\/wp\/v2\/media\/11166"}],"wp:attachment":[{"href":"https:\/\/yotavis.ch\/de\/wp-json\/wp\/v2\/media?parent=10521"}],"wp:term":[{"taxonomy":"product_brand","embeddable":true,"href":"https:\/\/yotavis.ch\/de\/wp-json\/wp\/v2\/product_brand?post=10521"},{"taxonomy":"product_cat","embeddable":true,"href":"https:\/\/yotavis.ch\/de\/wp-json\/wp\/v2\/product_cat?post=10521"},{"taxonomy":"product_tag","embeddable":true,"href":"https:\/\/yotavis.ch\/de\/wp-json\/wp\/v2\/product_tag?post=10521"}],"curies":[{"name":"wp","href":"https:\/\/api.w.org\/{rel}","templated":true}]}}