{"id":10522,"date":"2025-10-09T00:00:00","date_gmt":"2025-10-08T22:00:00","guid":{"rendered":"https:\/\/yotavis.ch\/product\/it-m3910c-10-1020\/"},"modified":"2026-04-24T13:43:09","modified_gmt":"2026-04-24T11:43:09","slug":"it-m3910c-10-1020","status":"publish","type":"product","link":"https:\/\/yotavis.ch\/de\/produkt\/it-m3910c-10-1020\/","title":{"rendered":"IT-M3910C-10-1020"},"content":{"rendered":"<p>Das ITECH IT-M3910C-10-1020 ist ein bidirektionales DC-Netzteil mit einer Ausgangsleistung von 10,2 kW. Es arbeitet mit einer Spannung von 10 V und kann einen maximalen Strom von 1020 A liefern. Dieses Modell unterst\u00fctzt einen Strombereich von -720A bis 1020A und einen Leistungsbereich von -7,2 kW bis 10,2 kW, was vielseitige Anwendungen erm\u00f6glicht, die sowohl Sourcing- als auch Sinking-Funktionen erfordern. Das Ger\u00e4t hat eine kompakte 2U-Gr\u00f6\u00dfe und eignet sich daher f\u00fcr die Rack-Montage in verschiedenen Aufbauten. Es verf\u00fcgt \u00fcber einen einzigen Ausgangskanal und ist mit einer Fernbedienungsfunktion ausgestattet, die es dem Benutzer erm\u00f6glicht, das Ger\u00e4t aus der Ferne zu bedienen. Das von ITECH hergestellte Netzger\u00e4t ist f\u00fcr anspruchsvolle elektrische Pr\u00fcfungen und Leistungsumwandlungen ausgelegt.<\/p>","protected":false},"excerpt":{"rendered":"<p>10V, -720~1020A, -7.2kW~10.2kW Bidirektionales DC-Netzteil, 2U Gr\u00f6\u00dfe<\/p>","protected":false},"featured_media":12278,"comment_status":"closed","ping_status":"closed","template":"","meta":{"_acf_changed":false,"slim_seo":{"title":"IT-M3910C-10-1020 - YOTAVIS AG","description":"10V, -720~1020A, -7.2kW~10.2kW Bidirektionales DC-Netzteil, 2U Gr\u00f6\u00dfe"}},"product_brand":[822],"product_cat":[546,515],"product_tag":[],"class_list":{"0":"post-10522","1":"product","2":"type-product","3":"status-publish","4":"has-post-thumbnail","6":"product_brand-itech","7":"product_cat-dc-2-quadrants-en","8":"product_cat-power-en","9":"pa_current-a-936","10":"pa_output-number-146","11":"pa_power-w-935","12":"pa_remote-control-yes","13":"pa_voltage-v-572","15":"first","16":"instock","17":"taxable","18":"shipping-taxable","19":"product-type-simple"},"acf":[],"_links":{"self":[{"href":"https:\/\/yotavis.ch\/de\/wp-json\/wp\/v2\/product\/10522","targetHints":{"allow":["GET"]}}],"collection":[{"href":"https:\/\/yotavis.ch\/de\/wp-json\/wp\/v2\/product"}],"about":[{"href":"https:\/\/yotavis.ch\/de\/wp-json\/wp\/v2\/types\/product"}],"replies":[{"embeddable":true,"href":"https:\/\/yotavis.ch\/de\/wp-json\/wp\/v2\/comments?post=10522"}],"wp:featuredmedia":[{"embeddable":true,"href":"https:\/\/yotavis.ch\/de\/wp-json\/wp\/v2\/media\/12278"}],"wp:attachment":[{"href":"https:\/\/yotavis.ch\/de\/wp-json\/wp\/v2\/media?parent=10522"}],"wp:term":[{"taxonomy":"product_brand","embeddable":true,"href":"https:\/\/yotavis.ch\/de\/wp-json\/wp\/v2\/product_brand?post=10522"},{"taxonomy":"product_cat","embeddable":true,"href":"https:\/\/yotavis.ch\/de\/wp-json\/wp\/v2\/product_cat?post=10522"},{"taxonomy":"product_tag","embeddable":true,"href":"https:\/\/yotavis.ch\/de\/wp-json\/wp\/v2\/product_tag?post=10522"}],"curies":[{"name":"wp","href":"https:\/\/api.w.org\/{rel}","templated":true}]}}