{"id":10527,"date":"2025-10-09T00:00:00","date_gmt":"2025-10-08T22:00:00","guid":{"rendered":"https:\/\/yotavis.ch\/product\/it-m3902c-80-40\/"},"modified":"2026-04-24T13:43:17","modified_gmt":"2026-04-24T11:43:17","slug":"it-m3902c-80-40","status":"publish","type":"product","link":"https:\/\/yotavis.ch\/de\/produkt\/it-m3902c-80-40\/","title":{"rendered":"IT-M3902C-80-40"},"content":{"rendered":"<p>Das ITECH IT-M3902C-80-40 ist ein bidirektionales Gleichstromnetzteil, das bis zu 80 Volt und \u00b140 Ampere liefern kann und eine maximale Ausgangsleistung von 2000 Watt bietet. Dieses kompakte Ger\u00e4t hat einen Formfaktor von 1U, wodurch es sich f\u00fcr die Integration in Standardger\u00e4te-Racks eignet. Es bietet einen einzigen Ausgangskanal, der eine pr\u00e4zise Steuerung der Leistungsabgabe in verschiedenen Anwendungen erm\u00f6glicht. Das Ger\u00e4t unterst\u00fctzt eine Fernsteuerungsfunktion, die es dem Benutzer erm\u00f6glicht, das Netzger\u00e4t aus der Ferne zu bedienen und zu \u00fcberwachen. Dank seiner bidirektionalen F\u00e4higkeit kann es sowohl Strom liefern als auch abnehmen, was f\u00fcr das Testen und Simulieren realer Bedingungen in elektronischen Ger\u00e4ten unerl\u00e4sslich ist. Das Netzteil ist so konzipiert, dass es dynamische Lasten effizient bew\u00e4ltigen kann, was es zu einem vielseitigen Werkzeug f\u00fcr Forschungs-, Entwicklungs- und Produktionsumgebungen macht. Mit seinen robusten Spezifikationen erf\u00fcllt das IT-M3902C-80-40 die Anforderungen von Anwendungen, die stabile und einstellbare DC-Stromquellen erfordern.<\/p>","protected":false},"excerpt":{"rendered":"<p>80V, \u00b140A, \u00b12kW Bidirektionales DC-Netzteil, Gr\u00f6\u00dfe 1U<\/p>","protected":false},"featured_media":11166,"comment_status":"closed","ping_status":"closed","template":"","meta":{"_acf_changed":false,"slim_seo":{"title":"IT-M3902C-80-40 - YOTAVIS AG","description":"80V, \u00b140A, \u00b12kW Bidirektionales DC-Netzteil, Gr\u00f6\u00dfe 1U"}},"product_brand":[822],"product_cat":[546,515],"product_tag":[],"class_list":{"0":"post-10527","1":"product","2":"type-product","3":"status-publish","4":"has-post-thumbnail","6":"product_brand-itech","7":"product_cat-dc-2-quadrants-en","8":"product_cat-power-en","9":"pa_current-a-550","10":"pa_output-number-146","11":"pa_power-w-561","12":"pa_remote-control-yes","13":"pa_voltage-v-155","15":"first","16":"instock","17":"taxable","18":"shipping-taxable","19":"product-type-simple"},"acf":[],"_links":{"self":[{"href":"https:\/\/yotavis.ch\/de\/wp-json\/wp\/v2\/product\/10527","targetHints":{"allow":["GET"]}}],"collection":[{"href":"https:\/\/yotavis.ch\/de\/wp-json\/wp\/v2\/product"}],"about":[{"href":"https:\/\/yotavis.ch\/de\/wp-json\/wp\/v2\/types\/product"}],"replies":[{"embeddable":true,"href":"https:\/\/yotavis.ch\/de\/wp-json\/wp\/v2\/comments?post=10527"}],"wp:featuredmedia":[{"embeddable":true,"href":"https:\/\/yotavis.ch\/de\/wp-json\/wp\/v2\/media\/11166"}],"wp:attachment":[{"href":"https:\/\/yotavis.ch\/de\/wp-json\/wp\/v2\/media?parent=10527"}],"wp:term":[{"taxonomy":"product_brand","embeddable":true,"href":"https:\/\/yotavis.ch\/de\/wp-json\/wp\/v2\/product_brand?post=10527"},{"taxonomy":"product_cat","embeddable":true,"href":"https:\/\/yotavis.ch\/de\/wp-json\/wp\/v2\/product_cat?post=10527"},{"taxonomy":"product_tag","embeddable":true,"href":"https:\/\/yotavis.ch\/de\/wp-json\/wp\/v2\/product_tag?post=10527"}],"curies":[{"name":"wp","href":"https:\/\/api.w.org\/{rel}","templated":true}]}}