{"id":10529,"date":"2025-10-09T00:00:00","date_gmt":"2025-10-08T22:00:00","guid":{"rendered":"https:\/\/yotavis.ch\/product\/it-m3906c-80-120\/"},"modified":"2026-04-24T13:43:17","modified_gmt":"2026-04-24T11:43:17","slug":"it-m3906c-80-120","status":"publish","type":"product","link":"https:\/\/yotavis.ch\/de\/produkt\/it-m3906c-80-120\/","title":{"rendered":"IT-M3906C-80-120"},"content":{"rendered":"<p>Das ITECH IT-M3906C-80-120 ist ein bidirektionales DC-Netzteil mit einer Ausgangsleistung von 6000 Watt. Es arbeitet mit einer Spannung von 80 Volt und kann einen Strom von bis zu \u00b1120 Ampere liefern. Dieses Modell verf\u00fcgt \u00fcber einen einzigen Ausgangskanal und ist in einer kompakten 1U-Gr\u00f6\u00dfe ausgef\u00fchrt, wodurch es sich f\u00fcr Umgebungen mit begrenztem Platzangebot eignet. Das Netzteil unterst\u00fctzt die Fernsteuerungsfunktionalit\u00e4t und erm\u00f6glicht so eine komfortable Bedienung und Integration in automatisierte Systeme. Dank seiner bidirektionalen F\u00e4higkeit kann es sowohl Strom liefern als auch abnehmen, was f\u00fcr die Pr\u00fcfung und Simulation verschiedener elektrischer Bedingungen unerl\u00e4sslich ist. Das Ger\u00e4t ist f\u00fcr eine Leistung von bis zu \u00b16 Kilowatt ausgelegt und bietet eine robuste Leistung f\u00fcr anspruchsvolle Anwendungen. Die Kombination aus hohen Strom-, Spannungs- und Leistungswerten macht dieses Ger\u00e4t vielseitig f\u00fcr eine Reihe von Industrie- und Laboranwendungen einsetzbar.<\/p>","protected":false},"excerpt":{"rendered":"<p>80V, \u00b1120A, \u00b16kW Bidirektionales DC-Netzteil, Gr\u00f6\u00dfe 1U<\/p>","protected":false},"featured_media":11166,"comment_status":"closed","ping_status":"closed","template":"","meta":{"_acf_changed":false,"slim_seo":{"title":"IT-M3906C-80-120 - YOTAVIS AG","description":"80V, \u00b1120A, \u00b16kW Bidirektionales DC-Netzteil, Gr\u00f6\u00dfe 1U"}},"product_brand":[822],"product_cat":[546,515],"product_tag":[],"class_list":{"0":"post-10529","1":"product","2":"type-product","3":"status-publish","4":"has-post-thumbnail","6":"product_brand-itech","7":"product_cat-dc-2-quadrants-en","8":"product_cat-power-en","9":"pa_current-a-559","10":"pa_output-number-146","11":"pa_power-w-626","12":"pa_remote-control-yes","13":"pa_voltage-v-155","15":"first","16":"instock","17":"taxable","18":"shipping-taxable","19":"product-type-simple"},"acf":[],"_links":{"self":[{"href":"https:\/\/yotavis.ch\/de\/wp-json\/wp\/v2\/product\/10529","targetHints":{"allow":["GET"]}}],"collection":[{"href":"https:\/\/yotavis.ch\/de\/wp-json\/wp\/v2\/product"}],"about":[{"href":"https:\/\/yotavis.ch\/de\/wp-json\/wp\/v2\/types\/product"}],"replies":[{"embeddable":true,"href":"https:\/\/yotavis.ch\/de\/wp-json\/wp\/v2\/comments?post=10529"}],"wp:featuredmedia":[{"embeddable":true,"href":"https:\/\/yotavis.ch\/de\/wp-json\/wp\/v2\/media\/11166"}],"wp:attachment":[{"href":"https:\/\/yotavis.ch\/de\/wp-json\/wp\/v2\/media?parent=10529"}],"wp:term":[{"taxonomy":"product_brand","embeddable":true,"href":"https:\/\/yotavis.ch\/de\/wp-json\/wp\/v2\/product_brand?post=10529"},{"taxonomy":"product_cat","embeddable":true,"href":"https:\/\/yotavis.ch\/de\/wp-json\/wp\/v2\/product_cat?post=10529"},{"taxonomy":"product_tag","embeddable":true,"href":"https:\/\/yotavis.ch\/de\/wp-json\/wp\/v2\/product_tag?post=10529"}],"curies":[{"name":"wp","href":"https:\/\/api.w.org\/{rel}","templated":true}]}}