{"id":10534,"date":"2025-10-09T00:00:00","date_gmt":"2025-10-08T22:00:00","guid":{"rendered":"https:\/\/yotavis.ch\/product\/it-m3902c-300-20\/"},"modified":"2026-04-24T13:43:19","modified_gmt":"2026-04-24T11:43:19","slug":"it-m3902c-300-20","status":"publish","type":"product","link":"https:\/\/yotavis.ch\/de\/produkt\/it-m3902c-300-20\/","title":{"rendered":"IT-M3902C-300-20"},"content":{"rendered":"<p>Das ITECH IT-M3902C-300-20 ist ein bidirektionales Gleichstromnetzteil, das bis zu 2000 Watt Leistung bei einer maximalen Spannung von 300 Volt und einer Stromst\u00e4rke von \u00b120 Ampere liefern kann. Dieses Modell verf\u00fcgt \u00fcber einen einzigen Ausgangskanal und unterst\u00fctzt die Fernsteuerungsfunktionalit\u00e4t, was einen bequemen Betrieb und die Integration in automatisierte Testsysteme erm\u00f6glicht. Dank seiner kompakten 1U-Gr\u00f6\u00dfe eignet es sich f\u00fcr die Rack-Montage in verschiedenen Labor- oder Industrieumgebungen. Das Netzteil kann bidirektional betrieben werden und erm\u00f6glicht sowohl die Stromaufnahme als auch die Stromabgabe, was f\u00fcr Pr\u00fcfanwendungen, die eine Energier\u00fcckf\u00fchrung erfordern, unerl\u00e4sslich ist. Das Ger\u00e4t ist so konzipiert, dass es eine breite Palette von Gleichstromanforderungen mit Pr\u00e4zision und Zuverl\u00e4ssigkeit erf\u00fcllt. Sein Design unterst\u00fctzt ein effizientes Energiemanagement und eine effiziente Steuerung, so dass es sich an verschiedene Testszenarien anpassen l\u00e4sst. Das IT-M3902C-300-20 kombiniert eine hohe Ausgangsleistung mit flexiblen Steuerungsoptionen in einem kompakten Formfaktor.<\/p>","protected":false},"excerpt":{"rendered":"<p>300V, \u00b120A, \u00b12kW Bidirektionales DC-Netzteil, Gr\u00f6\u00dfe 1U<\/p>","protected":false},"featured_media":11166,"comment_status":"closed","ping_status":"closed","template":"","meta":{"_acf_changed":false,"slim_seo":{"title":"IT-M3902C-300-20 - YOTAVIS AG","description":"300V, \u00b120A, \u00b12kW Bidirektionales DC-Netzteil, Gr\u00f6\u00dfe 1U"}},"product_brand":[822],"product_cat":[546,515],"product_tag":[],"class_list":{"0":"post-10534","1":"product","2":"type-product","3":"status-publish","4":"has-post-thumbnail","6":"product_brand-itech","7":"product_cat-dc-2-quadrants-en","8":"product_cat-power-en","9":"pa_current-a-552","10":"pa_output-number-146","11":"pa_power-w-561","12":"pa_remote-control-yes","13":"pa_voltage-v-624","15":"first","16":"instock","17":"taxable","18":"shipping-taxable","19":"product-type-simple"},"acf":[],"_links":{"self":[{"href":"https:\/\/yotavis.ch\/de\/wp-json\/wp\/v2\/product\/10534","targetHints":{"allow":["GET"]}}],"collection":[{"href":"https:\/\/yotavis.ch\/de\/wp-json\/wp\/v2\/product"}],"about":[{"href":"https:\/\/yotavis.ch\/de\/wp-json\/wp\/v2\/types\/product"}],"replies":[{"embeddable":true,"href":"https:\/\/yotavis.ch\/de\/wp-json\/wp\/v2\/comments?post=10534"}],"wp:featuredmedia":[{"embeddable":true,"href":"https:\/\/yotavis.ch\/de\/wp-json\/wp\/v2\/media\/11166"}],"wp:attachment":[{"href":"https:\/\/yotavis.ch\/de\/wp-json\/wp\/v2\/media?parent=10534"}],"wp:term":[{"taxonomy":"product_brand","embeddable":true,"href":"https:\/\/yotavis.ch\/de\/wp-json\/wp\/v2\/product_brand?post=10534"},{"taxonomy":"product_cat","embeddable":true,"href":"https:\/\/yotavis.ch\/de\/wp-json\/wp\/v2\/product_cat?post=10534"},{"taxonomy":"product_tag","embeddable":true,"href":"https:\/\/yotavis.ch\/de\/wp-json\/wp\/v2\/product_tag?post=10534"}],"curies":[{"name":"wp","href":"https:\/\/api.w.org\/{rel}","templated":true}]}}