{"id":10536,"date":"2025-10-09T00:00:00","date_gmt":"2025-10-08T22:00:00","guid":{"rendered":"https:\/\/yotavis.ch\/product\/it-m3906c-300-60\/"},"modified":"2026-04-24T13:43:20","modified_gmt":"2026-04-24T11:43:20","slug":"it-m3906c-300-60","status":"publish","type":"product","link":"https:\/\/yotavis.ch\/de\/produkt\/it-m3906c-300-60\/","title":{"rendered":"IT-M3906C-300-60"},"content":{"rendered":"<p>Das ITECH IT-M3906C-300-60 ist ein bidirektionales Gleichstromnetzteil, das bis zu 300 Volt und \u00b160 Ampere liefern kann und eine maximale Ausgangsleistung von 6000 Watt bietet. Dieses Modell verf\u00fcgt \u00fcber einen einzigen Ausgangskanal und ist in einem kompakten 1U-Geh\u00e4use untergebracht, wodurch es sich f\u00fcr verschiedene Anwendungen eignet, die eine pr\u00e4zise Leistungssteuerung erfordern. Das Ger\u00e4t unterst\u00fctzt Fernsteuerungsfunktionen, die eine bequeme Bedienung und Integration in automatisierte Pr\u00fcfsysteme erm\u00f6glichen. Dank seiner bidirektionalen F\u00e4higkeit kann es sowohl Stromquellen als auch -senken, was f\u00fcr das Testen und Simulieren realer Leistungsbedingungen unerl\u00e4sslich ist. Das Netzger\u00e4t ist f\u00fcr hohe Strom- und Spannungsanforderungen ausgelegt und bietet gleichzeitig eine stabile Leistung. Mit seinen robusten Spezifikationen ist das IT-M3906C-300-60 f\u00fcr die Anforderungen anspruchsvoller elektrischer Testumgebungen ger\u00fcstet.<\/p>","protected":false},"excerpt":{"rendered":"<p>300V, \u00b160A, \u00b16kW Bidirektionales DC-Netzteil, Gr\u00f6\u00dfe 1U<\/p>","protected":false},"featured_media":11166,"comment_status":"closed","ping_status":"closed","template":"","meta":{"_acf_changed":false,"slim_seo":{"title":"IT-M3906C-300-60 - YOTAVIS AG","description":"300V, \u00b160A, \u00b16kW Bidirektionales DC-Netzteil, Gr\u00f6\u00dfe 1U"}},"product_brand":[822],"product_cat":[546,515],"product_tag":[],"class_list":{"0":"post-10536","1":"product","2":"type-product","3":"status-publish","4":"has-post-thumbnail","6":"product_brand-itech","7":"product_cat-dc-2-quadrants-en","8":"product_cat-power-en","9":"pa_current-a-406","10":"pa_output-number-146","11":"pa_power-w-626","12":"pa_remote-control-yes","13":"pa_voltage-v-624","15":"first","16":"instock","17":"taxable","18":"shipping-taxable","19":"product-type-simple"},"acf":[],"_links":{"self":[{"href":"https:\/\/yotavis.ch\/de\/wp-json\/wp\/v2\/product\/10536","targetHints":{"allow":["GET"]}}],"collection":[{"href":"https:\/\/yotavis.ch\/de\/wp-json\/wp\/v2\/product"}],"about":[{"href":"https:\/\/yotavis.ch\/de\/wp-json\/wp\/v2\/types\/product"}],"replies":[{"embeddable":true,"href":"https:\/\/yotavis.ch\/de\/wp-json\/wp\/v2\/comments?post=10536"}],"wp:featuredmedia":[{"embeddable":true,"href":"https:\/\/yotavis.ch\/de\/wp-json\/wp\/v2\/media\/11166"}],"wp:attachment":[{"href":"https:\/\/yotavis.ch\/de\/wp-json\/wp\/v2\/media?parent=10536"}],"wp:term":[{"taxonomy":"product_brand","embeddable":true,"href":"https:\/\/yotavis.ch\/de\/wp-json\/wp\/v2\/product_brand?post=10536"},{"taxonomy":"product_cat","embeddable":true,"href":"https:\/\/yotavis.ch\/de\/wp-json\/wp\/v2\/product_cat?post=10536"},{"taxonomy":"product_tag","embeddable":true,"href":"https:\/\/yotavis.ch\/de\/wp-json\/wp\/v2\/product_tag?post=10536"}],"curies":[{"name":"wp","href":"https:\/\/api.w.org\/{rel}","templated":true}]}}