{"id":10540,"date":"2025-10-09T00:00:00","date_gmt":"2025-10-08T22:00:00","guid":{"rendered":"https:\/\/yotavis.ch\/product\/it-m3906c-500-36\/"},"modified":"2026-04-24T13:43:21","modified_gmt":"2026-04-24T11:43:21","slug":"it-m3906c-500-36","status":"publish","type":"product","link":"https:\/\/yotavis.ch\/de\/produkt\/it-m3906c-500-36\/","title":{"rendered":"IT-M3906C-500-36"},"content":{"rendered":"<p>Das ITECH IT-M3906C-500-36 ist ein bidirektionales Gleichstromnetzteil, das eine Leistung von bis zu 6000 Watt bei einer maximalen Spannung von 500 Volt und einer Stromkapazit\u00e4t von \u00b136 Ampere liefert. Dieses Modell verf\u00fcgt \u00fcber einen einzigen Ausgangskanal und unterst\u00fctzt die Fernsteuerungsfunktionalit\u00e4t, was einen bequemen Betrieb und die Integration in automatisierte Systeme erm\u00f6glicht. Dank seiner kompakten 1U-Gr\u00f6\u00dfe eignet es sich f\u00fcr die Rack-Montage in verschiedenen Industrie- und Laborumgebungen. Das Netzteil kann bidirektional betrieben werden, d. h. es kann sowohl Strom aufnehmen als auch abgeben, was f\u00fcr das Testen und Simulieren komplexer elektrischer Systeme unerl\u00e4sslich ist. Das Ger\u00e4t ist darauf ausgelegt, hohe Leistungen effizient zu handhaben und gleichzeitig eine pr\u00e4zise Kontrolle \u00fcber die Spannungs- und Stromparameter zu behalten. Sein robustes Design gew\u00e4hrleistet eine zuverl\u00e4ssige Leistung in anspruchsvollen Anwendungen, in denen eine stabile und einstellbare Gleichstromversorgung erforderlich ist. Das IT-M3906C-500-36 kombiniert eine hohe Ausgangsleistung mit Flexibilit\u00e4t und Kontrolle, was es zu einem vielseitigen Werkzeug f\u00fcr Ingenieure und Techniker macht, die mit Gleichstromsystemen arbeiten.<\/p>","protected":false},"excerpt":{"rendered":"<p>500V, \u00b136A, \u00b16kW Bidirektionales DC-Netzteil, Gr\u00f6\u00dfe 1U<\/p>","protected":false},"featured_media":11166,"comment_status":"closed","ping_status":"closed","template":"","meta":{"_acf_changed":false,"slim_seo":{"title":"IT-M3906C-500-36 - YOTAVIS AG","description":"500V, \u00b136A, \u00b16kW Bidirektionales DC-Netzteil, Gr\u00f6\u00dfe 1U"}},"product_brand":[822],"product_cat":[546,515],"product_tag":[],"class_list":{"0":"post-10540","1":"product","2":"type-product","3":"status-publish","4":"has-post-thumbnail","6":"product_brand-itech","7":"product_cat-dc-2-quadrants-en","8":"product_cat-power-en","9":"pa_current-a-925","10":"pa_output-number-146","11":"pa_power-w-626","12":"pa_remote-control-yes","13":"pa_voltage-v-604","15":"first","16":"instock","17":"taxable","18":"shipping-taxable","19":"product-type-simple"},"acf":[],"_links":{"self":[{"href":"https:\/\/yotavis.ch\/de\/wp-json\/wp\/v2\/product\/10540","targetHints":{"allow":["GET"]}}],"collection":[{"href":"https:\/\/yotavis.ch\/de\/wp-json\/wp\/v2\/product"}],"about":[{"href":"https:\/\/yotavis.ch\/de\/wp-json\/wp\/v2\/types\/product"}],"replies":[{"embeddable":true,"href":"https:\/\/yotavis.ch\/de\/wp-json\/wp\/v2\/comments?post=10540"}],"wp:featuredmedia":[{"embeddable":true,"href":"https:\/\/yotavis.ch\/de\/wp-json\/wp\/v2\/media\/11166"}],"wp:attachment":[{"href":"https:\/\/yotavis.ch\/de\/wp-json\/wp\/v2\/media?parent=10540"}],"wp:term":[{"taxonomy":"product_brand","embeddable":true,"href":"https:\/\/yotavis.ch\/de\/wp-json\/wp\/v2\/product_brand?post=10540"},{"taxonomy":"product_cat","embeddable":true,"href":"https:\/\/yotavis.ch\/de\/wp-json\/wp\/v2\/product_cat?post=10540"},{"taxonomy":"product_tag","embeddable":true,"href":"https:\/\/yotavis.ch\/de\/wp-json\/wp\/v2\/product_tag?post=10540"}],"curies":[{"name":"wp","href":"https:\/\/api.w.org\/{rel}","templated":true}]}}