{"id":10542,"date":"2025-10-09T00:00:00","date_gmt":"2025-10-08T22:00:00","guid":{"rendered":"https:\/\/yotavis.ch\/product\/it-m3902c-800-8\/"},"modified":"2026-04-24T13:43:22","modified_gmt":"2026-04-24T11:43:22","slug":"it-m3902c-800-8","status":"publish","type":"product","link":"https:\/\/yotavis.ch\/de\/produkt\/it-m3902c-800-8\/","title":{"rendered":"IT-M3902C-800-8"},"content":{"rendered":"<p>Das IT-M3902C-800-8 von ITECH ist ein bidirektionales DC-Netzteil mit einer Ausgangsleistung von 2000 Watt. Es arbeitet mit einer Spannung von 800 Volt und kann einen Strom von bis zu \u00b18 Ampere liefern. Dieses Modell verf\u00fcgt \u00fcber einen einzigen Ausgangskanal und unterst\u00fctzt die Fernsteuerungsfunktionalit\u00e4t, die einen bequemen Betrieb aus der Ferne erm\u00f6glicht. Das Ger\u00e4t hat eine kompakte 1U-Gr\u00f6\u00dfe und eignet sich daher f\u00fcr die Integration in verschiedene Einrichtungen, bei denen Platzersparnis wichtig ist. Dank seiner bidirektionalen F\u00e4higkeit kann es sowohl Strom liefern als auch abnehmen, was f\u00fcr Test- und Simulationsanwendungen n\u00fctzlich ist. Das Netzteil ist f\u00fcr eine maximale Leistung von \u00b12 Kilowatt ausgelegt und bietet eine robuste Leistung f\u00fcr anspruchsvolle Aufgaben. Diese Kombination aus hohen Spannungs-, Strom- und Leistungswerten macht das IT-M3902C-800-8 zu einem vielseitigen Werkzeug f\u00fcr pr\u00e4zises DC-Power-Management.<\/p>","protected":false},"excerpt":{"rendered":"<p>800V, \u00b18A, \u00b12kW Bidirektionales DC-Netzteil, Gr\u00f6\u00dfe 1U<\/p>","protected":false},"featured_media":11166,"comment_status":"closed","ping_status":"closed","template":"","meta":{"_acf_changed":false,"slim_seo":{"title":"IT-M3902C-800-8 - YOTAVIS AG","description":"800V, \u00b18A, \u00b12kW Bidirektionales DC-Netzteil, Gr\u00f6\u00dfe 1U"}},"product_brand":[822],"product_cat":[546,515],"product_tag":[],"class_list":{"0":"post-10542","1":"product","2":"type-product","3":"status-publish","4":"has-post-thumbnail","6":"product_brand-itech","7":"product_cat-dc-2-quadrants-en","8":"product_cat-power-en","9":"pa_current-a-394","10":"pa_output-number-146","11":"pa_power-w-561","12":"pa_remote-control-yes","13":"pa_voltage-v-319","15":"first","16":"instock","17":"taxable","18":"shipping-taxable","19":"product-type-simple"},"acf":[],"_links":{"self":[{"href":"https:\/\/yotavis.ch\/de\/wp-json\/wp\/v2\/product\/10542","targetHints":{"allow":["GET"]}}],"collection":[{"href":"https:\/\/yotavis.ch\/de\/wp-json\/wp\/v2\/product"}],"about":[{"href":"https:\/\/yotavis.ch\/de\/wp-json\/wp\/v2\/types\/product"}],"replies":[{"embeddable":true,"href":"https:\/\/yotavis.ch\/de\/wp-json\/wp\/v2\/comments?post=10542"}],"wp:featuredmedia":[{"embeddable":true,"href":"https:\/\/yotavis.ch\/de\/wp-json\/wp\/v2\/media\/11166"}],"wp:attachment":[{"href":"https:\/\/yotavis.ch\/de\/wp-json\/wp\/v2\/media?parent=10542"}],"wp:term":[{"taxonomy":"product_brand","embeddable":true,"href":"https:\/\/yotavis.ch\/de\/wp-json\/wp\/v2\/product_brand?post=10542"},{"taxonomy":"product_cat","embeddable":true,"href":"https:\/\/yotavis.ch\/de\/wp-json\/wp\/v2\/product_cat?post=10542"},{"taxonomy":"product_tag","embeddable":true,"href":"https:\/\/yotavis.ch\/de\/wp-json\/wp\/v2\/product_tag?post=10542"}],"curies":[{"name":"wp","href":"https:\/\/api.w.org\/{rel}","templated":true}]}}