{"id":10547,"date":"2025-10-09T00:00:00","date_gmt":"2025-10-08T22:00:00","guid":{"rendered":"https:\/\/yotavis.ch\/product\/it-m3901b-10-170\/"},"modified":"2026-04-24T13:43:26","modified_gmt":"2026-04-24T11:43:26","slug":"it-m3901b-10-170","status":"publish","type":"product","link":"https:\/\/yotavis.ch\/de\/produkt\/it-m3901b-10-170\/","title":{"rendered":"IT-M3901B-10-170"},"content":{"rendered":"<p>Das ITECH IT-M3901B-10-170 ist ein Netzteil mit einer Nennspannung von 10V und einer maximalen Ausgangsleistung von 1700W. Es verf\u00fcgt \u00fcber einen Quellenstrombereich von -120A bis 170A und einen Laststrombereich von 3A bis 120A und unterst\u00fctzt Leistungen zwischen -1200W und 1700W auf der Quellenseite und 12W bis 1200W auf der Lastseite. Dieses Modell hat eine kompakte 1U-Gr\u00f6\u00dfe und eignet sich daher f\u00fcr die Rack-Montage oder f\u00fcr Umgebungen mit geringem Platzangebot. Es bietet einen einzigen Ausgangskanal und verf\u00fcgt \u00fcber eine Fernbedienungsfunktion f\u00fcr einen bequemen Betrieb. Das Ger\u00e4t wird von ITECH hergestellt, einer Marke, die f\u00fcr ihre elektronischen Test- und Messger\u00e4te bekannt ist. Die maximale Stromkapazit\u00e4t betr\u00e4gt 170 A und entspricht damit den hohen Leistungsanforderungen. Dieses Netzteil ist so konstruiert, dass es \u00fcber seine spezifizierten Spannungs- und Strombereiche hinweg pr\u00e4zise und zuverl\u00e4ssig arbeitet.<\/p>","protected":false},"excerpt":{"rendered":"<p>10V, QUELLE: -120~170A, -1200~1700W, LAST: 3~120A, 12~1200W; 1U Gr\u00f6\u00dfe<\/p>","protected":false},"featured_media":11244,"comment_status":"closed","ping_status":"closed","template":"","meta":{"_acf_changed":false,"slim_seo":{"title":"IT-M3901B-10-170 - YOTAVIS AG","description":"10V, QUELLE: -120~170A, -1200~1700W, LAST: 3~120A, 12~1200W; 1U Gr\u00f6\u00dfe"}},"product_brand":[822],"product_cat":[546,515],"product_tag":[],"class_list":{"0":"post-10547","1":"product","2":"type-product","3":"status-publish","4":"has-post-thumbnail","6":"product_brand-itech","7":"product_cat-dc-2-quadrants-en","8":"product_cat-power-en","9":"pa_current-a-930","10":"pa_output-number-146","11":"pa_power-w-929","12":"pa_remote-control-yes","13":"pa_voltage-v-572","15":"first","16":"instock","17":"taxable","18":"shipping-taxable","19":"product-type-simple"},"acf":[],"_links":{"self":[{"href":"https:\/\/yotavis.ch\/de\/wp-json\/wp\/v2\/product\/10547","targetHints":{"allow":["GET"]}}],"collection":[{"href":"https:\/\/yotavis.ch\/de\/wp-json\/wp\/v2\/product"}],"about":[{"href":"https:\/\/yotavis.ch\/de\/wp-json\/wp\/v2\/types\/product"}],"replies":[{"embeddable":true,"href":"https:\/\/yotavis.ch\/de\/wp-json\/wp\/v2\/comments?post=10547"}],"wp:featuredmedia":[{"embeddable":true,"href":"https:\/\/yotavis.ch\/de\/wp-json\/wp\/v2\/media\/11244"}],"wp:attachment":[{"href":"https:\/\/yotavis.ch\/de\/wp-json\/wp\/v2\/media?parent=10547"}],"wp:term":[{"taxonomy":"product_brand","embeddable":true,"href":"https:\/\/yotavis.ch\/de\/wp-json\/wp\/v2\/product_brand?post=10547"},{"taxonomy":"product_cat","embeddable":true,"href":"https:\/\/yotavis.ch\/de\/wp-json\/wp\/v2\/product_cat?post=10547"},{"taxonomy":"product_tag","embeddable":true,"href":"https:\/\/yotavis.ch\/de\/wp-json\/wp\/v2\/product_tag?post=10547"}],"curies":[{"name":"wp","href":"https:\/\/api.w.org\/{rel}","templated":true}]}}