{"id":10548,"date":"2025-10-09T00:00:00","date_gmt":"2025-10-08T22:00:00","guid":{"rendered":"https:\/\/yotavis.ch\/product\/it-m3903b-10-340\/"},"modified":"2026-04-24T13:43:26","modified_gmt":"2026-04-24T11:43:26","slug":"it-m3903b-10-340","status":"publish","type":"product","link":"https:\/\/yotavis.ch\/de\/produkt\/it-m3903b-10-340\/","title":{"rendered":"IT-M3903B-10-340"},"content":{"rendered":"<p>Das ITECH IT-M3903B-10-340 arbeitet mit einer Spannung von 10V und liefert eine maximale Ausgangsleistung von 3400W. Es bietet einen Strombereich von 4 bis 240A f\u00fcr die Last und einen Quellenstrombereich von -240 bis 340A. Die Ausgangsleistung f\u00fcr die Last variiert zwischen 40 und 2400W, w\u00e4hrend die Leistung der Quelle zwischen -2400 und 3400W liegt. Dieses Ger\u00e4t ist mit einer kompakten 1U-Gr\u00f6\u00dfe konzipiert, wodurch es sich f\u00fcr die Integration in verschiedene Setups eignet. Es verf\u00fcgt \u00fcber einen einzigen Ausgangskanal und unterst\u00fctzt die Fernbedienungsfunktion, die eine bequeme Bedienung aus der Ferne erm\u00f6glicht. Die maximale Strombelastbarkeit betr\u00e4gt 340A, so dass es auch gro\u00dfe elektrische Lasten bew\u00e4ltigen kann. Dieses Modell wird von ITECH hergestellt, einer Marke, die f\u00fcr ihre elektronischen Pr\u00fcfger\u00e4te bekannt ist.<\/p>","protected":false},"excerpt":{"rendered":"<p>10V, QUELLE: -240~340A, -2400~3400W, LAST: 4~240A, 40~2400W; 1U Gr\u00f6\u00dfe<\/p>","protected":false},"featured_media":11244,"comment_status":"closed","ping_status":"closed","template":"","meta":{"_acf_changed":false,"slim_seo":{"title":"IT-M3903B-10-340 - YOTAVIS AG","description":"10V, QUELLE: -240~340A, -2400~3400W, LAST: 4~240A, 40~2400W; 1U Gr\u00f6\u00dfe"}},"product_brand":[822],"product_cat":[546,515],"product_tag":[],"class_list":{"0":"post-10548","1":"product","2":"type-product","3":"status-publish","4":"has-post-thumbnail","6":"product_brand-itech","7":"product_cat-dc-2-quadrants-en","8":"product_cat-power-en","9":"pa_current-a-932","10":"pa_output-number-146","11":"pa_power-w-931","12":"pa_remote-control-yes","13":"pa_voltage-v-572","15":"first","16":"instock","17":"taxable","18":"shipping-taxable","19":"product-type-simple"},"acf":[],"_links":{"self":[{"href":"https:\/\/yotavis.ch\/de\/wp-json\/wp\/v2\/product\/10548","targetHints":{"allow":["GET"]}}],"collection":[{"href":"https:\/\/yotavis.ch\/de\/wp-json\/wp\/v2\/product"}],"about":[{"href":"https:\/\/yotavis.ch\/de\/wp-json\/wp\/v2\/types\/product"}],"replies":[{"embeddable":true,"href":"https:\/\/yotavis.ch\/de\/wp-json\/wp\/v2\/comments?post=10548"}],"wp:featuredmedia":[{"embeddable":true,"href":"https:\/\/yotavis.ch\/de\/wp-json\/wp\/v2\/media\/11244"}],"wp:attachment":[{"href":"https:\/\/yotavis.ch\/de\/wp-json\/wp\/v2\/media?parent=10548"}],"wp:term":[{"taxonomy":"product_brand","embeddable":true,"href":"https:\/\/yotavis.ch\/de\/wp-json\/wp\/v2\/product_brand?post=10548"},{"taxonomy":"product_cat","embeddable":true,"href":"https:\/\/yotavis.ch\/de\/wp-json\/wp\/v2\/product_cat?post=10548"},{"taxonomy":"product_tag","embeddable":true,"href":"https:\/\/yotavis.ch\/de\/wp-json\/wp\/v2\/product_tag?post=10548"}],"curies":[{"name":"wp","href":"https:\/\/api.w.org\/{rel}","templated":true}]}}