{"id":10549,"date":"2025-10-09T00:00:00","date_gmt":"2025-10-08T22:00:00","guid":{"rendered":"https:\/\/yotavis.ch\/product\/it-m3905b-10-510\/"},"modified":"2026-04-24T13:43:26","modified_gmt":"2026-04-24T11:43:26","slug":"it-m3905b-10-510","status":"publish","type":"product","link":"https:\/\/yotavis.ch\/de\/produkt\/it-m3905b-10-510\/","title":{"rendered":"IT-M3905B-10-510"},"content":{"rendered":"<p>Das IT-M3905B-10-510 ist ein Netzteil mit einer Nennspannung von 10V und einer maximalen Ausgangsleistung von 5100W. Es unterst\u00fctzt einen Strombereich von 6A bis 360A unter Lastbedingungen und kann einen Strom von -360A bis 510A liefern. Die Ausgangsleistung reicht von 60W bis 3600W unter Last und von -3600W bis 5100W bei der Stromquelle. Das Ger\u00e4t hat eine kompakte 1U-Gr\u00f6\u00dfe und eignet sich daher f\u00fcr die Rack-Montage in verschiedenen Aufbauten. Es verf\u00fcgt \u00fcber einen einzigen Ausgangskanal und bietet eine Fernsteuerungsfunktion f\u00fcr einen bequemen Betrieb. Der maximale Strom, den es liefern kann, betr\u00e4gt 510A, was seiner hohen Leistungsf\u00e4higkeit entspricht. Dieses Modell wird von ITECH hergestellt, einer Marke, die f\u00fcr die Herstellung von elektronischen Testger\u00e4ten bekannt ist.<\/p>","protected":false},"excerpt":{"rendered":"<p>10V, QUELLE: -360~510A, -3600~5100W, LAST: 6~360A, 60~3600W; 1U Gr\u00f6\u00dfe<\/p>","protected":false},"featured_media":11244,"comment_status":"closed","ping_status":"closed","template":"","meta":{"_acf_changed":false,"slim_seo":{"title":"IT-M3905B-10-510 - YOTAVIS AG","description":"10V, QUELLE: -360~510A, -3600~5100W, LAST: 6~360A, 60~3600W; 1U Gr\u00f6\u00dfe"}},"product_brand":[822],"product_cat":[546,515],"product_tag":[],"class_list":{"0":"post-10549","1":"product","2":"type-product","3":"status-publish","4":"has-post-thumbnail","6":"product_brand-itech","7":"product_cat-dc-2-quadrants-en","8":"product_cat-power-en","9":"pa_current-a-934","10":"pa_output-number-146","11":"pa_power-w-933","12":"pa_remote-control-yes","13":"pa_voltage-v-572","15":"first","16":"instock","17":"taxable","18":"shipping-taxable","19":"product-type-simple"},"acf":[],"_links":{"self":[{"href":"https:\/\/yotavis.ch\/de\/wp-json\/wp\/v2\/product\/10549","targetHints":{"allow":["GET"]}}],"collection":[{"href":"https:\/\/yotavis.ch\/de\/wp-json\/wp\/v2\/product"}],"about":[{"href":"https:\/\/yotavis.ch\/de\/wp-json\/wp\/v2\/types\/product"}],"replies":[{"embeddable":true,"href":"https:\/\/yotavis.ch\/de\/wp-json\/wp\/v2\/comments?post=10549"}],"wp:featuredmedia":[{"embeddable":true,"href":"https:\/\/yotavis.ch\/de\/wp-json\/wp\/v2\/media\/11244"}],"wp:attachment":[{"href":"https:\/\/yotavis.ch\/de\/wp-json\/wp\/v2\/media?parent=10549"}],"wp:term":[{"taxonomy":"product_brand","embeddable":true,"href":"https:\/\/yotavis.ch\/de\/wp-json\/wp\/v2\/product_brand?post=10549"},{"taxonomy":"product_cat","embeddable":true,"href":"https:\/\/yotavis.ch\/de\/wp-json\/wp\/v2\/product_cat?post=10549"},{"taxonomy":"product_tag","embeddable":true,"href":"https:\/\/yotavis.ch\/de\/wp-json\/wp\/v2\/product_tag?post=10549"}],"curies":[{"name":"wp","href":"https:\/\/api.w.org\/{rel}","templated":true}]}}