{"id":10550,"date":"2025-10-09T00:00:00","date_gmt":"2025-10-08T22:00:00","guid":{"rendered":"https:\/\/yotavis.ch\/product\/it-m3910b-10-1020\/"},"modified":"2026-04-24T13:43:26","modified_gmt":"2026-04-24T11:43:26","slug":"it-m3910b-10-1020","status":"publish","type":"product","link":"https:\/\/yotavis.ch\/de\/produkt\/it-m3910b-10-1020\/","title":{"rendered":"IT-M3910B-10-1020"},"content":{"rendered":"<p>Das ITECH IT-M3910B-10-1020 ist ein Netzteil, das eine Spannung von 10 V mit einem Stromquellenbereich von -720 bis 1020 A und einer Ausgangsleistung von -7200 bis 10200 W liefern kann. Es unterst\u00fctzt einen Laststrom von 12 bis 720A und eine Lastleistung von 120 bis 7200W und ist damit f\u00fcr verschiedene Hochleistungsanwendungen geeignet. Dieses Modell verf\u00fcgt \u00fcber einen einzigen Ausgangskanal und ist in einem kompakten 2U-Geh\u00e4use untergebracht, das eine effiziente Nutzung des Platzes im Rack erm\u00f6glicht. Das Ger\u00e4t ist mit einer Fernbedienung ausgestattet, so dass der Benutzer es bequem aus der Ferne bedienen kann. Mit einer maximalen Leistung von 10200 W und einem maximalen Strom von 1020 A ist es f\u00fcr anspruchsvolle elektrische Lasten ausgelegt. Das Ger\u00e4t wird von ITECH hergestellt, einer Marke, die f\u00fcr ihre elektronischen Pr\u00fcf- und Messger\u00e4te bekannt ist. Dieses Netzteil ist so konstruiert, dass es innerhalb der angegebenen Spannungs- und Strombereiche eine zuverl\u00e4ssige und pr\u00e4zise Stromversorgung bietet.<\/p>","protected":false},"excerpt":{"rendered":"<p>10V, QUELLE: -720~1020A, -7200~10200W, LAST: 12~720A, 120~7200W; 2U Gr\u00f6\u00dfe<\/p>","protected":false},"featured_media":12278,"comment_status":"closed","ping_status":"closed","template":"","meta":{"_acf_changed":false,"slim_seo":{"title":"IT-M3910B-10-1020 - YOTAVIS AG","description":"10V, QUELLE: -720~1020A, -7200~10200W, LAST: 12~720A, 120~7200W; 2U Gr\u00f6\u00dfe"}},"product_brand":[822],"product_cat":[546,515],"product_tag":[],"class_list":{"0":"post-10550","1":"product","2":"type-product","3":"status-publish","4":"has-post-thumbnail","6":"product_brand-itech","7":"product_cat-dc-2-quadrants-en","8":"product_cat-power-en","9":"pa_current-a-936","10":"pa_output-number-146","11":"pa_power-w-935","12":"pa_remote-control-yes","13":"pa_voltage-v-572","15":"first","16":"instock","17":"taxable","18":"shipping-taxable","19":"product-type-simple"},"acf":[],"_links":{"self":[{"href":"https:\/\/yotavis.ch\/de\/wp-json\/wp\/v2\/product\/10550","targetHints":{"allow":["GET"]}}],"collection":[{"href":"https:\/\/yotavis.ch\/de\/wp-json\/wp\/v2\/product"}],"about":[{"href":"https:\/\/yotavis.ch\/de\/wp-json\/wp\/v2\/types\/product"}],"replies":[{"embeddable":true,"href":"https:\/\/yotavis.ch\/de\/wp-json\/wp\/v2\/comments?post=10550"}],"wp:featuredmedia":[{"embeddable":true,"href":"https:\/\/yotavis.ch\/de\/wp-json\/wp\/v2\/media\/12278"}],"wp:attachment":[{"href":"https:\/\/yotavis.ch\/de\/wp-json\/wp\/v2\/media?parent=10550"}],"wp:term":[{"taxonomy":"product_brand","embeddable":true,"href":"https:\/\/yotavis.ch\/de\/wp-json\/wp\/v2\/product_brand?post=10550"},{"taxonomy":"product_cat","embeddable":true,"href":"https:\/\/yotavis.ch\/de\/wp-json\/wp\/v2\/product_cat?post=10550"},{"taxonomy":"product_tag","embeddable":true,"href":"https:\/\/yotavis.ch\/de\/wp-json\/wp\/v2\/product_tag?post=10550"}],"curies":[{"name":"wp","href":"https:\/\/api.w.org\/{rel}","templated":true}]}}