{"id":10552,"date":"2025-10-09T00:00:00","date_gmt":"2025-10-08T22:00:00","guid":{"rendered":"https:\/\/yotavis.ch\/product\/it-m3904b-32-160\/"},"modified":"2026-04-24T13:43:27","modified_gmt":"2026-04-24T11:43:27","slug":"it-m3904b-32-160","status":"publish","type":"product","link":"https:\/\/yotavis.ch\/de\/produkt\/it-m3904b-32-160\/","title":{"rendered":"IT-M3904B-32-160"},"content":{"rendered":"<p>Das IT-M3904B-32-160 ist ein Netzteil mit einer Nennspannung von 32V und einem maximalen Ausgangsstrom von 160A. Es liefert eine Ausgangsleistung von 4000 W und unterst\u00fctzt sowohl den Quellen- als auch den Lastmodus mit \u00b1160 A Strom und \u00b14 kW Leistung. Dieses Ger\u00e4t hat eine kompakte 1U-Gr\u00f6\u00dfe und eignet sich daher f\u00fcr die Integration in verschiedene Aufbauten, bei denen Platzersparnis wichtig ist. Es verf\u00fcgt \u00fcber einen einzigen Ausgangskanal, der eine einfache Bedienung und Steuerung erm\u00f6glicht. Das Ger\u00e4t unterst\u00fctzt Fernsteuerungsfunktionen, so dass der Benutzer die Leistung aus der Ferne steuern kann. Das von ITECH hergestellte Modell kombiniert hohe Strom- und Leistungsf\u00e4higkeiten mit einem kompakten Formfaktor. Das IT-M3904B-32-160 bietet eine zuverl\u00e4ssige Stromversorgung mit pr\u00e4ziser Steuerung der Spannungs- und Stromparameter.<\/p>","protected":false},"excerpt":{"rendered":"<p>32V, QUELLE: \u00b1160A, \u00b14kW, LAST: 160A, 4kW; 1U Gr\u00f6\u00dfe<\/p>","protected":false},"featured_media":11244,"comment_status":"closed","ping_status":"closed","template":"","meta":{"_acf_changed":false,"slim_seo":{"title":"IT-M3904B-32-160 - YOTAVIS AG","description":"32V, QUELLE: \u00b1160A, \u00b14kW, LAST: 160A, 4kW; 1U Gr\u00f6\u00dfe"}},"product_brand":[822],"product_cat":[546,515],"product_tag":[],"class_list":{"0":"post-10552","1":"product","2":"type-product","3":"status-publish","4":"has-post-thumbnail","6":"product_brand-itech","7":"product_cat-dc-2-quadrants-en","8":"product_cat-power-en","9":"pa_current-a-620","10":"pa_output-number-146","11":"pa_power-w-611","12":"pa_remote-control-yes","13":"pa_voltage-v-140","15":"first","16":"instock","17":"taxable","18":"shipping-taxable","19":"product-type-simple"},"acf":[],"_links":{"self":[{"href":"https:\/\/yotavis.ch\/de\/wp-json\/wp\/v2\/product\/10552","targetHints":{"allow":["GET"]}}],"collection":[{"href":"https:\/\/yotavis.ch\/de\/wp-json\/wp\/v2\/product"}],"about":[{"href":"https:\/\/yotavis.ch\/de\/wp-json\/wp\/v2\/types\/product"}],"replies":[{"embeddable":true,"href":"https:\/\/yotavis.ch\/de\/wp-json\/wp\/v2\/comments?post=10552"}],"wp:featuredmedia":[{"embeddable":true,"href":"https:\/\/yotavis.ch\/de\/wp-json\/wp\/v2\/media\/11244"}],"wp:attachment":[{"href":"https:\/\/yotavis.ch\/de\/wp-json\/wp\/v2\/media?parent=10552"}],"wp:term":[{"taxonomy":"product_brand","embeddable":true,"href":"https:\/\/yotavis.ch\/de\/wp-json\/wp\/v2\/product_brand?post=10552"},{"taxonomy":"product_cat","embeddable":true,"href":"https:\/\/yotavis.ch\/de\/wp-json\/wp\/v2\/product_cat?post=10552"},{"taxonomy":"product_tag","embeddable":true,"href":"https:\/\/yotavis.ch\/de\/wp-json\/wp\/v2\/product_tag?post=10552"}],"curies":[{"name":"wp","href":"https:\/\/api.w.org\/{rel}","templated":true}]}}