{"id":10553,"date":"2025-10-09T00:00:00","date_gmt":"2025-10-08T22:00:00","guid":{"rendered":"https:\/\/yotavis.ch\/product\/it-m3906b-32-240\/"},"modified":"2026-04-24T13:43:28","modified_gmt":"2026-04-24T11:43:28","slug":"it-m3906b-32-240","status":"publish","type":"product","link":"https:\/\/yotavis.ch\/de\/produkt\/it-m3906b-32-240\/","title":{"rendered":"IT-M3906B-32-240"},"content":{"rendered":"<p>Das IT-M3906B-32-240 ist ein Netzteil mit einer Nennspannung von 32V und einem maximalen Ausgangsstrom von 240A. Es liefert eine Ausgangsleistung von 6000 W und kann \u00b1240 A bei \u00b16 kW liefern und laden. Dieses Ger\u00e4t hat eine kompakte 1U-Gr\u00f6\u00dfe und eignet sich daher f\u00fcr die Integration in verschiedene Aufbauten, bei denen Platzersparnis wichtig ist. Das Ger\u00e4t verf\u00fcgt \u00fcber einen einzigen Ausgangskanal, der eine einfache Bedienung und Steuerung erm\u00f6glicht. Es verf\u00fcgt \u00fcber eine Fernsteuerungsfunktion, die es dem Benutzer erm\u00f6glicht, das Ger\u00e4t bequem und flexibel aus der Ferne zu steuern. Das Netzger\u00e4t wird von ITECH hergestellt, einer Marke, die f\u00fcr ihre elektronischen Pr\u00fcf- und Messger\u00e4te bekannt ist. Dieses Modell ist so konstruiert, dass es eine zuverl\u00e4ssige und pr\u00e4zise Stromversorgung innerhalb der vorgegebenen Parameter bietet.<\/p>","protected":false},"excerpt":{"rendered":"<p>32V, SOURCE: \u00b1240A, \u00b16kW, LOAD: 240A, 6kW; 1U Gr\u00f6\u00dfe<\/p>","protected":false},"featured_media":11244,"comment_status":"closed","ping_status":"closed","template":"","meta":{"_acf_changed":false,"slim_seo":{"title":"IT-M3906B-32-240 - YOTAVIS AG","description":"32V, SOURCE: \u00b1240A, \u00b16kW, LOAD: 240A, 6kW; 1U Gr\u00f6\u00dfe"}},"product_brand":[822],"product_cat":[546,515],"product_tag":[],"class_list":{"0":"post-10553","1":"product","2":"type-product","3":"status-publish","4":"has-post-thumbnail","6":"product_brand-itech","7":"product_cat-dc-2-quadrants-en","8":"product_cat-power-en","9":"pa_current-a-634","10":"pa_output-number-146","11":"pa_power-w-626","12":"pa_remote-control-yes","13":"pa_voltage-v-140","15":"first","16":"instock","17":"taxable","18":"shipping-taxable","19":"product-type-simple"},"acf":[],"_links":{"self":[{"href":"https:\/\/yotavis.ch\/de\/wp-json\/wp\/v2\/product\/10553","targetHints":{"allow":["GET"]}}],"collection":[{"href":"https:\/\/yotavis.ch\/de\/wp-json\/wp\/v2\/product"}],"about":[{"href":"https:\/\/yotavis.ch\/de\/wp-json\/wp\/v2\/types\/product"}],"replies":[{"embeddable":true,"href":"https:\/\/yotavis.ch\/de\/wp-json\/wp\/v2\/comments?post=10553"}],"wp:featuredmedia":[{"embeddable":true,"href":"https:\/\/yotavis.ch\/de\/wp-json\/wp\/v2\/media\/11244"}],"wp:attachment":[{"href":"https:\/\/yotavis.ch\/de\/wp-json\/wp\/v2\/media?parent=10553"}],"wp:term":[{"taxonomy":"product_brand","embeddable":true,"href":"https:\/\/yotavis.ch\/de\/wp-json\/wp\/v2\/product_brand?post=10553"},{"taxonomy":"product_cat","embeddable":true,"href":"https:\/\/yotavis.ch\/de\/wp-json\/wp\/v2\/product_cat?post=10553"},{"taxonomy":"product_tag","embeddable":true,"href":"https:\/\/yotavis.ch\/de\/wp-json\/wp\/v2\/product_tag?post=10553"}],"curies":[{"name":"wp","href":"https:\/\/api.w.org\/{rel}","templated":true}]}}