{"id":10554,"date":"2025-10-09T00:00:00","date_gmt":"2025-10-08T22:00:00","guid":{"rendered":"https:\/\/yotavis.ch\/product\/it-m3912b-32-480\/"},"modified":"2026-04-24T13:43:28","modified_gmt":"2026-04-24T11:43:28","slug":"it-m3912b-32-480","status":"publish","type":"product","link":"https:\/\/yotavis.ch\/de\/produkt\/it-m3912b-32-480\/","title":{"rendered":"IT-M3912B-32-480"},"content":{"rendered":"<p>Das IT-M3912B-32-480 ist ein Netzger\u00e4t mit einer Nennspannung von 32 V und einer Ausgangsleistung von 12.000 Watt. Es ist in der Lage, Str\u00f6me bis zu \u00b1480 Ampere zu liefern und zu laden und liefert eine maximale Leistung von \u00b112 kW. Dieses Modell verf\u00fcgt \u00fcber einen einzigen Ausgangskanal und unterst\u00fctzt die Fernsteuerungsfunktion, die einen bequemen Betrieb aus der Ferne erm\u00f6glicht. Das Ger\u00e4t hat eine kompakte 2U-Gr\u00f6\u00dfe und eignet sich daher f\u00fcr die Rack-Montage in verschiedenen Aufbauten. Das von ITECH hergestellte Ger\u00e4t ist so konzipiert, dass es hohe Strom- und Leistungsanforderungen effizient bew\u00e4ltigen kann. Zu seinen Spezifikationen geh\u00f6ren ein maximaler Strom von 480 A und eine Spannung von 32 V, was eine robuste Leistung f\u00fcr anspruchsvolle Anwendungen gew\u00e4hrleistet. Durch die Kombination von hoher Leistung und Stromst\u00e4rke eignet sich dieses Ger\u00e4t zum Testen und Versorgen von elektronischen Systemen mit hoher Last.<\/p>","protected":false},"excerpt":{"rendered":"<p>32V, QUELLE: \u00b1480A, \u00b112kW, LAST: 480A, 12kW; 2U Gr\u00f6\u00dfe<\/p>","protected":false},"featured_media":12278,"comment_status":"closed","ping_status":"closed","template":"","meta":{"_acf_changed":false,"slim_seo":{"title":"IT-M3912B-32-480 - YOTAVIS AG","description":"32V, QUELLE: \u00b1480A, \u00b112kW, LAST: 480A, 12kW; 2U Gr\u00f6\u00dfe"}},"product_brand":[822],"product_cat":[546,515],"product_tag":[],"class_list":{"0":"post-10554","1":"product","2":"type-product","3":"status-publish","4":"has-post-thumbnail","6":"product_brand-itech","7":"product_cat-dc-2-quadrants-en","8":"product_cat-power-en","9":"pa_current-a-480","10":"pa_output-number-146","11":"pa_power-w-628","12":"pa_remote-control-yes","13":"pa_voltage-v-140","15":"first","16":"instock","17":"taxable","18":"shipping-taxable","19":"product-type-simple"},"acf":[],"_links":{"self":[{"href":"https:\/\/yotavis.ch\/de\/wp-json\/wp\/v2\/product\/10554","targetHints":{"allow":["GET"]}}],"collection":[{"href":"https:\/\/yotavis.ch\/de\/wp-json\/wp\/v2\/product"}],"about":[{"href":"https:\/\/yotavis.ch\/de\/wp-json\/wp\/v2\/types\/product"}],"replies":[{"embeddable":true,"href":"https:\/\/yotavis.ch\/de\/wp-json\/wp\/v2\/comments?post=10554"}],"wp:featuredmedia":[{"embeddable":true,"href":"https:\/\/yotavis.ch\/de\/wp-json\/wp\/v2\/media\/12278"}],"wp:attachment":[{"href":"https:\/\/yotavis.ch\/de\/wp-json\/wp\/v2\/media?parent=10554"}],"wp:term":[{"taxonomy":"product_brand","embeddable":true,"href":"https:\/\/yotavis.ch\/de\/wp-json\/wp\/v2\/product_brand?post=10554"},{"taxonomy":"product_cat","embeddable":true,"href":"https:\/\/yotavis.ch\/de\/wp-json\/wp\/v2\/product_cat?post=10554"},{"taxonomy":"product_tag","embeddable":true,"href":"https:\/\/yotavis.ch\/de\/wp-json\/wp\/v2\/product_tag?post=10554"}],"curies":[{"name":"wp","href":"https:\/\/api.w.org\/{rel}","templated":true}]}}