{"id":10560,"date":"2025-10-09T00:00:00","date_gmt":"2025-10-08T22:00:00","guid":{"rendered":"https:\/\/yotavis.ch\/product\/it-m3904b-300-40\/"},"modified":"2026-04-24T13:43:30","modified_gmt":"2026-04-24T11:43:30","slug":"it-m3904b-300-40","status":"publish","type":"product","link":"https:\/\/yotavis.ch\/de\/produkt\/it-m3904b-300-40\/","title":{"rendered":"IT-M3904B-300-40"},"content":{"rendered":"<p>Das IT-M3904B-300-40 ist ein Netzteil mit einer Nennspannung von 300V und einer Stromkapazit\u00e4t von \u00b140A, das eine Ausgangsleistung von \u00b14kW liefert. Es unterst\u00fctzt einen Laststrom von 40A und eine Leistungslast von 4kW und ist damit f\u00fcr Anwendungen geeignet, die eine stabile und hohe Leistungsabgabe erfordern. Dieses Ger\u00e4t ist in einer kompakten 1U-Gr\u00f6\u00dfe konzipiert, was eine effiziente Nutzung des Platzes im Rack erm\u00f6glicht. Das von ITECH hergestellte Ger\u00e4t verf\u00fcgt \u00fcber einen einzigen Ausgangskanal und bietet eine Fernsteuerungsfunktion f\u00fcr einen bequemen Betrieb. Die Nennleistung des Ger\u00e4ts betr\u00e4gt 4000 Watt, was mit seinen Spannungs- und Stromspezifikationen \u00fcbereinstimmt. Diese Kombination von Merkmalen gew\u00e4hrleistet, dass das IT-M3904B-300-40 in verschiedene Systeme integriert werden kann, in denen ein pr\u00e4zises Leistungsmanagement erforderlich ist.<\/p>","protected":false},"excerpt":{"rendered":"<p>300V, QUELLE: \u00b140A, \u00b14kW, LAST: 40A, 4kW; 1U Gr\u00f6\u00dfe<\/p>","protected":false},"featured_media":11244,"comment_status":"closed","ping_status":"closed","template":"","meta":{"_acf_changed":false,"slim_seo":{"title":"IT-M3904B-300-40 - YOTAVIS AG","description":"300V, QUELLE: \u00b140A, \u00b14kW, LAST: 40A, 4kW; 1U Gr\u00f6\u00dfe"}},"product_brand":[822],"product_cat":[546,515],"product_tag":[],"class_list":{"0":"post-10560","1":"product","2":"type-product","3":"status-publish","4":"has-post-thumbnail","6":"product_brand-itech","7":"product_cat-dc-2-quadrants-en","8":"product_cat-power-en","9":"pa_current-a-550","10":"pa_output-number-146","11":"pa_power-w-611","12":"pa_remote-control-yes","13":"pa_voltage-v-624","15":"first","16":"instock","17":"taxable","18":"shipping-taxable","19":"product-type-simple"},"acf":[],"_links":{"self":[{"href":"https:\/\/yotavis.ch\/de\/wp-json\/wp\/v2\/product\/10560","targetHints":{"allow":["GET"]}}],"collection":[{"href":"https:\/\/yotavis.ch\/de\/wp-json\/wp\/v2\/product"}],"about":[{"href":"https:\/\/yotavis.ch\/de\/wp-json\/wp\/v2\/types\/product"}],"replies":[{"embeddable":true,"href":"https:\/\/yotavis.ch\/de\/wp-json\/wp\/v2\/comments?post=10560"}],"wp:featuredmedia":[{"embeddable":true,"href":"https:\/\/yotavis.ch\/de\/wp-json\/wp\/v2\/media\/11244"}],"wp:attachment":[{"href":"https:\/\/yotavis.ch\/de\/wp-json\/wp\/v2\/media?parent=10560"}],"wp:term":[{"taxonomy":"product_brand","embeddable":true,"href":"https:\/\/yotavis.ch\/de\/wp-json\/wp\/v2\/product_brand?post=10560"},{"taxonomy":"product_cat","embeddable":true,"href":"https:\/\/yotavis.ch\/de\/wp-json\/wp\/v2\/product_cat?post=10560"},{"taxonomy":"product_tag","embeddable":true,"href":"https:\/\/yotavis.ch\/de\/wp-json\/wp\/v2\/product_tag?post=10560"}],"curies":[{"name":"wp","href":"https:\/\/api.w.org\/{rel}","templated":true}]}}