{"id":10564,"date":"2025-10-09T00:00:00","date_gmt":"2025-10-08T22:00:00","guid":{"rendered":"https:\/\/yotavis.ch\/product\/it-m3904b-500-24\/"},"modified":"2026-04-24T13:43:32","modified_gmt":"2026-04-24T11:43:32","slug":"it-m3904b-500-24","status":"publish","type":"product","link":"https:\/\/yotavis.ch\/de\/produkt\/it-m3904b-500-24\/","title":{"rendered":"IT-M3904B-500-24"},"content":{"rendered":"<p>Das IT-M3904B-500-24 ist ein Netzteil mit einer maximalen Spannung von 500 V und einer Stromkapazit\u00e4t von 24 A, das eine Leistung von bis zu 4 kW liefert. Es verf\u00fcgt \u00fcber einen einzigen Ausgangskanal, der \u00b124A und \u00b14kW speisen und laden kann, wodurch es sich f\u00fcr Anwendungen eignet, die eine pr\u00e4zise Leistungssteuerung erfordern. Das Ger\u00e4t ist in einem kompakten 1U-Geh\u00e4use untergebracht, das eine effiziente Integration in Standardger\u00e4te-Racks erm\u00f6glicht. Das Ger\u00e4t ist mit einer Fernsteuerungsfunktion ausgestattet, die es dem Benutzer erm\u00f6glicht, das Ger\u00e4t bequem und flexibel aus der Ferne zu bedienen. Das von ITECH hergestellte Modell ist f\u00fcr eine zuverl\u00e4ssige Leistung in anspruchsvollen Umgebungen ausgelegt. Die Nennleistung von 4000 W stellt sicher, dass es gro\u00dfe elektrische Lasten bew\u00e4ltigen kann, w\u00e4hrend die konsistenten Spannungs- und Stromspezifikationen einen stabilen Betrieb unterst\u00fctzen. Diese Kombination von Merkmalen macht das IT-M3904B-500-24 zu einer vielseitigen Komponente f\u00fcr verschiedene Stromversorgungsanforderungen.<\/p>","protected":false},"excerpt":{"rendered":"<p>500V, SOURCE: \u00b124A, \u00b14kW, LOAD: 24A, 4kW; 1U Gr\u00f6\u00dfe<\/p>","protected":false},"featured_media":11244,"comment_status":"closed","ping_status":"closed","template":"","meta":{"_acf_changed":false,"slim_seo":{"title":"IT-M3904B-500-24 - YOTAVIS AG","description":"500V, SOURCE: \u00b124A, \u00b14kW, LOAD: 24A, 4kW; 1U Gr\u00f6\u00dfe"}},"product_brand":[822],"product_cat":[546,515],"product_tag":[],"class_list":{"0":"post-10564","1":"product","2":"type-product","3":"status-publish","4":"has-post-thumbnail","6":"product_brand-itech","7":"product_cat-dc-2-quadrants-en","8":"product_cat-power-en","9":"pa_current-a-584","10":"pa_output-number-146","11":"pa_power-w-611","12":"pa_remote-control-yes","13":"pa_voltage-v-604","15":"first","16":"instock","17":"taxable","18":"shipping-taxable","19":"product-type-simple"},"acf":[],"_links":{"self":[{"href":"https:\/\/yotavis.ch\/de\/wp-json\/wp\/v2\/product\/10564","targetHints":{"allow":["GET"]}}],"collection":[{"href":"https:\/\/yotavis.ch\/de\/wp-json\/wp\/v2\/product"}],"about":[{"href":"https:\/\/yotavis.ch\/de\/wp-json\/wp\/v2\/types\/product"}],"replies":[{"embeddable":true,"href":"https:\/\/yotavis.ch\/de\/wp-json\/wp\/v2\/comments?post=10564"}],"wp:featuredmedia":[{"embeddable":true,"href":"https:\/\/yotavis.ch\/de\/wp-json\/wp\/v2\/media\/11244"}],"wp:attachment":[{"href":"https:\/\/yotavis.ch\/de\/wp-json\/wp\/v2\/media?parent=10564"}],"wp:term":[{"taxonomy":"product_brand","embeddable":true,"href":"https:\/\/yotavis.ch\/de\/wp-json\/wp\/v2\/product_brand?post=10564"},{"taxonomy":"product_cat","embeddable":true,"href":"https:\/\/yotavis.ch\/de\/wp-json\/wp\/v2\/product_cat?post=10564"},{"taxonomy":"product_tag","embeddable":true,"href":"https:\/\/yotavis.ch\/de\/wp-json\/wp\/v2\/product_tag?post=10564"}],"curies":[{"name":"wp","href":"https:\/\/api.w.org\/{rel}","templated":true}]}}