{"id":10565,"date":"2025-10-09T00:00:00","date_gmt":"2025-10-08T22:00:00","guid":{"rendered":"https:\/\/yotavis.ch\/product\/it-m3906b-500-36\/"},"modified":"2026-04-24T13:43:32","modified_gmt":"2026-04-24T11:43:32","slug":"it-m3906b-500-36","status":"publish","type":"product","link":"https:\/\/yotavis.ch\/de\/produkt\/it-m3906b-500-36\/","title":{"rendered":"IT-M3906B-500-36"},"content":{"rendered":"<p>Das IT-M3906B-500-36 von ITECH ist f\u00fcr eine Ausgangsleistung von 6000 Watt bei einer Nennspannung von 500 Volt ausgelegt. Es unterst\u00fctzt einen Strom von 36 Ampere, sowohl f\u00fcr die Quelle als auch f\u00fcr die Last, mit einer Quellenstromf\u00e4higkeit von \u00b136A und einem Laststrom von 36A. Das Ger\u00e4t arbeitet mit einem Leistungspegel von \u00b16 kW f\u00fcr die Quelle und 6 kW f\u00fcr die Last und eignet sich damit f\u00fcr Anwendungen, die ein pr\u00e4zises Leistungsmanagement erfordern. Das Ger\u00e4t verf\u00fcgt \u00fcber eine kompakte 1U-Gr\u00f6\u00dfe, die eine effiziente Integration in Standardger\u00e4te-Racks erm\u00f6glicht. Es verf\u00fcgt \u00fcber einen einzigen Ausgangskanal und bietet eine Fernsteuerungsfunktion, die es dem Benutzer erm\u00f6glicht, das Ger\u00e4t aus der Ferne zu bedienen. Die Kombination dieser Spezifikationen unterstreicht die F\u00e4higkeit des Ger\u00e4ts, gro\u00dfe elektrische Lasten zu bew\u00e4ltigen und gleichzeitig die Flexibilit\u00e4t der Steuerung beizubehalten.<\/p>","protected":false},"excerpt":{"rendered":"<p>500V, QUELLE: \u00b136A, \u00b16kW, LAST: 36A, 6kW; 1U Gr\u00f6\u00dfe<\/p>","protected":false},"featured_media":11244,"comment_status":"closed","ping_status":"closed","template":"","meta":{"_acf_changed":false,"slim_seo":{"title":"IT-M3906B-500-36 - YOTAVIS AG","description":"500V, QUELLE: \u00b136A, \u00b16kW, LAST: 36A, 6kW; 1U Gr\u00f6\u00dfe"}},"product_brand":[822],"product_cat":[546,515],"product_tag":[],"class_list":{"0":"post-10565","1":"product","2":"type-product","3":"status-publish","4":"has-post-thumbnail","6":"product_brand-itech","7":"product_cat-dc-2-quadrants-en","8":"product_cat-power-en","9":"pa_current-a-925","10":"pa_output-number-146","11":"pa_power-w-626","12":"pa_remote-control-yes","13":"pa_voltage-v-604","15":"first","16":"instock","17":"taxable","18":"shipping-taxable","19":"product-type-simple"},"acf":[],"_links":{"self":[{"href":"https:\/\/yotavis.ch\/de\/wp-json\/wp\/v2\/product\/10565","targetHints":{"allow":["GET"]}}],"collection":[{"href":"https:\/\/yotavis.ch\/de\/wp-json\/wp\/v2\/product"}],"about":[{"href":"https:\/\/yotavis.ch\/de\/wp-json\/wp\/v2\/types\/product"}],"replies":[{"embeddable":true,"href":"https:\/\/yotavis.ch\/de\/wp-json\/wp\/v2\/comments?post=10565"}],"wp:featuredmedia":[{"embeddable":true,"href":"https:\/\/yotavis.ch\/de\/wp-json\/wp\/v2\/media\/11244"}],"wp:attachment":[{"href":"https:\/\/yotavis.ch\/de\/wp-json\/wp\/v2\/media?parent=10565"}],"wp:term":[{"taxonomy":"product_brand","embeddable":true,"href":"https:\/\/yotavis.ch\/de\/wp-json\/wp\/v2\/product_brand?post=10565"},{"taxonomy":"product_cat","embeddable":true,"href":"https:\/\/yotavis.ch\/de\/wp-json\/wp\/v2\/product_cat?post=10565"},{"taxonomy":"product_tag","embeddable":true,"href":"https:\/\/yotavis.ch\/de\/wp-json\/wp\/v2\/product_tag?post=10565"}],"curies":[{"name":"wp","href":"https:\/\/api.w.org\/{rel}","templated":true}]}}