{"id":10568,"date":"2025-10-09T00:00:00","date_gmt":"2025-10-08T22:00:00","guid":{"rendered":"https:\/\/yotavis.ch\/product\/it-m3904b-800-16\/"},"modified":"2026-04-24T13:43:35","modified_gmt":"2026-04-24T11:43:35","slug":"it-m3904b-800-16","status":"publish","type":"product","link":"https:\/\/yotavis.ch\/de\/produkt\/it-m3904b-800-16\/","title":{"rendered":"IT-M3904B-800-16"},"content":{"rendered":"<p>Das IT-M3904B-800-16 von ITECH ist f\u00fcr eine Ausgangsleistung von 4000 Watt bei einer Nennspannung von 800 Volt und einer Stromst\u00e4rke von 16 Ampere ausgelegt. Es verf\u00fcgt \u00fcber einen einzigen Ausgangskanal, der \u00b116A und \u00b14kW liefern kann und eine Last von 16A und 4kW unterst\u00fctzt. Das Ger\u00e4t ist kompakt und in einem 1U-Geh\u00e4use untergebracht, wodurch es sich f\u00fcr die Integration in Standard-Racks eignet. Es verf\u00fcgt \u00fcber eine Fernsteuerungsfunktion, die eine bequeme Bedienung und \u00dcberwachung aus der Ferne erm\u00f6glicht. Dieses Modell wurde f\u00fcr Hochleistungsanwendungen mit pr\u00e4ziser Strom- und Spannungsregelung entwickelt. Seine Spezifikationen weisen robuste Leistungsparameter auf, die f\u00fcr anspruchsvolle elektrische Pr\u00fcfungen und Stromversorgungsanforderungen geeignet sind. Die Kombination aus hohen Spannungs- und Stromwerten gew\u00e4hrleistet Vielseitigkeit in verschiedenen Industrie- und Laborumgebungen.<\/p>","protected":false},"excerpt":{"rendered":"<p>800V, QUELLE: \u00b116A, \u00b14kW, LAST: 16A, 4kW; 1U Gr\u00f6\u00dfe<\/p>","protected":false},"featured_media":11244,"comment_status":"closed","ping_status":"closed","template":"","meta":{"_acf_changed":false,"slim_seo":{"title":"IT-M3904B-800-16 - YOTAVIS AG","description":"800V, QUELLE: \u00b116A, \u00b14kW, LAST: 16A, 4kW; 1U Gr\u00f6\u00dfe"}},"product_brand":[822],"product_cat":[546,515],"product_tag":[],"class_list":{"0":"post-10568","1":"product","2":"type-product","3":"status-publish","4":"has-post-thumbnail","6":"product_brand-itech","7":"product_cat-dc-2-quadrants-en","8":"product_cat-power-en","9":"pa_current-a-926","10":"pa_output-number-146","11":"pa_power-w-611","12":"pa_remote-control-yes","13":"pa_voltage-v-319","15":"first","16":"instock","17":"taxable","18":"shipping-taxable","19":"product-type-simple"},"acf":[],"_links":{"self":[{"href":"https:\/\/yotavis.ch\/de\/wp-json\/wp\/v2\/product\/10568","targetHints":{"allow":["GET"]}}],"collection":[{"href":"https:\/\/yotavis.ch\/de\/wp-json\/wp\/v2\/product"}],"about":[{"href":"https:\/\/yotavis.ch\/de\/wp-json\/wp\/v2\/types\/product"}],"replies":[{"embeddable":true,"href":"https:\/\/yotavis.ch\/de\/wp-json\/wp\/v2\/comments?post=10568"}],"wp:featuredmedia":[{"embeddable":true,"href":"https:\/\/yotavis.ch\/de\/wp-json\/wp\/v2\/media\/11244"}],"wp:attachment":[{"href":"https:\/\/yotavis.ch\/de\/wp-json\/wp\/v2\/media?parent=10568"}],"wp:term":[{"taxonomy":"product_brand","embeddable":true,"href":"https:\/\/yotavis.ch\/de\/wp-json\/wp\/v2\/product_brand?post=10568"},{"taxonomy":"product_cat","embeddable":true,"href":"https:\/\/yotavis.ch\/de\/wp-json\/wp\/v2\/product_cat?post=10568"},{"taxonomy":"product_tag","embeddable":true,"href":"https:\/\/yotavis.ch\/de\/wp-json\/wp\/v2\/product_tag?post=10568"}],"curies":[{"name":"wp","href":"https:\/\/api.w.org\/{rel}","templated":true}]}}