{"id":10579,"date":"2025-10-09T00:00:00","date_gmt":"2025-10-08T22:00:00","guid":{"rendered":"https:\/\/yotavis.ch\/product\/it6015d-80-450slave\/"},"modified":"2026-04-24T13:43:44","modified_gmt":"2026-04-24T11:43:44","slug":"it6015d-80-450slave","status":"publish","type":"product","link":"https:\/\/yotavis.ch\/de\/produkt\/it6015d-80-450slave\/","title":{"rendered":"IT6015D-80-450Slave"},"content":{"rendered":"<p>Das ITECH IT6015D-80-450Slave ist ein Gleichstromnetzteil, das 80 Volt und 450 Ampere mit einer Ausgangsleistung von 15 kW liefert. Es verf\u00fcgt \u00fcber einen 3U-Formfaktor und fungiert als Slave-Einheit innerhalb eines gr\u00f6\u00dferen Systems. Das Ger\u00e4t unterst\u00fctzt einen maximalen Strom von 2040 Ampere und eine Gesamtleistung von 120.000 Watt. Es verf\u00fcgt \u00fcber einen einzigen Ausgangskanal und bietet Fernsteuerungsm\u00f6glichkeiten f\u00fcr einen bequemen Betrieb. Dieses Netzteil ist so konzipiert, dass es sich nahtlos in Anlagen integrieren l\u00e4sst, die hohe Strom- und Spannungsausg\u00e4nge erfordern, und bietet zuverl\u00e4ssige Leistung in anspruchsvollen Anwendungen.<\/p>","protected":false},"excerpt":{"rendered":"<p>80V\/450A\/15kW DC-Netzteil, 3U , SLAVE<\/p>","protected":false},"featured_media":12289,"comment_status":"closed","ping_status":"closed","template":"","meta":{"_acf_changed":false,"slim_seo":{"title":"IT6015D-80-450Slave - YOTAVIS AG","description":"80V\/450A\/15kW DC-Netzteil, 3U , SLAVE"}},"product_brand":[822],"product_cat":[516,515],"product_tag":[],"class_list":{"0":"post-10579","1":"product","2":"type-product","3":"status-publish","4":"has-post-thumbnail","6":"product_brand-itech","7":"product_cat-dc-source-en","8":"product_cat-power-en","9":"pa_current-a-950","10":"pa_output-number-146","11":"pa_power-w-949","12":"pa_remote-control-yes","13":"pa_voltage-v-155","15":"first","16":"instock","17":"taxable","18":"shipping-taxable","19":"product-type-simple"},"acf":[],"_links":{"self":[{"href":"https:\/\/yotavis.ch\/de\/wp-json\/wp\/v2\/product\/10579","targetHints":{"allow":["GET"]}}],"collection":[{"href":"https:\/\/yotavis.ch\/de\/wp-json\/wp\/v2\/product"}],"about":[{"href":"https:\/\/yotavis.ch\/de\/wp-json\/wp\/v2\/types\/product"}],"replies":[{"embeddable":true,"href":"https:\/\/yotavis.ch\/de\/wp-json\/wp\/v2\/comments?post=10579"}],"wp:featuredmedia":[{"embeddable":true,"href":"https:\/\/yotavis.ch\/de\/wp-json\/wp\/v2\/media\/12289"}],"wp:attachment":[{"href":"https:\/\/yotavis.ch\/de\/wp-json\/wp\/v2\/media?parent=10579"}],"wp:term":[{"taxonomy":"product_brand","embeddable":true,"href":"https:\/\/yotavis.ch\/de\/wp-json\/wp\/v2\/product_brand?post=10579"},{"taxonomy":"product_cat","embeddable":true,"href":"https:\/\/yotavis.ch\/de\/wp-json\/wp\/v2\/product_cat?post=10579"},{"taxonomy":"product_tag","embeddable":true,"href":"https:\/\/yotavis.ch\/de\/wp-json\/wp\/v2\/product_tag?post=10579"}],"curies":[{"name":"wp","href":"https:\/\/api.w.org\/{rel}","templated":true}]}}