{"id":10585,"date":"2025-10-09T00:00:00","date_gmt":"2025-10-08T22:00:00","guid":{"rendered":"https:\/\/yotavis.ch\/product\/it6012d-500-60\/"},"modified":"2026-03-02T16:39:34","modified_gmt":"2026-03-02T15:39:34","slug":"it6012d-500-60","status":"publish","type":"product","link":"https:\/\/yotavis.ch\/de\/produkt\/it6012d-500-60\/","title":{"rendered":"IT6012D-500-60"},"content":{"rendered":"<p>Die ITECH IT6012D-500-60 ist eine Gleichstromquelle, die f\u00fcr eine zuverl\u00e4ssige Leistung mit einem einzigen Ausgang entwickelt wurde. Sie verf\u00fcgt \u00fcber eine Leistungskapazit\u00e4t von 12.000 Watt und arbeitet mit bis zu 500 Volt und 60 Ampere, wodurch sie sich f\u00fcr anspruchsvolle Anwendungen eignet. Das Ger\u00e4t verf\u00fcgt \u00fcber eine pr\u00e4zise Spannungs- und Stromregelung, die eine stabile und genaue Leistungsabgabe gew\u00e4hrleistet. Es eignet sich ideal f\u00fcr industrielle Test- und Entwicklungsumgebungen und unterst\u00fctzt eine breite Palette von Leistungsanforderungen. Seine fortschrittlichen Funktionen erm\u00f6glichen einen effizienten Betrieb und die Integration in komplexe Systeme.<\/p>","protected":false},"excerpt":{"rendered":"<p>500V\/60A\/12kW DC-Netzteil, 3U<\/p>","protected":false},"featured_media":11253,"comment_status":"closed","ping_status":"closed","template":"","meta":{"_acf_changed":false,"slim_seo":{"title":"IT6012D-500-60 - YOTAVIS AG","description":"500V\/60A\/12kW DC-Netzteil, 3U"}},"product_brand":[822],"product_cat":[516,515],"product_tag":[],"class_list":{"0":"post-10585","1":"product","2":"type-product","3":"status-publish","4":"has-post-thumbnail","6":"product_brand-itech","7":"product_cat-dc-source-en","8":"product_cat-power-en","9":"pa_current-a-406","10":"pa_output-number-146","11":"pa_power-w-628","12":"pa_voltage-v-604","14":"first","15":"instock","16":"taxable","17":"shipping-taxable","18":"product-type-simple"},"acf":[],"_links":{"self":[{"href":"https:\/\/yotavis.ch\/de\/wp-json\/wp\/v2\/product\/10585","targetHints":{"allow":["GET"]}}],"collection":[{"href":"https:\/\/yotavis.ch\/de\/wp-json\/wp\/v2\/product"}],"about":[{"href":"https:\/\/yotavis.ch\/de\/wp-json\/wp\/v2\/types\/product"}],"replies":[{"embeddable":true,"href":"https:\/\/yotavis.ch\/de\/wp-json\/wp\/v2\/comments?post=10585"}],"wp:featuredmedia":[{"embeddable":true,"href":"https:\/\/yotavis.ch\/de\/wp-json\/wp\/v2\/media\/11253"}],"wp:attachment":[{"href":"https:\/\/yotavis.ch\/de\/wp-json\/wp\/v2\/media?parent=10585"}],"wp:term":[{"taxonomy":"product_brand","embeddable":true,"href":"https:\/\/yotavis.ch\/de\/wp-json\/wp\/v2\/product_brand?post=10585"},{"taxonomy":"product_cat","embeddable":true,"href":"https:\/\/yotavis.ch\/de\/wp-json\/wp\/v2\/product_cat?post=10585"},{"taxonomy":"product_tag","embeddable":true,"href":"https:\/\/yotavis.ch\/de\/wp-json\/wp\/v2\/product_tag?post=10585"}],"curies":[{"name":"wp","href":"https:\/\/api.w.org\/{rel}","templated":true}]}}