{"id":10588,"date":"2025-10-09T00:00:00","date_gmt":"2025-10-08T22:00:00","guid":{"rendered":"https:\/\/yotavis.ch\/product\/it6006d-500-40\/"},"modified":"2026-04-24T13:43:45","modified_gmt":"2026-04-24T11:43:45","slug":"it6006d-500-40","status":"publish","type":"product","link":"https:\/\/yotavis.ch\/de\/produkt\/it6006d-500-40\/","title":{"rendered":"IT6006D-500-40"},"content":{"rendered":"<p>Das ITECH IT6006D-500-40 ist ein DC-Netzteil mit einer Ausgangsleistung von 6000 Watt. Es arbeitet mit einer Spannung von 500 Volt und einem Strom von 40 Ampere und bietet einen einzigen Ausgangskanal. Das Ger\u00e4t hat einen 3U-Formfaktor und ist damit f\u00fcr die Rack-Montage geeignet. Es verf\u00fcgt \u00fcber eine Fernsteuerungsfunktion, die einen bequemen Betrieb und die Integration in automatisierte Systeme erm\u00f6glicht. Dieses Netzteil wurde entwickelt, um stabile und zuverl\u00e4ssige Gleichstromversorgung f\u00fcr verschiedene Anwendungen zu liefern, die hohe Spannungen und Str\u00f6me erfordern. Die Kombination aus Spannungs-, Strom- und Leistungswerten macht es f\u00fcr anspruchsvolle elektrische Pr\u00fcf- und Entwicklungsumgebungen geeignet.<\/p>","protected":false},"excerpt":{"rendered":"<p>500V\/40A\/6kW DC-Netzteil, 3U<\/p>","protected":false},"featured_media":11253,"comment_status":"closed","ping_status":"closed","template":"","meta":{"_acf_changed":false,"slim_seo":{"title":"IT6006D-500-40 - YOTAVIS AG","description":"500V\/40A\/6kW DC-Netzteil, 3U"}},"product_brand":[822],"product_cat":[516,515],"product_tag":[],"class_list":{"0":"post-10588","1":"product","2":"type-product","3":"status-publish","4":"has-post-thumbnail","6":"product_brand-itech","7":"product_cat-dc-source-en","8":"product_cat-power-en","9":"pa_current-a-550","10":"pa_output-number-146","11":"pa_power-w-626","12":"pa_remote-control-yes","13":"pa_voltage-v-604","15":"first","16":"instock","17":"taxable","18":"shipping-taxable","19":"product-type-simple"},"acf":[],"_links":{"self":[{"href":"https:\/\/yotavis.ch\/de\/wp-json\/wp\/v2\/product\/10588","targetHints":{"allow":["GET"]}}],"collection":[{"href":"https:\/\/yotavis.ch\/de\/wp-json\/wp\/v2\/product"}],"about":[{"href":"https:\/\/yotavis.ch\/de\/wp-json\/wp\/v2\/types\/product"}],"replies":[{"embeddable":true,"href":"https:\/\/yotavis.ch\/de\/wp-json\/wp\/v2\/comments?post=10588"}],"wp:featuredmedia":[{"embeddable":true,"href":"https:\/\/yotavis.ch\/de\/wp-json\/wp\/v2\/media\/11253"}],"wp:attachment":[{"href":"https:\/\/yotavis.ch\/de\/wp-json\/wp\/v2\/media?parent=10588"}],"wp:term":[{"taxonomy":"product_brand","embeddable":true,"href":"https:\/\/yotavis.ch\/de\/wp-json\/wp\/v2\/product_brand?post=10588"},{"taxonomy":"product_cat","embeddable":true,"href":"https:\/\/yotavis.ch\/de\/wp-json\/wp\/v2\/product_cat?post=10588"},{"taxonomy":"product_tag","embeddable":true,"href":"https:\/\/yotavis.ch\/de\/wp-json\/wp\/v2\/product_tag?post=10588"}],"curies":[{"name":"wp","href":"https:\/\/api.w.org\/{rel}","templated":true}]}}