{"id":10590,"date":"2025-10-09T00:00:00","date_gmt":"2025-10-08T22:00:00","guid":{"rendered":"https:\/\/yotavis.ch\/product\/it6018d-500-120\/"},"modified":"2026-04-24T13:43:46","modified_gmt":"2026-04-24T11:43:46","slug":"it6018d-500-120","status":"publish","type":"product","link":"https:\/\/yotavis.ch\/de\/produkt\/it6018d-500-120\/","title":{"rendered":"IT6018D-500-120"},"content":{"rendered":"<p>Das ITECH IT6018D-500-120 ist ein Gleichstrom-Netzteil mit einer Ausgangsleistung von 18.000 Watt. Es arbeitet mit einer Spannung von 500 Volt und kann einen Strom von bis zu 120 Ampere liefern. Dieses Modell verf\u00fcgt \u00fcber einen einzigen Ausgangskanal und eignet sich daher f\u00fcr Anwendungen, die eine stabile und leistungsstarke Gleichstromquelle erfordern. Das Ger\u00e4t ist in einem 3U-Formfaktor konzipiert, der eine effiziente Integration in Standardger\u00e4te-Racks erm\u00f6glicht. Das Ger\u00e4t verf\u00fcgt \u00fcber eine Fernsteuerungsfunktion, die es dem Benutzer erm\u00f6glicht, das Netzger\u00e4t aus der Ferne zu bedienen, um es bequem und sicher zu machen. Die Kombination aus hohen Spannungs- und Stromwerten macht dieses Netzteil f\u00fcr anspruchsvolle Industrie- oder Laborumgebungen geeignet. Seine robusten Spezifikationen gew\u00e4hrleisten eine zuverl\u00e4ssige Leistung in verschiedenen Test- und Betriebsszenarien.<\/p>","protected":false},"excerpt":{"rendered":"<p>500V\/120A\/18kW DC-Netzteil, 3U<\/p>","protected":false},"featured_media":11253,"comment_status":"closed","ping_status":"closed","template":"","meta":{"_acf_changed":false,"slim_seo":{"title":"IT6018D-500-120 - YOTAVIS AG","description":"500V\/120A\/18kW DC-Netzteil, 3U"}},"product_brand":[822],"product_cat":[516,515],"product_tag":[],"class_list":{"0":"post-10590","1":"product","2":"type-product","3":"status-publish","4":"has-post-thumbnail","6":"product_brand-itech","7":"product_cat-dc-source-en","8":"product_cat-power-en","9":"pa_current-a-559","10":"pa_output-number-146","11":"pa_power-w-629","12":"pa_remote-control-yes","13":"pa_voltage-v-604","15":"first","16":"instock","17":"taxable","18":"shipping-taxable","19":"product-type-simple"},"acf":[],"_links":{"self":[{"href":"https:\/\/yotavis.ch\/de\/wp-json\/wp\/v2\/product\/10590","targetHints":{"allow":["GET"]}}],"collection":[{"href":"https:\/\/yotavis.ch\/de\/wp-json\/wp\/v2\/product"}],"about":[{"href":"https:\/\/yotavis.ch\/de\/wp-json\/wp\/v2\/types\/product"}],"replies":[{"embeddable":true,"href":"https:\/\/yotavis.ch\/de\/wp-json\/wp\/v2\/comments?post=10590"}],"wp:featuredmedia":[{"embeddable":true,"href":"https:\/\/yotavis.ch\/de\/wp-json\/wp\/v2\/media\/11253"}],"wp:attachment":[{"href":"https:\/\/yotavis.ch\/de\/wp-json\/wp\/v2\/media?parent=10590"}],"wp:term":[{"taxonomy":"product_brand","embeddable":true,"href":"https:\/\/yotavis.ch\/de\/wp-json\/wp\/v2\/product_brand?post=10590"},{"taxonomy":"product_cat","embeddable":true,"href":"https:\/\/yotavis.ch\/de\/wp-json\/wp\/v2\/product_cat?post=10590"},{"taxonomy":"product_tag","embeddable":true,"href":"https:\/\/yotavis.ch\/de\/wp-json\/wp\/v2\/product_tag?post=10590"}],"curies":[{"name":"wp","href":"https:\/\/api.w.org\/{rel}","templated":true}]}}