{"id":10592,"date":"2025-10-09T00:00:00","date_gmt":"2025-10-08T22:00:00","guid":{"rendered":"https:\/\/yotavis.ch\/product\/it6006d-800-20\/"},"modified":"2026-03-02T16:39:34","modified_gmt":"2026-03-02T15:39:34","slug":"it6006d-800-20","status":"publish","type":"product","link":"https:\/\/yotavis.ch\/de\/produkt\/it6006d-800-20\/","title":{"rendered":"IT6006D-800-20"},"content":{"rendered":"<p>Die ITECH IT6006D-800-20 ist eine Gleichstromquelle f\u00fcr Stromanwendungen. Mit einer Leistung von 6000 Watt arbeitet sie mit Spannungen bis zu 800 Volt und Str\u00f6men bis zu 20 Ampere. Das Ger\u00e4t verf\u00fcgt \u00fcber einen einzigen Ausgang, der eine pr\u00e4zise Steuerung und stabile Leistung erm\u00f6glicht. Es ist ideal f\u00fcr Test- und Entwicklungsumgebungen und unterst\u00fctzt eine Reihe anspruchsvoller elektrischer Anforderungen. Seine fortschrittlichen Funktionen gew\u00e4hrleisten einen zuverl\u00e4ssigen Betrieb und eine genaue Stromabgabe f\u00fcr verschiedene industrielle Anwendungen.<\/p>","protected":false},"excerpt":{"rendered":"<p>800V\/20A\/6kW DC-Netzteil, 3U<\/p>","protected":false},"featured_media":11253,"comment_status":"closed","ping_status":"closed","template":"","meta":{"_acf_changed":false,"slim_seo":{"title":"IT6006D-800-20 - YOTAVIS AG","description":"800V\/20A\/6kW DC-Netzteil, 3U"}},"product_brand":[822],"product_cat":[516,515],"product_tag":[],"class_list":{"0":"post-10592","1":"product","2":"type-product","3":"status-publish","4":"has-post-thumbnail","6":"product_brand-itech","7":"product_cat-dc-source-en","8":"product_cat-power-en","9":"pa_current-a-552","10":"pa_output-number-146","11":"pa_power-w-626","12":"pa_voltage-v-319","14":"first","15":"instock","16":"taxable","17":"shipping-taxable","18":"product-type-simple"},"acf":[],"_links":{"self":[{"href":"https:\/\/yotavis.ch\/de\/wp-json\/wp\/v2\/product\/10592","targetHints":{"allow":["GET"]}}],"collection":[{"href":"https:\/\/yotavis.ch\/de\/wp-json\/wp\/v2\/product"}],"about":[{"href":"https:\/\/yotavis.ch\/de\/wp-json\/wp\/v2\/types\/product"}],"replies":[{"embeddable":true,"href":"https:\/\/yotavis.ch\/de\/wp-json\/wp\/v2\/comments?post=10592"}],"wp:featuredmedia":[{"embeddable":true,"href":"https:\/\/yotavis.ch\/de\/wp-json\/wp\/v2\/media\/11253"}],"wp:attachment":[{"href":"https:\/\/yotavis.ch\/de\/wp-json\/wp\/v2\/media?parent=10592"}],"wp:term":[{"taxonomy":"product_brand","embeddable":true,"href":"https:\/\/yotavis.ch\/de\/wp-json\/wp\/v2\/product_brand?post=10592"},{"taxonomy":"product_cat","embeddable":true,"href":"https:\/\/yotavis.ch\/de\/wp-json\/wp\/v2\/product_cat?post=10592"},{"taxonomy":"product_tag","embeddable":true,"href":"https:\/\/yotavis.ch\/de\/wp-json\/wp\/v2\/product_tag?post=10592"}],"curies":[{"name":"wp","href":"https:\/\/api.w.org\/{rel}","templated":true}]}}