{"id":10595,"date":"2025-10-09T00:00:00","date_gmt":"2025-10-08T22:00:00","guid":{"rendered":"https:\/\/yotavis.ch\/product\/it6018d-800-60slave\/"},"modified":"2026-03-02T16:39:27","modified_gmt":"2026-03-02T15:39:27","slug":"it6018d-800-60slave","status":"publish","type":"product","link":"https:\/\/yotavis.ch\/de\/produkt\/it6018d-800-60slave\/","title":{"rendered":"IT6018D-800-60Slave"},"content":{"rendered":"<p>Die ITECH IT6018D-800-60Slave ist eine Gleichstromquelle, die f\u00fcr eine zuverl\u00e4ssige Leistung mit einem einzigen Ausgang entwickelt wurde. Mit einer maximalen Leistung von 18.000 Watt arbeitet sie mit Spannungen bis zu 800 Volt und Str\u00f6men bis zu 600 Ampere. Das Ger\u00e4t verf\u00fcgt \u00fcber fortschrittliche Steuerungs- und \u00dcberwachungsfunktionen, die eine pr\u00e4zise Leistungsabgabe gew\u00e4hrleisten. Es ist ideal f\u00fcr Anwendungen, die eine stabile und robuste Gleichstromversorgung erfordern, und unterst\u00fctzt anspruchsvolle Test- und Entwicklungsumgebungen. Seine fortschrittlichen Funktionen erm\u00f6glichen einen effizienten Betrieb und die Integration in komplexe Stromversorgungssysteme.<\/p>","protected":false},"excerpt":{"rendered":"<p>800V\/60A\/18kW DC-Netzteil, 3U, SLAVE<\/p>","protected":false},"featured_media":12289,"comment_status":"closed","ping_status":"closed","template":"","meta":{"_acf_changed":false,"slim_seo":{"title":"IT6018D-800-60Slave - YOTAVIS AG","description":"800V\/60A\/18kW DC-Netzteil, 3U, SLAVE"}},"product_brand":[822],"product_cat":[516,515],"product_tag":[],"class_list":{"0":"post-10595","1":"product","2":"type-product","3":"status-publish","4":"has-post-thumbnail","6":"product_brand-itech","7":"product_cat-dc-source-en","8":"product_cat-power-en","9":"pa_current-a-0-25","10":"pa_output-number-146","11":"pa_power-w-629","12":"pa_voltage-v-319","14":"first","15":"instock","16":"taxable","17":"shipping-taxable","18":"product-type-simple"},"acf":[],"_links":{"self":[{"href":"https:\/\/yotavis.ch\/de\/wp-json\/wp\/v2\/product\/10595","targetHints":{"allow":["GET"]}}],"collection":[{"href":"https:\/\/yotavis.ch\/de\/wp-json\/wp\/v2\/product"}],"about":[{"href":"https:\/\/yotavis.ch\/de\/wp-json\/wp\/v2\/types\/product"}],"replies":[{"embeddable":true,"href":"https:\/\/yotavis.ch\/de\/wp-json\/wp\/v2\/comments?post=10595"}],"wp:featuredmedia":[{"embeddable":true,"href":"https:\/\/yotavis.ch\/de\/wp-json\/wp\/v2\/media\/12289"}],"wp:attachment":[{"href":"https:\/\/yotavis.ch\/de\/wp-json\/wp\/v2\/media?parent=10595"}],"wp:term":[{"taxonomy":"product_brand","embeddable":true,"href":"https:\/\/yotavis.ch\/de\/wp-json\/wp\/v2\/product_brand?post=10595"},{"taxonomy":"product_cat","embeddable":true,"href":"https:\/\/yotavis.ch\/de\/wp-json\/wp\/v2\/product_cat?post=10595"},{"taxonomy":"product_tag","embeddable":true,"href":"https:\/\/yotavis.ch\/de\/wp-json\/wp\/v2\/product_tag?post=10595"}],"curies":[{"name":"wp","href":"https:\/\/api.w.org\/{rel}","templated":true}]}}