{"id":10596,"date":"2025-10-09T00:00:00","date_gmt":"2025-10-08T22:00:00","guid":{"rendered":"https:\/\/yotavis.ch\/product\/it6006d-800-25\/"},"modified":"2026-04-24T13:43:46","modified_gmt":"2026-04-24T11:43:46","slug":"it6006d-800-25","status":"publish","type":"product","link":"https:\/\/yotavis.ch\/de\/produkt\/it6006d-800-25\/","title":{"rendered":"IT6006D-800-25"},"content":{"rendered":"<p>Das ITECH IT6006D-800-25 ist ein Gleichstrom-Netzteil mit einer Ausgangsleistung von 6000 Watt. Es arbeitet mit einer Spannung von 800 Volt und liefert einen Strom von 25 Ampere. Dieses Modell verf\u00fcgt \u00fcber einen einzigen Ausgangskanal, der eine gezielte Leistungsabgabe erm\u00f6glicht. Das Ger\u00e4t hat einen 3U-Formfaktor und eignet sich damit f\u00fcr die Rackmontage in verschiedenen Aufbauten. Es verf\u00fcgt \u00fcber eine Fernsteuerungsfunktion, mit der der Benutzer das Netzteil bequem und flexibel aus der Ferne bedienen kann. Dank der Kombination aus hohen Spannungs- und Stromwerten eignet sich dieses Netzteil f\u00fcr anspruchsvolle Anwendungen, die eine stabile und zuverl\u00e4ssige Gleichstromversorgung erfordern. Seine Spezifikationen zeigen, dass es f\u00fcr die effiziente Handhabung gro\u00dfer elektrischer Lasten ausgelegt ist.<\/p>","protected":false},"excerpt":{"rendered":"<p>800V\/25A\/6kW DC-Netzteil, 3U<\/p>","protected":false},"featured_media":11253,"comment_status":"closed","ping_status":"closed","template":"","meta":{"_acf_changed":false,"slim_seo":{"title":"IT6006D-800-25 - YOTAVIS AG","description":"800V\/25A\/6kW DC-Netzteil, 3U"}},"product_brand":[822],"product_cat":[516,515],"product_tag":[],"class_list":{"0":"post-10596","1":"product","2":"type-product","3":"status-publish","4":"has-post-thumbnail","6":"product_brand-itech","7":"product_cat-dc-source-en","8":"product_cat-power-en","9":"pa_current-a-401","10":"pa_output-number-146","11":"pa_power-w-626","12":"pa_remote-control-yes","13":"pa_voltage-v-319","15":"first","16":"instock","17":"taxable","18":"shipping-taxable","19":"product-type-simple"},"acf":[],"_links":{"self":[{"href":"https:\/\/yotavis.ch\/de\/wp-json\/wp\/v2\/product\/10596","targetHints":{"allow":["GET"]}}],"collection":[{"href":"https:\/\/yotavis.ch\/de\/wp-json\/wp\/v2\/product"}],"about":[{"href":"https:\/\/yotavis.ch\/de\/wp-json\/wp\/v2\/types\/product"}],"replies":[{"embeddable":true,"href":"https:\/\/yotavis.ch\/de\/wp-json\/wp\/v2\/comments?post=10596"}],"wp:featuredmedia":[{"embeddable":true,"href":"https:\/\/yotavis.ch\/de\/wp-json\/wp\/v2\/media\/11253"}],"wp:attachment":[{"href":"https:\/\/yotavis.ch\/de\/wp-json\/wp\/v2\/media?parent=10596"}],"wp:term":[{"taxonomy":"product_brand","embeddable":true,"href":"https:\/\/yotavis.ch\/de\/wp-json\/wp\/v2\/product_brand?post=10596"},{"taxonomy":"product_cat","embeddable":true,"href":"https:\/\/yotavis.ch\/de\/wp-json\/wp\/v2\/product_cat?post=10596"},{"taxonomy":"product_tag","embeddable":true,"href":"https:\/\/yotavis.ch\/de\/wp-json\/wp\/v2\/product_tag?post=10596"}],"curies":[{"name":"wp","href":"https:\/\/api.w.org\/{rel}","templated":true}]}}