{"id":10598,"date":"2025-10-09T00:00:00","date_gmt":"2025-10-08T22:00:00","guid":{"rendered":"https:\/\/yotavis.ch\/product\/it6018d-800-75\/"},"modified":"2026-04-24T13:43:47","modified_gmt":"2026-04-24T11:43:47","slug":"it6018d-800-75","status":"publish","type":"product","link":"https:\/\/yotavis.ch\/de\/produkt\/it6018d-800-75\/","title":{"rendered":"IT6018D-800-75"},"content":{"rendered":"<p>Das ITECH IT6018D-800-75 ist ein Gleichstrom-Netzteil mit einer Ausgangsleistung von 18.000 Watt. Es arbeitet mit einer Spannung von 800 Volt und liefert einen Strom von 75 Ampere. Dieses Modell verf\u00fcgt \u00fcber einen einzigen Ausgangskanal, der eine gezielte Leistungsabgabe erm\u00f6glicht. Das Ger\u00e4t hat einen 3U-Formfaktor und eignet sich daher f\u00fcr die Rackmontage in verschiedenen Aufbauten. Es verf\u00fcgt \u00fcber eine Fernsteuerungsfunktion, die es dem Benutzer erm\u00f6glicht, das Netzteil bequem und flexibel aus der Ferne zu bedienen. Dank der Kombination aus hohen Spannungs- und Stromwerten eignet sich dieses Netzteil f\u00fcr anspruchsvolle Anwendungen, die eine stabile und zuverl\u00e4ssige Gleichstromversorgung erfordern. Seine Spezifikationen unterstreichen die F\u00e4higkeit, gro\u00dfe elektrische Lasten effizient zu bew\u00e4ltigen.<\/p>","protected":false},"excerpt":{"rendered":"<p>800V\/75A\/18kW DC-Netzteil, 3U<\/p>","protected":false},"featured_media":11253,"comment_status":"closed","ping_status":"closed","template":"","meta":{"_acf_changed":false,"slim_seo":{"title":"IT6018D-800-75 - YOTAVIS AG","description":"800V\/75A\/18kW DC-Netzteil, 3U"}},"product_brand":[822],"product_cat":[516,515],"product_tag":[],"class_list":{"0":"post-10598","1":"product","2":"type-product","3":"status-publish","4":"has-post-thumbnail","6":"product_brand-itech","7":"product_cat-dc-source-en","8":"product_cat-power-en","9":"pa_current-a-566","10":"pa_output-number-146","11":"pa_power-w-629","12":"pa_remote-control-yes","13":"pa_voltage-v-319","15":"first","16":"instock","17":"taxable","18":"shipping-taxable","19":"product-type-simple"},"acf":[],"_links":{"self":[{"href":"https:\/\/yotavis.ch\/de\/wp-json\/wp\/v2\/product\/10598","targetHints":{"allow":["GET"]}}],"collection":[{"href":"https:\/\/yotavis.ch\/de\/wp-json\/wp\/v2\/product"}],"about":[{"href":"https:\/\/yotavis.ch\/de\/wp-json\/wp\/v2\/types\/product"}],"replies":[{"embeddable":true,"href":"https:\/\/yotavis.ch\/de\/wp-json\/wp\/v2\/comments?post=10598"}],"wp:featuredmedia":[{"embeddable":true,"href":"https:\/\/yotavis.ch\/de\/wp-json\/wp\/v2\/media\/11253"}],"wp:attachment":[{"href":"https:\/\/yotavis.ch\/de\/wp-json\/wp\/v2\/media?parent=10598"}],"wp:term":[{"taxonomy":"product_brand","embeddable":true,"href":"https:\/\/yotavis.ch\/de\/wp-json\/wp\/v2\/product_brand?post=10598"},{"taxonomy":"product_cat","embeddable":true,"href":"https:\/\/yotavis.ch\/de\/wp-json\/wp\/v2\/product_cat?post=10598"},{"taxonomy":"product_tag","embeddable":true,"href":"https:\/\/yotavis.ch\/de\/wp-json\/wp\/v2\/product_tag?post=10598"}],"curies":[{"name":"wp","href":"https:\/\/api.w.org\/{rel}","templated":true}]}}