{"id":10599,"date":"2025-10-09T00:00:00","date_gmt":"2025-10-08T22:00:00","guid":{"rendered":"https:\/\/yotavis.ch\/product\/it6018d-800-75slave\/"},"modified":"2026-04-24T13:43:48","modified_gmt":"2026-04-24T11:43:48","slug":"it6018d-800-75slave","status":"publish","type":"product","link":"https:\/\/yotavis.ch\/de\/produkt\/it6018d-800-75slave\/","title":{"rendered":"IT6018D-800-75Slave"},"content":{"rendered":"<p>Das IT6018D-800-75Slave ist ein Gleichstromnetzteil mit einer Nennspannung von 800 V und einer Stromkapazit\u00e4t von 600 A, das eine Ausgangsleistung von 144.000 Watt liefert. Es verf\u00fcgt \u00fcber einen einzigen Ausgangskanal und ist in einem 3U-Formfaktor konzipiert. Dieses Modell unterst\u00fctzt die Fernsteuerungsfunktionalit\u00e4t und erm\u00f6glicht so den Betrieb und die Einstellung aus der Ferne. Das Netzger\u00e4t ist ein Markenprodukt von ITECH und tr\u00e4gt den Produktcode IT6018D-800-75Slave. Es ist als Slave-Ger\u00e4t konfiguriert, was bedeutet, dass es in der Regel in Verbindung mit anderen Ger\u00e4ten verwendet werden kann, um die Leistungsm\u00f6glichkeiten zu erweitern. Das Ger\u00e4t ist in der Lage, einen maximalen Strom von 600 A und eine Spannung von 800 V zu verarbeiten und eignet sich somit f\u00fcr Hochleistungsanwendungen. Aufgrund seines Designs und seiner Spezifikationen eignet es sich f\u00fcr die Integration in Systeme, die eine pr\u00e4zise und robuste DC-Stromversorgung erfordern.<\/p>","protected":false},"excerpt":{"rendered":"<p>800V\/75A\/18kW DC-Netzteil, 3U, SLAVE<\/p>","protected":false},"featured_media":12289,"comment_status":"closed","ping_status":"closed","template":"","meta":{"_acf_changed":false,"slim_seo":{"title":"IT6018D-800-75Slave - YOTAVIS AG","description":"800V\/75A\/18kW DC-Netzteil, 3U, SLAVE"}},"product_brand":[822],"product_cat":[516,515],"product_tag":[],"class_list":{"0":"post-10599","1":"product","2":"type-product","3":"status-publish","4":"has-post-thumbnail","6":"product_brand-itech","7":"product_cat-dc-source-en","8":"product_cat-power-en","9":"pa_current-a-0-25","10":"pa_output-number-146","11":"pa_power-w-945","12":"pa_remote-control-yes","13":"pa_voltage-v-319","15":"first","16":"instock","17":"taxable","18":"shipping-taxable","19":"product-type-simple"},"acf":[],"_links":{"self":[{"href":"https:\/\/yotavis.ch\/de\/wp-json\/wp\/v2\/product\/10599","targetHints":{"allow":["GET"]}}],"collection":[{"href":"https:\/\/yotavis.ch\/de\/wp-json\/wp\/v2\/product"}],"about":[{"href":"https:\/\/yotavis.ch\/de\/wp-json\/wp\/v2\/types\/product"}],"replies":[{"embeddable":true,"href":"https:\/\/yotavis.ch\/de\/wp-json\/wp\/v2\/comments?post=10599"}],"wp:featuredmedia":[{"embeddable":true,"href":"https:\/\/yotavis.ch\/de\/wp-json\/wp\/v2\/media\/12289"}],"wp:attachment":[{"href":"https:\/\/yotavis.ch\/de\/wp-json\/wp\/v2\/media?parent=10599"}],"wp:term":[{"taxonomy":"product_brand","embeddable":true,"href":"https:\/\/yotavis.ch\/de\/wp-json\/wp\/v2\/product_brand?post=10599"},{"taxonomy":"product_cat","embeddable":true,"href":"https:\/\/yotavis.ch\/de\/wp-json\/wp\/v2\/product_cat?post=10599"},{"taxonomy":"product_tag","embeddable":true,"href":"https:\/\/yotavis.ch\/de\/wp-json\/wp\/v2\/product_tag?post=10599"}],"curies":[{"name":"wp","href":"https:\/\/api.w.org\/{rel}","templated":true}]}}