{"id":10605,"date":"2025-10-09T00:00:00","date_gmt":"2025-10-08T22:00:00","guid":{"rendered":"https:\/\/yotavis.ch\/product\/it6018d-2250-20slave\/"},"modified":"2026-03-02T16:39:20","modified_gmt":"2026-03-02T15:39:20","slug":"it6018d-2250-20slave","status":"publish","type":"product","link":"https:\/\/yotavis.ch\/de\/produkt\/it6018d-2250-20slave\/","title":{"rendered":"IT6018D-2250-20Slave"},"content":{"rendered":"<p>Das ITECH IT6018D-2250-20Slave ist ein Stromversorgungsger\u00e4t, das als Gleichstromquelle konzipiert ist. Es verf\u00fcgt \u00fcber einen einzigen Ausgang und liefert bis zu 2250 Volt und 200 Ampere mit einer Leistung von 18.000 Watt. Das Ger\u00e4t verf\u00fcgt \u00fcber eine pr\u00e4zise Steuerung und eine stabile Ausgangsleistung, die f\u00fcr anspruchsvolle Anwendungen geeignet ist. Es eignet sich ideal f\u00fcr industrielle Pr\u00fcf- und Stromversorgungsaufgaben und unterst\u00fctzt eine breite Palette von Spannungs- und Stromanforderungen. Seine fortschrittlichen Funktionen gew\u00e4hrleisten eine zuverl\u00e4ssige Leistung und ein effizientes Energiemanagement in verschiedenen Betriebsumgebungen.<\/p>","protected":false},"excerpt":{"rendered":"<p>2250V\/20A\/18kW DC-Netzteil, 3U, SLAVE<\/p>","protected":false},"featured_media":12289,"comment_status":"closed","ping_status":"closed","template":"","meta":{"_acf_changed":false,"slim_seo":{"title":"IT6018D-2250-20Slave - YOTAVIS AG","description":"2250V\/20A\/18kW DC-Netzteil, 3U, SLAVE"}},"product_brand":[822],"product_cat":[516,515],"product_tag":[],"class_list":{"0":"post-10605","1":"product","2":"type-product","3":"status-publish","4":"has-post-thumbnail","6":"product_brand-itech","7":"product_cat-dc-source-en","8":"product_cat-power-en","9":"pa_current-a-480","10":"pa_output-number-146","11":"pa_power-w-629","12":"pa_voltage-v-948","14":"first","15":"instock","16":"taxable","17":"shipping-taxable","18":"product-type-simple"},"acf":[],"_links":{"self":[{"href":"https:\/\/yotavis.ch\/de\/wp-json\/wp\/v2\/product\/10605","targetHints":{"allow":["GET"]}}],"collection":[{"href":"https:\/\/yotavis.ch\/de\/wp-json\/wp\/v2\/product"}],"about":[{"href":"https:\/\/yotavis.ch\/de\/wp-json\/wp\/v2\/types\/product"}],"replies":[{"embeddable":true,"href":"https:\/\/yotavis.ch\/de\/wp-json\/wp\/v2\/comments?post=10605"}],"wp:featuredmedia":[{"embeddable":true,"href":"https:\/\/yotavis.ch\/de\/wp-json\/wp\/v2\/media\/12289"}],"wp:attachment":[{"href":"https:\/\/yotavis.ch\/de\/wp-json\/wp\/v2\/media?parent=10605"}],"wp:term":[{"taxonomy":"product_brand","embeddable":true,"href":"https:\/\/yotavis.ch\/de\/wp-json\/wp\/v2\/product_brand?post=10605"},{"taxonomy":"product_cat","embeddable":true,"href":"https:\/\/yotavis.ch\/de\/wp-json\/wp\/v2\/product_cat?post=10605"},{"taxonomy":"product_tag","embeddable":true,"href":"https:\/\/yotavis.ch\/de\/wp-json\/wp\/v2\/product_tag?post=10605"}],"curies":[{"name":"wp","href":"https:\/\/api.w.org\/{rel}","templated":true}]}}