{"id":10609,"date":"2025-10-09T00:00:00","date_gmt":"2025-10-08T22:00:00","guid":{"rendered":"https:\/\/yotavis.ch\/product\/it6010c-80-240\/"},"modified":"2026-03-02T16:39:20","modified_gmt":"2026-03-02T15:39:20","slug":"it6010c-80-240","status":"publish","type":"product","link":"https:\/\/yotavis.ch\/de\/produkt\/it6010c-80-240\/","title":{"rendered":"IT6010C-80-240"},"content":{"rendered":"<p>Das ITECH IT6010C-80-240 ist ein Stromversorgungsger\u00e4t, das f\u00fcr DC-2-Quadranten-Anwendungen entwickelt wurde. Es verf\u00fcgt \u00fcber einen einzigen Ausgang und liefert bis zu 80 Volt und 240 Ampere mit einer Leistungskapazit\u00e4t von 10.000 Watt. Das Ger\u00e4t verf\u00fcgt \u00fcber pr\u00e4zise Steuerungsfunktionen, die sich f\u00fcr Test- und Entwicklungsumgebungen eignen. Es ist ideal f\u00fcr Szenarien, die einen bidirektionalen Stromfluss erfordern, da es sowohl die Stromaufnahme als auch die Stromabgabe unterst\u00fctzt. Seine fortschrittlichen Funktionen gew\u00e4hrleisten eine zuverl\u00e4ssige Leistung bei komplexen Power-Management-Aufgaben.<\/p>","protected":false},"excerpt":{"rendered":"<p>80V\/240A\/10kW Bidirektionales DC-Netzteil, 3U<\/p>","protected":false},"featured_media":11257,"comment_status":"closed","ping_status":"closed","template":"","meta":{"_acf_changed":false,"slim_seo":{"title":"IT6010C-80-240 - YOTAVIS AG","description":"80V\/240A\/10kW Bidirektionales DC-Netzteil, 3U"}},"product_brand":[822],"product_cat":[546,515],"product_tag":[],"class_list":{"0":"post-10609","1":"product","2":"type-product","3":"status-publish","4":"has-post-thumbnail","6":"product_brand-itech","7":"product_cat-dc-2-quadrants-en","8":"product_cat-power-en","9":"pa_current-a-634","10":"pa_output-number-146","11":"pa_power-w-940","12":"pa_voltage-v-155","14":"first","15":"instock","16":"taxable","17":"shipping-taxable","18":"product-type-simple"},"acf":[],"_links":{"self":[{"href":"https:\/\/yotavis.ch\/de\/wp-json\/wp\/v2\/product\/10609","targetHints":{"allow":["GET"]}}],"collection":[{"href":"https:\/\/yotavis.ch\/de\/wp-json\/wp\/v2\/product"}],"about":[{"href":"https:\/\/yotavis.ch\/de\/wp-json\/wp\/v2\/types\/product"}],"replies":[{"embeddable":true,"href":"https:\/\/yotavis.ch\/de\/wp-json\/wp\/v2\/comments?post=10609"}],"wp:featuredmedia":[{"embeddable":true,"href":"https:\/\/yotavis.ch\/de\/wp-json\/wp\/v2\/media\/11257"}],"wp:attachment":[{"href":"https:\/\/yotavis.ch\/de\/wp-json\/wp\/v2\/media?parent=10609"}],"wp:term":[{"taxonomy":"product_brand","embeddable":true,"href":"https:\/\/yotavis.ch\/de\/wp-json\/wp\/v2\/product_brand?post=10609"},{"taxonomy":"product_cat","embeddable":true,"href":"https:\/\/yotavis.ch\/de\/wp-json\/wp\/v2\/product_cat?post=10609"},{"taxonomy":"product_tag","embeddable":true,"href":"https:\/\/yotavis.ch\/de\/wp-json\/wp\/v2\/product_tag?post=10609"}],"curies":[{"name":"wp","href":"https:\/\/api.w.org\/{rel}","templated":true}]}}