{"id":10610,"date":"2025-10-09T00:00:00","date_gmt":"2025-10-08T22:00:00","guid":{"rendered":"https:\/\/yotavis.ch\/product\/it6015c-80-360\/"},"modified":"2026-03-02T16:39:13","modified_gmt":"2026-03-02T15:39:13","slug":"it6015c-80-360","status":"publish","type":"product","link":"https:\/\/yotavis.ch\/de\/produkt\/it6015c-80-360\/","title":{"rendered":"IT6015C-80-360"},"content":{"rendered":"<p>Das ITECH IT6015C-80-360 ist ein Leistungsger\u00e4t, das f\u00fcr DC-2-Quadranten-Anwendungen entwickelt wurde. Es verf\u00fcgt \u00fcber einen einzigen Ausgang und liefert eine Leistung von bis zu 15.000 Watt bei einer Spannung von 80 Volt und einer Stromst\u00e4rke von 360 Ampere. Das Ger\u00e4t verf\u00fcgt \u00fcber fortschrittliche Steuerungsfunktionen zur effizienten Steuerung des Stromflusses in beide Richtungen. Es eignet sich ideal f\u00fcr Test- und Simulationsaufgaben, die eine pr\u00e4zise Leistungsregelung erfordern, und unterst\u00fctzt den dynamischen Betrieb innerhalb seiner spezifizierten elektrischen Parameter. Seine fortschrittlichen Funktionen gew\u00e4hrleisten eine zuverl\u00e4ssige Leistung in anspruchsvollen Umgebungen, in denen eine pr\u00e4zise Stromzufuhr unerl\u00e4sslich ist.<\/p>","protected":false},"excerpt":{"rendered":"<p>80V\/360A\/15kW Bidirektionales DC-Netzteil, 3U<\/p>","protected":false},"featured_media":11257,"comment_status":"closed","ping_status":"closed","template":"","meta":{"_acf_changed":false,"slim_seo":{"title":"IT6015C-80-360 - YOTAVIS AG","description":"80V\/360A\/15kW Bidirektionales DC-Netzteil, 3U"}},"product_brand":[822],"product_cat":[546,515],"product_tag":[],"class_list":{"0":"post-10610","1":"product","2":"type-product","3":"status-publish","4":"has-post-thumbnail","6":"product_brand-itech","7":"product_cat-dc-2-quadrants-en","8":"product_cat-power-en","9":"pa_current-a-638","10":"pa_output-number-146","11":"pa_power-w-941","12":"pa_voltage-v-155","14":"first","15":"instock","16":"taxable","17":"shipping-taxable","18":"product-type-simple"},"acf":[],"_links":{"self":[{"href":"https:\/\/yotavis.ch\/de\/wp-json\/wp\/v2\/product\/10610","targetHints":{"allow":["GET"]}}],"collection":[{"href":"https:\/\/yotavis.ch\/de\/wp-json\/wp\/v2\/product"}],"about":[{"href":"https:\/\/yotavis.ch\/de\/wp-json\/wp\/v2\/types\/product"}],"replies":[{"embeddable":true,"href":"https:\/\/yotavis.ch\/de\/wp-json\/wp\/v2\/comments?post=10610"}],"wp:featuredmedia":[{"embeddable":true,"href":"https:\/\/yotavis.ch\/de\/wp-json\/wp\/v2\/media\/11257"}],"wp:attachment":[{"href":"https:\/\/yotavis.ch\/de\/wp-json\/wp\/v2\/media?parent=10610"}],"wp:term":[{"taxonomy":"product_brand","embeddable":true,"href":"https:\/\/yotavis.ch\/de\/wp-json\/wp\/v2\/product_brand?post=10610"},{"taxonomy":"product_cat","embeddable":true,"href":"https:\/\/yotavis.ch\/de\/wp-json\/wp\/v2\/product_cat?post=10610"},{"taxonomy":"product_tag","embeddable":true,"href":"https:\/\/yotavis.ch\/de\/wp-json\/wp\/v2\/product_tag?post=10610"}],"curies":[{"name":"wp","href":"https:\/\/api.w.org\/{rel}","templated":true}]}}